{"id":1145,"date":"2024-02-26T18:11:20","date_gmt":"2024-02-26T18:11:20","guid":{"rendered":"https:\/\/finragdolls.net.wp2.kotisivut.com\/wordpress\/?page_id=1145"},"modified":"2024-09-25T16:23:39","modified_gmt":"2024-09-25T16:23:39","slug":"lisaa-siitosuros","status":"publish","type":"page","link":"https:\/\/finragdolls.net\/index.php\/kasvatus\/kasvattajainfo-ja-tiedotteet\/lisaa-siitosuros\/","title":{"rendered":"Ilmoita siitosuros listalle"},"content":{"rendered":"\n<h2 class=\"wp-block-heading\">Ilmoita siitosuros listalle<\/h2>\n\n\n\n<p>Tietoja voi my\u00f6hemmin p\u00e4ivitt\u00e4\u00e4 joko t\u00e4ytt\u00e4m\u00e4ll\u00e4 lomakkeen uudelleen tai s\u00e4hk\u00f6postilla os. webmaster@finragdolls.net.<\/p>\n\n\n\n<div class=\"forminator-guttenberg\"><div class=\"forminator-ui forminator-custom-form forminator-custom-form-1332 forminator-design--default  forminator_ajax\" data-forminator-render=\"0\" data-form=\"forminator-module-1332\" data-uid=\"69e4b6fc1bc12\"><br\/><\/div><form\n\t\t\t\tid=\"forminator-module-1332\"\n\t\t\t\tclass=\"forminator-ui forminator-custom-form forminator-custom-form-1332 forminator-design--default  forminator_ajax\"\n\t\t\t\tmethod=\"post\"\n\t\t\t\tdata-forminator-render=\"0\"\n\t\t\t\tdata-form-id=\"1332\"\n\t\t\t\tenctype=\"multipart\/form-data\" data-color-option=\"default\" data-design=\"default\" data-grid=\"open\" style=\"display: none;\"\n\t\t\t\tdata-uid=\"69e4b6fc1bc12\"\n\t\t\t><div role=\"alert\" aria-live=\"polite\" class=\"forminator-response-message forminator-error\" aria-hidden=\"true\"><\/div><div class=\"forminator-row\"><div id=\"name-1\" class=\"forminator-field-name forminator-col forminator-col-12 \"><div class=\"forminator-field\"><label for=\"forminator-field-name-1_69e4b6fc1bc12\" id=\"forminator-field-name-1_69e4b6fc1bc12-label\" class=\"forminator-label\">Uroksen virallinen nimi titteleineen <span class=\"forminator-required\">*<\/span><\/label><input type=\"text\" name=\"name-1\" value=\"\" placeholder=\"\" id=\"forminator-field-name-1_69e4b6fc1bc12\" class=\"forminator-input forminator-name--field\" aria-required=\"true\" autocomplete=\"name\" \/><\/div><\/div><\/div><div class=\"forminator-row\"><div id=\"date-1\" class=\"forminator-field-date forminator-col forminator-col-6 \"><div class=\"forminator-field\"><label for=\"forminator-field-date-1-picker_69e4b6fc1bc12\" id=\"forminator-field-date-1-picker_69e4b6fc1bc12-label\" class=\"forminator-label\">Syntym\u00e4aika <span class=\"forminator-required\">*<\/span><\/label><div class=\"forminator-input-with-icon\"><span class=\"forminator-icon-calendar\" aria-hidden=\"true\"><\/span><input autocomplete=\"off\" type=\"text\" size=\"1\" name=\"date-1\" value=\"\" placeholder=\"\" id=\"forminator-field-date-1-picker_69e4b6fc1bc12\" class=\"forminator-input forminator-datepicker\" data-required=\"1\" data-format=\"dd.mm.yy\" data-restrict-type=\"\" data-restrict=\"\" data-start-year=\"1926\" data-end-year=\"2126\" data-past-dates=\"enable\" data-start-of-week=\"1\" data-start-date=\"\" data-end-date=\"\" data-start-field=\"\" data-end-field=\"\" data-start-offset=\"\" data-end-offset=\"\" data-disable-date=\"\" data-disable-range=\"\" \/><\/div><\/div><\/div><div id=\"name-5\" class=\"forminator-field-name forminator-col forminator-col-6 \"><div class=\"forminator-field\"><label for=\"forminator-field-name-5_69e4b6fc1bc12\" id=\"forminator-field-name-5_69e4b6fc1bc12-label\" class=\"forminator-label\">Kutsumanimi<\/label><input type=\"text\" name=\"name-5\" value=\"\" placeholder=\"\" id=\"forminator-field-name-5_69e4b6fc1bc12\" class=\"forminator-input forminator-name--field\" aria-required=\"false\" autocomplete=\"name\" \/><\/div><\/div><\/div><div class=\"forminator-row\"><div id=\"name-4\" class=\"forminator-field-name forminator-col forminator-col-6 \"><div class=\"forminator-field\"><label for=\"forminator-field-name-4_69e4b6fc1bc12\" id=\"forminator-field-name-4_69e4b6fc1bc12-label\" class=\"forminator-label\">Emon nimi ja EMS-koodi <span class=\"forminator-required\">*<\/span><\/label><input type=\"text\" name=\"name-4\" value=\"\" placeholder=\"\" id=\"forminator-field-name-4_69e4b6fc1bc12\" class=\"forminator-input forminator-name--field\" aria-required=\"true\" autocomplete=\"name\" \/><\/div><\/div><div id=\"text-1\" class=\"forminator-field-text forminator-col forminator-col-6 \"><div class=\"forminator-field\"><label for=\"forminator-field-text-1_69e4b6fc1bc12\" id=\"forminator-field-text-1_69e4b6fc1bc12-label\" class=\"forminator-label\">Is\u00e4n nimi ja EMS.koodi <span class=\"forminator-required\">*<\/span><\/label><input type=\"text\" name=\"text-1\" value=\"\" placeholder=\"\" id=\"forminator-field-text-1_69e4b6fc1bc12\" class=\"forminator-input forminator-name--field\" data-required=\"1\" \/><\/div><\/div><\/div><div class=\"forminator-row\"><div id=\"name-3\" class=\"forminator-field-name forminator-col forminator-col-6 \"><div class=\"forminator-field\"><label for=\"forminator-field-name-3_69e4b6fc1bc12\" id=\"forminator-field-name-3_69e4b6fc1bc12-label\" class=\"forminator-label\">Kasvattaja <span class=\"forminator-required\">*<\/span><\/label><input type=\"text\" name=\"name-3\" value=\"\" placeholder=\"\" id=\"forminator-field-name-3_69e4b6fc1bc12\" class=\"forminator-input forminator-name--field\" aria-required=\"true\" autocomplete=\"name\" \/><\/div><\/div><div id=\"name-2\" class=\"forminator-field-name forminator-col forminator-col-6 \"><div class=\"forminator-field\"><label for=\"forminator-field-name-2_69e4b6fc1bc12\" id=\"forminator-field-name-2_69e4b6fc1bc12-label\" class=\"forminator-label\">Omistaja <span class=\"forminator-required\">*<\/span><\/label><input type=\"text\" name=\"name-2\" value=\"\" placeholder=\"\" id=\"forminator-field-name-2_69e4b6fc1bc12\" class=\"forminator-input forminator-name--field\" aria-required=\"true\" autocomplete=\"name\" \/><\/div><\/div><\/div><div class=\"forminator-row\"><div id=\"text-4\" class=\"forminator-field-text forminator-col forminator-col-12 \"><div class=\"forminator-field\"><label for=\"forminator-field-text-4_69e4b6fc1bc12\" id=\"forminator-field-text-4_69e4b6fc1bc12-label\" class=\"forminator-label\">Paikkakunta<\/label><input type=\"text\" name=\"text-4\" value=\"\" placeholder=\"\" id=\"forminator-field-text-4_69e4b6fc1bc12\" class=\"forminator-input forminator-name--field\" data-required=\"\" \/><\/div><\/div><\/div><div class=\"forminator-row\"><div id=\"email-1\" class=\"forminator-field-email forminator-col forminator-col-6 \"><div class=\"forminator-field\"><label for=\"forminator-field-email-1_69e4b6fc1bc12\" id=\"forminator-field-email-1_69e4b6fc1bc12-label\" class=\"forminator-label\">Email Address <span class=\"forminator-required\">*<\/span><\/label><input type=\"email\" name=\"email-1\" value=\"\" placeholder=\"\" id=\"forminator-field-email-1_69e4b6fc1bc12\" class=\"forminator-input forminator-email--field\" data-required=\"1\" aria-required=\"true\" autocomplete=\"email\" \/><\/div><\/div><div id=\"phone-1\" class=\"forminator-field-phone forminator-col forminator-col-6 \"><div class=\"forminator-field\"><label for=\"forminator-field-phone-1_69e4b6fc1bc12\" id=\"forminator-field-phone-1_69e4b6fc1bc12-label\" class=\"forminator-label\">Puhelinnro<\/label><input type=\"text\" name=\"phone-1\" value=\"\" placeholder=\"\" id=\"forminator-field-phone-1_69e4b6fc1bc12\" class=\"forminator-input forminator-field--phone\" data-required=\"\" aria-required=\"false\" autocomplete=\"off\" \/><\/div><\/div><\/div><div class=\"forminator-row\"><div id=\"url-1\" class=\"forminator-field-url forminator-col forminator-col-12 \"><div class=\"forminator-field\"><label for=\"forminator-field-url-1_69e4b6fc1bc12\" id=\"forminator-field-url-1_69e4b6fc1bc12-label\" class=\"forminator-label\">Sukutaulu<\/label><input type=\"url\" name=\"url-1\" value=\"\" placeholder=\"https:\/\/...\" id=\"forminator-field-url-1_69e4b6fc1bc12\" class=\"forminator-input forminator-website--field\" data-required=\"\" aria-required=\"false\" aria-describedby=\"forminator-field-url-1_69e4b6fc1bc12-description\" \/><span id=\"forminator-field-url-1_69e4b6fc1bc12-description\" class=\"forminator-description\">Sukutaululinkki (Omakissa tai Pawpeds )<\/span><\/div><\/div><\/div><div class=\"forminator-row\"><div id=\"checkbox-1\" class=\"forminator-field-checkbox forminator-col forminator-col-12 \"><div role=\"group\" class=\"forminator-field\" aria-labelledby=\"forminator-checkbox-group-forminator-field-checkbox-1-69e4b6fc1bc12-label\"><span id=\"forminator-checkbox-group-forminator-field-checkbox-1-69e4b6fc1bc12-label\" class=\"forminator-label\">Terveystiedot<\/span><label id=\"forminator-field-checkbox-1-1-69e4b6fc1bc12-label\" for=\"forminator-field-checkbox-1-1-69e4b6fc1bc12\" class=\"forminator-checkbox\" title=\"HCM-dna OK\"><input type=\"checkbox\" name=\"checkbox-1[]\" value=\"one\" id=\"forminator-field-checkbox-1-1-69e4b6fc1bc12\" aria-labelledby=\"forminator-field-checkbox-1-1-69e4b6fc1bc12-label\" data-calculation=\"0\"   data-hidden-behavior=\"zero\"\/><span class=\"forminator-checkbox-box\" aria-hidden=\"true\"><\/span><span class=\"forminator-checkbox-label\">HCM-dna OK<\/span><\/label><label id=\"forminator-field-checkbox-1-2-69e4b6fc1bc12-label\" for=\"forminator-field-checkbox-1-2-69e4b6fc1bc12\" class=\"forminator-checkbox\" title=\"Jalostustestit OK (FIV,FeLV,veriryhm\u00e4)\"><input type=\"checkbox\" name=\"checkbox-1[]\" value=\"two\" id=\"forminator-field-checkbox-1-2-69e4b6fc1bc12\" aria-labelledby=\"forminator-field-checkbox-1-2-69e4b6fc1bc12-label\" data-calculation=\"0\"   data-hidden-behavior=\"zero\"\/><span class=\"forminator-checkbox-box\" aria-hidden=\"true\"><\/span><span class=\"forminator-checkbox-label\">Jalostustestit OK (FIV,FeLV,veriryhm\u00e4)<\/span><\/label><label id=\"forminator-field-checkbox-1-3-69e4b6fc1bc12-label\" for=\"forminator-field-checkbox-1-3-69e4b6fc1bc12\" class=\"forminator-checkbox\" title=\"Syd\u00e4n-U\u00c4 OK\"><input type=\"checkbox\" name=\"checkbox-1[]\" value=\"Syd\u00e4n-U\u00c4\" id=\"forminator-field-checkbox-1-3-69e4b6fc1bc12\" aria-labelledby=\"forminator-field-checkbox-1-3-69e4b6fc1bc12-label\" data-calculation=\"0\"   data-hidden-behavior=\"zero\"\/><span class=\"forminator-checkbox-box\" aria-hidden=\"true\"><\/span><span class=\"forminator-checkbox-label\">Syd\u00e4n-U\u00c4 OK<\/span><\/label><label id=\"forminator-field-checkbox-1-4-69e4b6fc1bc12-label\" for=\"forminator-field-checkbox-1-4-69e4b6fc1bc12\" class=\"forminator-checkbox\" title=\"Munuais-U\u00c4 OK\"><input type=\"checkbox\" name=\"checkbox-1[]\" value=\"Munuais--U\u00c4\" id=\"forminator-field-checkbox-1-4-69e4b6fc1bc12\" aria-labelledby=\"forminator-field-checkbox-1-4-69e4b6fc1bc12-label\" data-calculation=\"0\"   data-hidden-behavior=\"zero\"\/><span class=\"forminator-checkbox-box\" aria-hidden=\"true\"><\/span><span class=\"forminator-checkbox-label\">Munuais-U\u00c4 OK<\/span><\/label><label id=\"forminator-field-checkbox-1-5-69e4b6fc1bc12-label\" for=\"forminator-field-checkbox-1-5-69e4b6fc1bc12\" class=\"forminator-checkbox\" title=\"Sukutaulussa ei Patriarca Guccia\"><input type=\"checkbox\" name=\"checkbox-1[]\" value=\"Sukutaulussa-ei-Patriarca-Guccia\" id=\"forminator-field-checkbox-1-5-69e4b6fc1bc12\" aria-labelledby=\"forminator-field-checkbox-1-5-69e4b6fc1bc12-label\" data-calculation=\"0\"   data-hidden-behavior=\"zero\"\/><span class=\"forminator-checkbox-box\" aria-hidden=\"true\"><\/span><span class=\"forminator-checkbox-label\">Sukutaulussa ei Patriarca Guccia<\/span><\/label><\/div><\/div><\/div><div class=\"forminator-row\"><div id=\"text-2\" class=\"forminator-field-text forminator-col forminator-col-12 \"><div class=\"forminator-field\"><label for=\"forminator-field-text-2_69e4b6fc1bc12\" id=\"forminator-field-text-2_69e4b6fc1bc12-label\" class=\"forminator-label\">Siitosuroksen veriryhm\u00e4<\/label><input type=\"text\" name=\"text-2\" value=\"\" placeholder=\"\" id=\"forminator-field-text-2_69e4b6fc1bc12\" class=\"forminator-input forminator-name--field\" data-required=\"\" \/><\/div><\/div><\/div><div class=\"forminator-row\"><div id=\"text-3\" class=\"forminator-field-text forminator-col forminator-col-12 \"><div class=\"forminator-field\"><label for=\"forminator-field-text-3_69e4b6fc1bc12\" id=\"forminator-field-text-3_69e4b6fc1bc12-label\" class=\"forminator-label\">Lis\u00e4tietoja<\/label><input type=\"text\" name=\"text-3\" value=\"\" placeholder=\"\" id=\"forminator-field-text-3_69e4b6fc1bc12\" class=\"forminator-input forminator-name--field\" data-required=\"\" \/><\/div><\/div><\/div><div class=\"forminator-row\"><div id=\"upload-1\" class=\"forminator-field-upload forminator-col forminator-col-12 \"><div class=\"forminator-field\"><label for=\"forminator-field-upload-1_69e4b6fc1bc12\" id=\"forminator-field-upload-1_69e4b6fc1bc12-label\" class=\"forminator-label\">Lis\u00e4\u00e4 kuva<\/label><div class=\"forminator-file-upload \" data-element=\"upload-1_69e4b6fc1bc12\"><input type=\"file\" name=\"upload-1\" id=\"forminator-field-upload-1_69e4b6fc1bc12\" class=\"forminator-input-file\" accept=\".jpg,.jpeg,.jpe,.gif,.png,.bmp,.tiff,.tif,.webp,.ico,.heic,.asf,.asx,.wmv,.wmx,.wm,.avi,.divx,.flv,.mov,.qt,.mpeg,.mpg,.mpe,.mp4,.m4v,.ogv,.webm,.mkv,.3gp,.3gpp,.3g2,.3gp2,.txt,.asc,.c,.cc,.h,.srt,.csv,.tsv,.ics,.rtx,.vtt,.mp3,.m4a,.m4b,.aac,.ra,.ram,.wav,.ogg,.oga,.flac,.mid,.midi,.wma,.wax,.mka,.rtf,.pdf,.class,.tar,.zip,.gz,.gzip,.7z,.psd,.xcf,.doc,.pot,.pps,.ppt,.wri,.xla,.xls,.xlt,.xlw,.mdb,.mpp,.docx,.docm,.dotx,.dotm,.xlsx,.xlsm,.xlsb,.xltx,.xltm,.xlam,.pptx,.pptm,.ppsx,.ppsm,.potx,.potm,.ppam,.sldx,.sldm,.onetoc,.onetoc2,.onetmp,.onepkg,.oxps,.xps,.odt,.odp,.ods,.odg,.odc,.odb,.odf,.wp,.wpd,.key,.numbers,.pages\" tabindex=\"-1\"><button id=\"forminator-field-upload-1_69e4b6fc1bc12_button\" class=\"forminator-button forminator-button-upload\" data-id=\"forminator-field-upload-1_69e4b6fc1bc12\">Choose File<\/button><span data-empty-text=\"No file chosen\">No file chosen<\/span><button class=\"forminator-button-delete\" style=\"display: none;\"><i class=\"forminator-icon-close\" aria-hidden=\"true\"><\/i><span class=\"forminator-screen-reader-only\">Delete uploaded file<\/span><\/button><\/div><\/div><\/div><\/div><input type=\"hidden\" name=\"referer_url\" value=\"\" \/><div class=\"forminator-row forminator-row-last\"><div class=\"forminator-col\"><div class=\"forminator-field\"><button class=\"forminator-button forminator-button-submit\">L&auml;het&auml;<\/button><\/div><\/div><\/div><input type=\"hidden\" id=\"forminator_nonce\" name=\"forminator_nonce\" value=\"0d95a9f5cb\" \/><input type=\"hidden\" name=\"_wp_http_referer\" value=\"\/index.php\/wp-json\/wp\/v2\/pages\/1145\" \/><input type=\"hidden\" name=\"form_id\" value=\"1332\"><input type=\"hidden\" name=\"page_id\" value=\"1145\"><input type=\"hidden\" name=\"form_type\" value=\"default\"><input type=\"hidden\" name=\"current_url\" value=\"https:\/\/finragdolls.net\/index.php\/kasvatus\/kasvattajainfo-ja-tiedotteet\/lisaa-siitosuros\/\"><input type=\"hidden\" name=\"render_id\" value=\"0\"><input type=\"hidden\" name=\"action\" value=\"forminator_submit_form_custom-forms\"><\/form><\/div>\n\n\n\n<div class=\"wp-block-buttons is-layout-flex wp-block-buttons-is-layout-flex\">\n<div class=\"wp-block-button\"><a class=\"wp-block-button__link wp-element-button\" href=\"https:\/\/finragdolls.net\/index.php\/kasvatus\/kasvattajainfo-ja-tiedotteet\/\">Kasvattajainfo<\/a><\/div>\n<\/div>\n\n\n\n<p><\/p>\n","protected":false},"excerpt":{"rendered":"<p>Ilmoita siitosuros listalle Tietoja voi my\u00f6hemmin p\u00e4ivitt\u00e4\u00e4 joko t\u00e4ytt\u00e4m\u00e4ll\u00e4 lomakkeen uudelleen tai s\u00e4hk\u00f6postilla os. webmaster@finragdolls.net.<\/p>\n","protected":false},"author":1,"featured_media":0,"parent":635,"menu_order":0,"comment_status":"closed","ping_status":"closed","template":"","meta":{"site-sidebar-layout":"default","site-content-layout":"","ast-site-content-layout":"default","site-content-style":"default","site-sidebar-style":"default","ast-global-header-display":"","ast-banner-title-visibility":"","ast-main-header-display":"","ast-hfb-above-header-display":"","ast-hfb-below-header-display":"","ast-hfb-mobile-header-display":"","site-post-title":"","ast-breadcrumbs-content":"","ast-featured-img":"","footer-sml-layout":"","ast-disable-related-posts":"","theme-transparent-header-meta":"","adv-header-id-meta":"","stick-header-meta":"","header-above-stick-meta":"","header-main-stick-meta":"","header-below-stick-meta":"","astra-migrate-meta-layouts":"set","ast-page-background-enabled":"default","ast-page-background-meta":{"desktop":{"background-color":"var(--ast-global-color-4)","background-image":"","background-repeat":"repeat","background-position":"center center","background-size":"auto","background-attachment":"scroll","background-type":"","background-media":"","overlay-type":"","overlay-color":"","overlay-opacity":"","overlay-gradient":""},"tablet":{"background-color":"","background-image":"","background-repeat":"repeat","background-position":"center center","background-size":"auto","background-attachment":"scroll","background-type":"","background-media":"","overlay-type":"","overlay-color":"","overlay-opacity":"","overlay-gradient":""},"mobile":{"background-color":"","background-image":"","background-repeat":"repeat","background-position":"center center","background-size":"auto","background-attachment":"scroll","background-type":"","background-media":"","overlay-type":"","overlay-color":"","overlay-opacity":"","overlay-gradient":""}},"ast-content-background-meta":{"desktop":{"background-color":"var(--ast-global-color-5)","background-image":"","background-repeat":"repeat","background-position":"center center","background-size":"auto","background-attachment":"scroll","background-type":"","background-media":"","overlay-type":"","overlay-color":"","overlay-opacity":"","overlay-gradient":""},"tablet":{"background-color":"var(--ast-global-color-5)","background-image":"","background-repeat":"repeat","background-position":"center center","background-size":"auto","background-attachment":"scroll","background-type":"","background-media":"","overlay-type":"","overlay-color":"","overlay-opacity":"","overlay-gradient":""},"mobile":{"background-color":"var(--ast-global-color-5)","background-image":"","background-repeat":"repeat","background-position":"center center","background-size":"auto","background-attachment":"scroll","background-type":"","background-media":"","overlay-type":"","overlay-color":"","overlay-opacity":"","overlay-gradient":""}},"ngg_post_thumbnail":0,"footnotes":""},"class_list":["post-1145","page","type-page","status-publish","hentry"],"_links":{"self":[{"href":"https:\/\/finragdolls.net\/index.php\/wp-json\/wp\/v2\/pages\/1145","targetHints":{"allow":["GET"]}}],"collection":[{"href":"https:\/\/finragdolls.net\/index.php\/wp-json\/wp\/v2\/pages"}],"about":[{"href":"https:\/\/finragdolls.net\/index.php\/wp-json\/wp\/v2\/types\/page"}],"author":[{"embeddable":true,"href":"https:\/\/finragdolls.net\/index.php\/wp-json\/wp\/v2\/users\/1"}],"replies":[{"embeddable":true,"href":"https:\/\/finragdolls.net\/index.php\/wp-json\/wp\/v2\/comments?post=1145"}],"version-history":[{"count":8,"href":"https:\/\/finragdolls.net\/index.php\/wp-json\/wp\/v2\/pages\/1145\/revisions"}],"predecessor-version":[{"id":2128,"href":"https:\/\/finragdolls.net\/index.php\/wp-json\/wp\/v2\/pages\/1145\/revisions\/2128"}],"up":[{"embeddable":true,"href":"https:\/\/finragdolls.net\/index.php\/wp-json\/wp\/v2\/pages\/635"}],"wp:attachment":[{"href":"https:\/\/finragdolls.net\/index.php\/wp-json\/wp\/v2\/media?parent=1145"}],"curies":[{"name":"wp","href":"https:\/\/api.w.org\/{rel}","templated":true}]}}