{"id":122,"date":"2023-05-20T13:48:06","date_gmt":"2023-05-20T13:48:06","guid":{"rendered":"https:\/\/finragdolls.net.wp2.kotisivut.com\/wordpress\/?page_id=122"},"modified":"2024-03-19T21:56:09","modified_gmt":"2024-03-19T21:56:09","slug":"yhdistyksen-saannot","status":"publish","type":"page","link":"https:\/\/finragdolls.net\/index.php\/yhdistys-ja-jasenyys-2\/yhdistyksen-saannot\/","title":{"rendered":"Yhdistyksen s\u00e4\u00e4nn\u00f6t"},"content":{"rendered":"\n<h2 class=\"wp-block-heading\">Yhdistyksen s\u00e4\u00e4nn\u00f6t<\/h2>\n\n\n\n<p><a href=\"https:\/\/finragdolls.net.wp2.kotisivut.com\/wordpress\/wp-content\/uploads\/2024\/02\/Saannot-20221118-PRH-1.pdf\" data-type=\"attachment\" data-id=\"1048\"><strong>S\u00e4\u00e4nn\u00f6t pdf-tiedostona<\/strong><\/a><\/p>\n\n\n\n<div style=\"height:30px\" aria-hidden=\"true\" class=\"wp-block-spacer\"><\/div>\n\n\n\n<h5 class=\"wp-block-heading\"><strong>Voimassaolevat s\u00e4\u00e4nn\u00f6t: 18.11.2022 08:00:56<\/strong><\/h5>\n\n\n\n<p>1. Yhdistyksen nimi on Suomen Ragdoll-kissayhdistys ry. Kansainv\u00e4lisiss\u00e4 yhteyksiss\u00e4 voidaan yhdistyksest\u00e4 k\u00e4ytt\u00e4\u00e4 ep\u00e4virallista englanninkielist\u00e4 nime\u00e4 FINNISH RAGDOLL CAT CLUB. Kotikunta on Helsinki.<\/p>\n\n\n\n<p>2. Yhdistyksen tarkoituksena on toimia ragdoll kissojen arvostamisen ja paremman ymm\u00e4rt\u00e4misen hyv\u00e4ksi, valvoa ja ohjata rodunjalostustoimintaa, tutkia kissojen kasvatus- ja hoitokysymyksi\u00e4. P\u00e4\u00e4m\u00e4\u00e4r\u00e4\u00e4ns\u00e4 yhdistys pyrkii v\u00e4litt\u00e4m\u00e4ll\u00e4 pentuja, kissan\u00e4yttelyill\u00e4, julkaisutoiminnalla, esitelmill\u00e4, neuvonnalla sek\u00e4 muulla vastaavanlaisella toiminnalla. Yhdistyksell\u00e4 on oikeus hankkia ja omistaa toimintaansa varten tarpeellista kiinte\u00e4t\u00e4 ja irtainta omaisuutta. Toimintansa tukemiseksi yhdistys voi harjoittaa kahvila- ja ravintolaliikett\u00e4 sek\u00e4 j\u00e4rjest\u00e4\u00e4 myyj\u00e4isi\u00e4 ja vastaanottaa lahjoituksia ja testamenttilahjoituksia sek\u00e4 toimeenpanna asianomaisella luvalla ker\u00e4yksi\u00e4 ja arpajaisia.<\/p>\n\n\n\n<p>3. Yhdistys noudattaa Suomen Kissaliitto r.y.:n ja sen kautta Federation Internationale Felinen (F.I.F.E) kulloinkin voimassa olevia yleisi\u00e4 s\u00e4\u00e4nt\u00f6j\u00e4 ja rotum\u00e4\u00e4r\u00e4yksi\u00e4. Yhdistyksen j\u00e4seniksi p\u00e4\u00e4sev\u00e4t kaikki kissankasvatuksesta ja kissaty\u00f6n edist\u00e4misest\u00e4 kiinnostuneet henkil\u00f6t tai yhteis\u00f6t, joiden j\u00e4seniksi liittymisen hallitus vahvistaa.<\/p>\n\n\n\n<p>4. Yhdistyksen j\u00e4senet ovat varsinaisia, perhe-, ainais-, kannattaja- tai kunniaj\u00e4seni\u00e4. Perhej\u00e4seneksi voidaan hyv\u00e4ksy\u00e4 henkil\u00f6, jonka perheen joku muu j\u00e4sen on varsinainen tai ainaisj\u00e4sen. Alle 18-vuotiaalla j\u00e4senell\u00e4 ei ole \u00e4\u00e4nioikeutta. Kannattajaj\u00e4sen, joka voi olla my\u00f6s oikeuskelpoinen yhteis\u00f6, ei ole \u00e4\u00e4nioikeutettu. Varsinaiset ja perhe- sek\u00e4 kannattajaj\u00e4senet suorittavat vuosittain syyskokouksessa m\u00e4\u00e4r\u00e4tt\u00e4v\u00e4n j\u00e4senmaksun kunakin vuonna tammikuun 31. p\u00e4iv\u00e4\u00e4n menness\u00e4. J\u00e4senyys alkaa maksup\u00e4iv\u00e4st\u00e4. Ainaisj\u00e4senet suorittavat kymmenkertaisen varsinaisen j\u00e4senen j\u00e4senmaksun suuruisen kertamaksun. Kunniaj\u00e4seneksi voi yhdistyksen kokous hallituksen ehdotuksesta kutsua henkil\u00f6n, joka merkitt\u00e4v\u00e4ll\u00e4 tavalla tai pitk\u00e4aikaisella mallikelpoisella toiminnallaan on edist\u00e4nyt rotukissaty\u00f6t\u00e4. Ehdotus raukeaa, ellei 2\/3 l\u00e4sn\u00e4 olevista j\u00e4senist\u00e4 sit\u00e4 kannata. Kunniaj\u00e4senen ei tarvitse suorittaa j\u00e4senmaksua.<\/p>\n\n\n\n<p>5. Mik\u00e4li j\u00e4senmaksua ei ole suoritettu er\u00e4p\u00e4iv\u00e4\u00e4n menness\u00e4, on yhdistyksell\u00e4 oikeus katkaista j\u00e4senpalvelut t\u00e4llaiselta j\u00e4senelt\u00e4 1.3. alkaen. Jos j\u00e4sen ei maksa j\u00e4senmaksua kyseisen vuoden maaliskuun loppuun menness\u00e4, h\u00e4nen katsotaan eronneen yhdistyksest\u00e4. H\u00e4n voi p\u00e4\u00e4st\u00e4 j\u00e4seneksi hakemalla yhdistyksen j\u00e4senyytt\u00e4 uudelleen. Yhdistyksen kokous voi hallituksen esityksest\u00e4 erottaa j\u00e4senen, joka on toiminnallaan vahingoittanut yhdistyst\u00e4 tai on toiminut yhdistyksen tarkoitusperien vastaisesti. Ennen erottamisp\u00e4\u00e4t\u00f6st\u00e4 on j\u00e4sent\u00e4 kuultava. Erottaminen tapahtuu 2\/3 enemmist\u00f6ll\u00e4 annetuista \u00e4\u00e4nist\u00e4. Eronneella tai erotetulla ei ole oikeutta j\u00e4senmaksun takaisinsaamiseen. Kissaliiton kasvattajanimen ja\/tai siitosuroksen omistava j\u00e4sen voi halutessaan maksaa suuruudeltaan hallituksen m\u00e4\u00e4rittelem\u00e4n kasvattajan palvelumaksun, jolla saa kasvatukseen Sivu: 2(3) liittyv\u00e4t tiedotuspalvelut. Mik\u00e4li em. j\u00e4sen toimii vastoin allekirjoittamiaan kissankasvatukseen liittyvi\u00e4 sopimuksia, hallitus voi katkaista h\u00e4nelt\u00e4 kasvattajapalvelut. Palvelumaksua ei palauteta.<\/p>\n\n\n\n<p>6. Yhdistyksen asioita hoitaa ja sen toimintaa johtaa hallitus. Hallitukseen kuuluu puheenjohtaja, sek\u00e4 v\u00e4hint\u00e4\u00e4n 6 ja enint\u00e4\u00e4n 8 muuta j\u00e4sent\u00e4, jotka syyskokous valitsee kahdeksi kalenterivuodeksi kerrallaan. Hallitus valitsee keskuudestaan varapuheenjohtajan. Lis\u00e4ksi hallitus valitsee sihteerin ja rahastonhoitajan sek\u00e4 muita tarpeelliseksi katsottavia toimihenkil\u00f6it\u00e4 ja toimikuntia, jotka voidaan valita my\u00f6s hallituksen ulkopuolelta yhdistyksen j\u00e4senist\u00e4. Hallitus on p\u00e4\u00e4t\u00f6svaltainen kun puolet (1\/2) hallituksen j\u00e4senist\u00e4, joista yksi on puheenjohtaja tai varapuheenjohtaja, on l\u00e4sn\u00e4. P\u00e4\u00e4t\u00f6kset tehd\u00e4\u00e4n yksinkertaisella \u00e4\u00e4nten enemmist\u00f6ll\u00e4. \u00c4\u00e4nten menness\u00e4 tasan ratkaisee puheenjohtajan \u00e4\u00e4ni, mutta vaaleissa ratkaisee arpa.<\/p>\n\n\n\n<p>7. Yhdistyksen nimen kirjoittavat puheenjohtaja, varapuheenjohtaja, sihteeri ja rahastonhoitaja, kaksi yhdess\u00e4.<\/p>\n\n\n\n<p>8. Yhdistyksen p\u00e4\u00e4t\u00f6svalta kuuluu yhdistyksen kokoukselle.<\/p>\n\n\n\n<p>9. Yhdistyksen kev\u00e4tkokous pidet\u00e4\u00e4n huhtikuun loppuun menness\u00e4 kunakin kalenterivuonna. Kev\u00e4tkokouksessa k\u00e4sitell\u00e4\u00e4n seuraavat asiat: 1) Valitaan kokouksen puheenjohtaja ja sihteeri 2) Valitaan kaksi p\u00f6yt\u00e4kirjantarkastajaa ja \u00e4\u00e4ntenlaskijaa 3) Todetaan kokouksen laillisuus 4)Hyv\u00e4ksyt\u00e4\u00e4n yhdistyksen toimintakertomus 5) K\u00e4sitell\u00e4\u00e4n toiminnantarkastajien lausunto ja tilinp\u00e4\u00e4t\u00f6s 6) Vahvistetaan tilinp\u00e4\u00e4t\u00f6s ja p\u00e4\u00e4tet\u00e4\u00e4n tili- ja vastuuvapauden my\u00f6nt\u00e4misest\u00e4 hallitukselle ja muille tilivelvollisille 7) K\u00e4sitell\u00e4\u00e4n muut kokouskutsussa mainitut tai esille tulevat asiat Yhdistyksen syyskokous pidet\u00e4\u00e4n syys-marraskuun aikana ja siin\u00e4 k\u00e4sitell\u00e4\u00e4n seuraavat asiat: 1) Valitaan kokouksen puheenjohtaja ja sihteeri 2) Valitaan kaksi p\u00f6yt\u00e4kirjantarkastajaa ja \u00e4\u00e4ntenlaskijaa 3) Todetaan kokouksen laillisuus 4) Valitaan hallituksen puheenjohtaja sek\u00e4 hallituksen j\u00e4senet kohdan 6 mukaisesti 5) Valitaan 1-2 toiminnantarkastajaa ja varatoiminnantarkastaja 6) Hyv\u00e4ksyt\u00e4\u00e4n yhdistyksen tulo ja menoarvio sek\u00e4 toimintasuunnitelma 7) P\u00e4\u00e4tet\u00e4\u00e4n j\u00e4senmaksusta 8) P\u00e4\u00e4tet\u00e4\u00e4n yhdistyksen toimihenkil\u00f6ille maksettavista palkkioista 9) Valitaan yhdistyksen liittokokousedustajat 10) K\u00e4sitell\u00e4\u00e4n muut kokouskutsussa mainitut tai esille tulevat asiat<\/p>\n\n\n\n<p>10. Yhdistyksen tilikausi on kalenterivuosi. Tilit ja tarvittavat p\u00f6yt\u00e4kirjat on esitett\u00e4v\u00e4 hyviss\u00e4 ajoin tarkastusta varten yhdistyksen toiminnantarkastajille, joiden on palautettava ne Sivu: 3(3) lausuntoineen hallitukselle 2 viikkoa ennen kev\u00e4tkokousta.<\/p>\n\n\n\n<p>11. Kev\u00e4t- ja syyskokouksen lis\u00e4ksi voidaan pit\u00e4\u00e4 ylim\u00e4\u00e4r\u00e4isi\u00e4 kokouksia. Yhdistyksen kokoukset kutsuu koolle hallitus. Kokouskutsu julkaistaan yhdistyksen Facebook-sivulla, j\u00e4senlehdess\u00e4 ja\/tai kotisivulla viimeist\u00e4\u00e4n 2 viikkoa ennen kokousta. Hallituksen kokoukset kutsutaan koolle v\u00e4hint\u00e4\u00e4n 7 p\u00e4iv\u00e4\u00e4 ennen kokousta, ellei hallitus muusta kokouskutsuajasta sovi. Sek\u00e4 yhdistyksen, ett\u00e4 hallituksen kokouskutsussa on mainittava kokouksessa k\u00e4sitelt\u00e4v\u00e4t asiat.<\/p>\n\n\n\n<p>12. Asia, jonka j\u00e4sen haluaa esitt\u00e4\u00e4 hallituksen tai yhdistyksen kokouksen k\u00e4sitelt\u00e4v\u00e4ksi, on kirjallisesti ilmoitettava hallitukselle v\u00e4hint\u00e4\u00e4n 30 vuorokautta ennen yhdistyksen kokouksen tai v\u00e4hint\u00e4\u00e4n 7 vuorokautta ennen hallituksen kokousta. Muutoin asia siirtyy k\u00e4sitelt\u00e4v\u00e4ksi seuraavassa kokouksessa. Jokaisella 18 vuotta t\u00e4ytt\u00e4neell\u00e4 henkil\u00f6j\u00e4senell\u00e4 on yksi \u00e4\u00e4ni. Kaikki p\u00e4\u00e4t\u00f6kset tehd\u00e4\u00e4n ja vaalit toimitetaan avoimella \u00e4\u00e4nestyksell\u00e4, ellei \u00e4\u00e4nestyst\u00e4 suljetuin lipuin ole vaadittu ja sit\u00e4 ole kannattanut v\u00e4hint\u00e4\u00e4n 2 muuta j\u00e4sent\u00e4. Jos \u00e4\u00e4net menev\u00e4t tasan, ratkaisee puheenjohtajan \u00e4\u00e4ni, mutta vaaleissa ratkaisee arpa.<\/p>\n\n\n\n<p>13. Ylim\u00e4\u00e4r\u00e4inen kokous on kutsuttava koolle, kun hallitus katsoo sen tarpeelliseksi tai kun v\u00e4hint\u00e4\u00e4n yksi kymmenesosa yhdistyksen \u00e4\u00e4nioikeutetuista j\u00e4senist\u00e4 sit\u00e4 vaatii erityisesti ilmoitettua asiaa varten. Kokouksessa k\u00e4sitell\u00e4\u00e4n ne asiat, jotka kokouskutsussa mainitaan, ja kokous kutsutaan koolle, kuten kohdassa 11 mainitaan.<\/p>\n\n\n\n<p>14. N\u00e4ihin s\u00e4\u00e4nt\u00f6ihin voidaan tehd\u00e4 muutoksia, jos v\u00e4hint\u00e4\u00e4n 3\/4 yhdistyksen kokouksessa \u00e4\u00e4nestyksess\u00e4 annetuista \u00e4\u00e4nist\u00e4 niit\u00e4 kannattaa. P\u00e4\u00e4t\u00f6s yhdistyksen purkamisesta on teht\u00e4v\u00e4 samanlaisella m\u00e4\u00e4r\u00e4enemmist\u00f6ll\u00e4 ja vahvistettava v\u00e4hint\u00e4\u00e4n kolme kuukautta my\u00f6hemmin pidett\u00e4v\u00e4ss\u00e4 ao. tarkoitusta varten kokoon kutsutussa kokouksessa edelleen samanlaisella m\u00e4\u00e4r\u00e4enemmist\u00f6ll\u00e4.<\/p>\n\n\n\n<p>15. Purkamisp\u00e4\u00e4t\u00f6ksest\u00e4 on ilmoitettava Suomen Kissaliitto r.y.:lle. Jos yhdistys purkautuu on sen varat k\u00e4ytett\u00e4v\u00e4 yhdistyksen tarkoitusta palvelevan toiminnan hyv\u00e4ksi purkautumisen vahvistaneen kokouksen p\u00e4\u00e4t\u00f6ksen mukaan.<\/p>\n\n\n\n<p>16. Mik\u00e4li n\u00e4iss\u00e4 s\u00e4\u00e4nn\u00f6iss\u00e4 ei toisin m\u00e4\u00e4r\u00e4t\u00e4, yhdistyksen toiminnassa noudatetaan voimassaolevan yhdistyslain s\u00e4\u00e4nn\u00f6ksi\u00e4.<\/p>\n","protected":false},"excerpt":{"rendered":"<p>Yhdistyksen s\u00e4\u00e4nn\u00f6t S\u00e4\u00e4nn\u00f6t pdf-tiedostona Voimassaolevat s\u00e4\u00e4nn\u00f6t: 18.11.2022 08:00:56 1. Yhdistyksen nimi on Suomen Ragdoll-kissayhdistys ry. Kansainv\u00e4lisiss\u00e4 yhteyksiss\u00e4 voidaan yhdistyksest\u00e4 k\u00e4ytt\u00e4\u00e4 ep\u00e4virallista englanninkielist\u00e4 nime\u00e4 FINNISH RAGDOLL CAT CLUB. Kotikunta on Helsinki. 2. Yhdistyksen tarkoituksena on toimia ragdoll kissojen arvostamisen ja paremman ymm\u00e4rt\u00e4misen hyv\u00e4ksi, valvoa ja ohjata rodunjalostustoimintaa, tutkia kissojen kasvatus- ja hoitokysymyksi\u00e4. P\u00e4\u00e4m\u00e4\u00e4r\u00e4\u00e4ns\u00e4 yhdistys pyrkii v\u00e4litt\u00e4m\u00e4ll\u00e4 [&hellip;]<\/p>\n","protected":false},"author":2,"featured_media":0,"parent":596,"menu_order":0,"comment_status":"closed","ping_status":"closed","template":"","meta":{"site-sidebar-layout":"default","site-content-layout":"","ast-site-content-layout":"default","site-content-style":"default","site-sidebar-style":"default","ast-global-header-display":"","ast-banner-title-visibility":"","ast-main-header-display":"","ast-hfb-above-header-display":"","ast-hfb-below-header-display":"","ast-hfb-mobile-header-display":"","site-post-title":"","ast-breadcrumbs-content":"","ast-featured-img":"","footer-sml-layout":"","ast-disable-related-posts":"","theme-transparent-header-meta":"","adv-header-id-meta":"","stick-header-meta":"","header-above-stick-meta":"","header-main-stick-meta":"","header-below-stick-meta":"","astra-migrate-meta-layouts":"default","ast-page-background-enabled":"default","ast-page-background-meta":{"desktop":{"background-color":"var(--ast-global-color-4)","background-image":"","background-repeat":"repeat","background-position":"center center","background-size":"auto","background-attachment":"scroll","background-type":"","background-media":"","overlay-type":"","overlay-color":"","overlay-opacity":"","overlay-gradient":""},"tablet":{"background-color":"","background-image":"","background-repeat":"repeat","background-position":"center center","background-size":"auto","background-attachment":"scroll","background-type":"","background-media":"","overlay-type":"","overlay-color":"","overlay-opacity":"","overlay-gradient":""},"mobile":{"background-color":"","background-image":"","background-repeat":"repeat","background-position":"center center","background-size":"auto","background-attachment":"scroll","background-type":"","background-media":"","overlay-type":"","overlay-color":"","overlay-opacity":"","overlay-gradient":""}},"ast-content-background-meta":{"desktop":{"background-color":"var(--ast-global-color-5)","background-image":"","background-repeat":"repeat","background-position":"center center","background-size":"auto","background-attachment":"scroll","background-type":"","background-media":"","overlay-type":"","overlay-color":"","overlay-opacity":"","overlay-gradient":""},"tablet":{"background-color":"var(--ast-global-color-5)","background-image":"","background-repeat":"repeat","background-position":"center center","background-size":"auto","background-attachment":"scroll","background-type":"","background-media":"","overlay-type":"","overlay-color":"","overlay-opacity":"","overlay-gradient":""},"mobile":{"background-color":"var(--ast-global-color-5)","background-image":"","background-repeat":"repeat","background-position":"center center","background-size":"auto","background-attachment":"scroll","background-type":"","background-media":"","overlay-type":"","overlay-color":"","overlay-opacity":"","overlay-gradient":""}},"ngg_post_thumbnail":0,"footnotes":""},"class_list":["post-122","page","type-page","status-publish","hentry"],"_links":{"self":[{"href":"https:\/\/finragdolls.net\/index.php\/wp-json\/wp\/v2\/pages\/122","targetHints":{"allow":["GET"]}}],"collection":[{"href":"https:\/\/finragdolls.net\/index.php\/wp-json\/wp\/v2\/pages"}],"about":[{"href":"https:\/\/finragdolls.net\/index.php\/wp-json\/wp\/v2\/types\/page"}],"author":[{"embeddable":true,"href":"https:\/\/finragdolls.net\/index.php\/wp-json\/wp\/v2\/users\/2"}],"replies":[{"embeddable":true,"href":"https:\/\/finragdolls.net\/index.php\/wp-json\/wp\/v2\/comments?post=122"}],"version-history":[{"count":10,"href":"https:\/\/finragdolls.net\/index.php\/wp-json\/wp\/v2\/pages\/122\/revisions"}],"predecessor-version":[{"id":1447,"href":"https:\/\/finragdolls.net\/index.php\/wp-json\/wp\/v2\/pages\/122\/revisions\/1447"}],"up":[{"embeddable":true,"href":"https:\/\/finragdolls.net\/index.php\/wp-json\/wp\/v2\/pages\/596"}],"wp:attachment":[{"href":"https:\/\/finragdolls.net\/index.php\/wp-json\/wp\/v2\/media?parent=122"}],"curies":[{"name":"wp","href":"https:\/\/api.w.org\/{rel}","templated":true}]}}