{"id":1504,"date":"2024-03-25T15:43:48","date_gmt":"2024-03-25T15:43:48","guid":{"rendered":"https:\/\/finragdolls.net.wp2.kotisivut.com\/wordpress\/?page_id=1504"},"modified":"2025-09-03T18:44:33","modified_gmt":"2025-09-03T18:44:33","slug":"mita-ja-minne","status":"publish","type":"page","link":"https:\/\/finragdolls.net\/index.php\/mita-ja-minne\/","title":{"rendered":"Lomakkeita ja s\u00e4hk\u00f6postiosoitteita?"},"content":{"rendered":"\n<h2 class=\"wp-block-heading\">Lomakkeita ja s\u00e4hk\u00f6postiosoitteita<\/h2>\n\n\n\n<h5 class=\"wp-block-heading\">J\u00e4sen<\/h5>\n\n\n\n<p>J\u00e4senyyteen liittyv\u00e4t lomakkeet ja ohjeet l\u00f6ytyv\u00e4t <strong><a href=\"https:\/\/finragdolls.net\/index.php\/yhdistys-ja-jasenyys-2\/jasenedut\/liity-jaseneksi\/\" data-type=\"page\" data-id=\"486\">t\u00e4\u00e4lt\u00e4<\/a><\/strong><\/p>\n\n\n\n<ul class=\"wp-block-list\">\n<li>J\u00e4senanomus<\/li>\n\n\n\n<li>Kasvattajaj\u00e4senanomus<\/li>\n\n\n\n<li>Perhej\u00e4sen<\/li>\n\n\n\n<li>Kasvattajan maksama j\u00e4sen<\/li>\n<\/ul>\n\n\n\n<p>Ilmoita ruusukesihteerille kissasi valmistumisesta <a href=\"https:\/\/docs.google.com\/forms\/d\/e\/1FAIpQLScNmFjCGr8rc8YdNrEFtG2tNFKzThX_LPtycYqOu6UWULuNHQ\/viewform?usp=pp_url\" data-type=\"link\" data-id=\"https:\/\/docs.google.com\/forms\/d\/e\/1FAIpQLScNmFjCGr8rc8YdNrEFtG2tNFKzThX_LPtycYqOu6UWULuNHQ\/viewform?usp=pp_url\" target=\"_blank\" rel=\"noreferrer noopener\"><strong>valmistumislomakkeella<\/strong><\/a><\/p>\n\n\n\n<p>L\u00e4het\u00e4 lehteen materiaalia osoitteella  <a href=\"mailto:lehti@finragdolls.net\" target=\"_blank\" rel=\"noreferrer noopener\"><strong>lehti@finragdolls.net<\/strong><\/a> <\/p>\n\n\n\n<h5 class=\"wp-block-heading\">Kasvattaja<\/h5>\n\n\n\n<p>Kasvatukseen liittyv\u00e4t lomakkeet ja ohjeet l\u00f6ytyv\u00e4t<a href=\"https:\/\/finragdolls.net\/index.php\/kasvatus\/kasvattajainfo-ja-tiedotteet\/\" data-type=\"page\" data-id=\"635\"> <\/a><strong><a href=\"https:\/\/finragdolls.net\/index.php\/kasvatus\/kasvattajainfo-ja-tiedotteet\/\" data-type=\"page\" data-id=\"635\">t\u00e4\u00e4lt\u00e4<\/a><\/strong><\/p>\n\n\n\n<ul class=\"wp-block-list\">\n<li>Ilmoita siitosuros<\/li>\n\n\n\n<li>Ilmoita kotia etsiv\u00e4t pennut listalle<\/li>\n\n\n\n<li>Ilmoita kotia etsiv\u00e4 aikuinen listalle<\/li>\n\n\n\n<li>Ilmoita pennunostaja j\u00e4seneksi<\/li>\n<\/ul>\n\n\n\n<p>Esittelyn\u00e4yttely<br><a href=\"https:\/\/docs.google.com\/forms\/d\/e\/1FAIpQLSe-e6NIvZkeY5uX4rHyiAuC03pa5RRrHVVuCnBHv5lUR0giyw\/viewform?usp=sharing&amp;ouid=107940783995046262282\" data-type=\"link\" data-id=\"https:\/\/docs.google.com\/forms\/d\/e\/1FAIpQLSe-e6NIvZkeY5uX4rHyiAuC03pa5RRrHVVuCnBHv5lUR0giyw\/viewform?usp=sharing&amp;ouid=107940783995046262282\">Ilmoita kissa<\/a><\/p>\n","protected":false},"excerpt":{"rendered":"<p>Lomakkeita ja s\u00e4hk\u00f6postiosoitteita J\u00e4sen J\u00e4senyyteen liittyv\u00e4t lomakkeet ja ohjeet l\u00f6ytyv\u00e4t t\u00e4\u00e4lt\u00e4 Ilmoita ruusukesihteerille kissasi valmistumisesta valmistumislomakkeella L\u00e4het\u00e4 lehteen materiaalia osoitteella lehti@finragdolls.net Kasvattaja Kasvatukseen liittyv\u00e4t lomakkeet ja ohjeet l\u00f6ytyv\u00e4t t\u00e4\u00e4lt\u00e4 Esittelyn\u00e4yttelyIlmoita kissa<\/p>\n","protected":false},"author":1,"featured_media":0,"parent":0,"menu_order":0,"comment_status":"closed","ping_status":"closed","template":"","meta":{"site-sidebar-layout":"default","site-content-layout":"","ast-site-content-layout":"default","site-content-style":"default","site-sidebar-style":"default","ast-global-header-display":"","ast-banner-title-visibility":"","ast-main-header-display":"","ast-hfb-above-header-display":"","ast-hfb-below-header-display":"","ast-hfb-mobile-header-display":"","site-post-title":"","ast-breadcrumbs-content":"","ast-featured-img":"","footer-sml-layout":"","ast-disable-related-posts":"","theme-transparent-header-meta":"","adv-header-id-meta":"","stick-header-meta":"","header-above-stick-meta":"","header-main-stick-meta":"","header-below-stick-meta":"","astra-migrate-meta-layouts":"set","ast-page-background-enabled":"default","ast-page-background-meta":{"desktop":{"background-color":"var(--ast-global-color-4)","background-image":"","background-repeat":"repeat","background-position":"center center","background-size":"auto","background-attachment":"scroll","background-type":"","background-media":"","overlay-type":"","overlay-color":"","overlay-opacity":"","overlay-gradient":""},"tablet":{"background-color":"","background-image":"","background-repeat":"repeat","background-position":"center center","background-size":"auto","background-attachment":"scroll","background-type":"","background-media":"","overlay-type":"","overlay-color":"","overlay-opacity":"","overlay-gradient":""},"mobile":{"background-color":"","background-image":"","background-repeat":"repeat","background-position":"center center","background-size":"auto","background-attachment":"scroll","background-type":"","background-media":"","overlay-type":"","overlay-color":"","overlay-opacity":"","overlay-gradient":""}},"ast-content-background-meta":{"desktop":{"background-color":"var(--ast-global-color-5)","background-image":"","background-repeat":"repeat","background-position":"center center","background-size":"auto","background-attachment":"scroll","background-type":"","background-media":"","overlay-type":"","overlay-color":"","overlay-opacity":"","overlay-gradient":""},"tablet":{"background-color":"var(--ast-global-color-5)","background-image":"","background-repeat":"repeat","background-position":"center center","background-size":"auto","background-attachment":"scroll","background-type":"","background-media":"","overlay-type":"","overlay-color":"","overlay-opacity":"","overlay-gradient":""},"mobile":{"background-color":"var(--ast-global-color-5)","background-image":"","background-repeat":"repeat","background-position":"center center","background-size":"auto","background-attachment":"scroll","background-type":"","background-media":"","overlay-type":"","overlay-color":"","overlay-opacity":"","overlay-gradient":""}},"ngg_post_thumbnail":0,"footnotes":""},"class_list":["post-1504","page","type-page","status-publish","hentry"],"_links":{"self":[{"href":"https:\/\/finragdolls.net\/index.php\/wp-json\/wp\/v2\/pages\/1504","targetHints":{"allow":["GET"]}}],"collection":[{"href":"https:\/\/finragdolls.net\/index.php\/wp-json\/wp\/v2\/pages"}],"about":[{"href":"https:\/\/finragdolls.net\/index.php\/wp-json\/wp\/v2\/types\/page"}],"author":[{"embeddable":true,"href":"https:\/\/finragdolls.net\/index.php\/wp-json\/wp\/v2\/users\/1"}],"replies":[{"embeddable":true,"href":"https:\/\/finragdolls.net\/index.php\/wp-json\/wp\/v2\/comments?post=1504"}],"version-history":[{"count":11,"href":"https:\/\/finragdolls.net\/index.php\/wp-json\/wp\/v2\/pages\/1504\/revisions"}],"predecessor-version":[{"id":2679,"href":"https:\/\/finragdolls.net\/index.php\/wp-json\/wp\/v2\/pages\/1504\/revisions\/2679"}],"wp:attachment":[{"href":"https:\/\/finragdolls.net\/index.php\/wp-json\/wp\/v2\/media?parent=1504"}],"curies":[{"name":"wp","href":"https:\/\/api.w.org\/{rel}","templated":true}]}}