{"id":1562,"date":"2024-03-25T22:27:20","date_gmt":"2024-03-25T22:27:20","guid":{"rendered":"https:\/\/finragdolls.net.wp2.kotisivut.com\/wordpress\/?page_id=1562"},"modified":"2026-03-14T21:18:26","modified_gmt":"2026-03-14T21:18:26","slug":"jasenmaksuohje","status":"publish","type":"page","link":"https:\/\/finragdolls.net\/index.php\/jasenmaksuohje\/","title":{"rendered":"J\u00e4senmaksuohje*"},"content":{"rendered":"\n<h2 class=\"wp-block-heading\">J\u00e4senmaksuohje<\/h2>\n\n\n\n<p><strong>AIKA MAKSAA J\u00c4SENMAKSU 2026<\/strong><\/p>\n\n\n\n<p>Uusi vuosi alkaa \u2013 haluathan pysy\u00e4 j\u00e4senen\u00e4? Emme l\u00e4het\u00e4 laskuja jokaiselle j\u00e4senelle erikseen,<br>joten laita pikaisesti maksuun vuoden 2026 j\u00e4senmaksu alla olevan ohjeen mukaisesti.<br>T\u00e4m\u00e4 j\u00e4senmaksuohje l\u00e4hetet\u00e4\u00e4n viel\u00e4 vuoden alussa kaikille j\u00e4senille.<br><strong>Ilmoita, jos s\u00e4hk\u00f6postiosoitteesi on muuttunut.<\/strong><br>Varsinainen j\u00e4sen: 25,00 (paperilehti) tai 20\u20ac (pdf-lehti)<\/p>\n\n\n\n<p><strong><u>J\u00e4senmaksulaskun tiedot<\/u><\/strong><strong>:<br><br>Saajan tilinumero: <\/strong>FI87 8000 1270 1524 09<strong><br>Maksun Saaja:&nbsp; <\/strong>Suomen Ragdoll-kissayhdistys ry<strong><br>Viitenumero: <\/strong>j\u00e4sennumero lehden takakannesta osoitetietojen yl\u00e4puolelta<br>tai<strong><br>Viesti:&nbsp; <\/strong>j\u00e4senen nimi<\/p>\n\n\n\n<p><strong>Er\u00e4p\u00e4iv\u00e4: <\/strong>31.1.2026 <strong>Muista!<\/strong><\/p>\n\n\n\n<p><strong>Summa:<br><\/strong>Valitse vaihtoehdoista:<\/p>\n\n\n\n<p>1.<strong> Varsinainen j\u00e4sen:<\/strong> 25,00 (paperilehti) tai 20\u20ac (pdf-lehti)<br>2. <strong>Ainaisj\u00e4sen:<\/strong> 250,00 (paperilehti)<br>3. <strong>Ulkomainen j\u00e4sen<\/strong>: 22,00 (pdf-lehti)<br><br>N\u00e4iden&nbsp; lis\u00e4ksi voit tarvittaessa maksaa seuraavia maksuja, jotka lis\u00e4t\u00e4\u00e4n summaan:<br>A) <strong>Kasvatuksen palvelumaksu<\/strong>: 15,00 (vain kasvattajille ja siitosuroksen omistajille)<br>B) <strong>Perhej\u00e4senmaksu<\/strong>: 6,00 (ilmoita perheenj\u00e4senen nimi nettisivujen lomakkeella tai s\u00e4hk\u00f6postilla <a href=\"mailto:jasen@finragdolls.net\">jasen@finragdolls.net<\/a>)<\/p>\n\n\n\n<p>Jos olet <strong>ainaisj\u00e4sen tai toimihenkil\u00f6<\/strong>, voit maksaa pelk\u00e4n palvelumaksun j\u00e4senviitteell\u00e4.<\/p>\n\n\n\n<p>Jos sinulla on kysytt\u00e4v\u00e4\u00e4 (esim. viitenumero), ota yhteytt\u00e4 j\u00e4sensihteeriin <a href=\"mailto:jasen@finragdolls.net\">jasen@finragdolls.net<\/a>.<\/p>\n\n\n\n<p>Jos maksu ei ole saapunut <strong>31.1.2026<\/strong> menness\u00e4, maksusta l\u00e4hetet\u00e4\u00e4n <strong>yksi s\u00e4hk\u00f6inen muistutus.<\/strong> <strong>T\u00e4m\u00e4 saattaa menn\u00e4 roskapostiin joissakin postipalveluissa.<\/strong><\/p>\n\n\n\n<p>Jos maksua ei n\u00e4y tilill\u00e4mme <strong>30.3.2026<\/strong> menness\u00e4, katsotaan j\u00e4senyys yhdistyksen s\u00e4\u00e4nt\u00f6jen mukaisesti p\u00e4\u00e4ttyneeksi ja j\u00e4sentiedot poistetaan j\u00e4senrekisterist\u00e4. J\u00e4senyytt\u00e4 voi sen j\u00e4lkeen anoa uudelleen t\u00e4ytt\u00e4m\u00e4ll\u00e4 kotisivujen j\u00e4senlomakkeen.<\/p>\n\n\n\n<p>Huom! Alkuvuoden Ragdolls-lehti\u00e4 ei j\u00e4lkipostiteta my\u00f6hemmin yhdistykseen liittyneille.<br><br><strong><u>Muista ehdottomasti i<\/u><\/strong><strong><u>lmoittaa j\u00e4sensihteerille, jos s\u00e4hk\u00f6postiosoitteesi on muuttunut!<\/u><\/strong><\/p>\n\n\n\n<p><\/p>\n","protected":false},"excerpt":{"rendered":"<p>J\u00e4senmaksuohje AIKA MAKSAA J\u00c4SENMAKSU 2026 Uusi vuosi alkaa \u2013 haluathan pysy\u00e4 j\u00e4senen\u00e4? Emme l\u00e4het\u00e4 laskuja jokaiselle j\u00e4senelle erikseen,joten laita pikaisesti maksuun vuoden 2026 j\u00e4senmaksu alla olevan ohjeen mukaisesti.T\u00e4m\u00e4 j\u00e4senmaksuohje l\u00e4hetet\u00e4\u00e4n viel\u00e4 vuoden alussa kaikille j\u00e4senille.Ilmoita, jos s\u00e4hk\u00f6postiosoitteesi on muuttunut.Varsinainen j\u00e4sen: 25,00 (paperilehti) tai 20\u20ac (pdf-lehti) J\u00e4senmaksulaskun tiedot: Saajan tilinumero: FI87 8000 1270 1524 09Maksun Saaja:&nbsp; [&hellip;]<\/p>\n","protected":false},"author":1,"featured_media":0,"parent":0,"menu_order":0,"comment_status":"closed","ping_status":"closed","template":"","meta":{"site-sidebar-layout":"default","site-content-layout":"","ast-site-content-layout":"default","site-content-style":"default","site-sidebar-style":"default","ast-global-header-display":"","ast-banner-title-visibility":"","ast-main-header-display":"","ast-hfb-above-header-display":"","ast-hfb-below-header-display":"","ast-hfb-mobile-header-display":"","site-post-title":"","ast-breadcrumbs-content":"","ast-featured-img":"","footer-sml-layout":"","ast-disable-related-posts":"","theme-transparent-header-meta":"","adv-header-id-meta":"","stick-header-meta":"","header-above-stick-meta":"","header-main-stick-meta":"","header-below-stick-meta":"","astra-migrate-meta-layouts":"set","ast-page-background-enabled":"default","ast-page-background-meta":{"desktop":{"background-color":"var(--ast-global-color-4)","background-image":"","background-repeat":"repeat","background-position":"center center","background-size":"auto","background-attachment":"scroll","background-type":"","background-media":"","overlay-type":"","overlay-color":"","overlay-opacity":"","overlay-gradient":""},"tablet":{"background-color":"","background-image":"","background-repeat":"repeat","background-position":"center center","background-size":"auto","background-attachment":"scroll","background-type":"","background-media":"","overlay-type":"","overlay-color":"","overlay-opacity":"","overlay-gradient":""},"mobile":{"background-color":"","background-image":"","background-repeat":"repeat","background-position":"center center","background-size":"auto","background-attachment":"scroll","background-type":"","background-media":"","overlay-type":"","overlay-color":"","overlay-opacity":"","overlay-gradient":""}},"ast-content-background-meta":{"desktop":{"background-color":"var(--ast-global-color-5)","background-image":"","background-repeat":"repeat","background-position":"center center","background-size":"auto","background-attachment":"scroll","background-type":"","background-media":"","overlay-type":"","overlay-color":"","overlay-opacity":"","overlay-gradient":""},"tablet":{"background-color":"var(--ast-global-color-5)","background-image":"","background-repeat":"repeat","background-position":"center center","background-size":"auto","background-attachment":"scroll","background-type":"","background-media":"","overlay-type":"","overlay-color":"","overlay-opacity":"","overlay-gradient":""},"mobile":{"background-color":"var(--ast-global-color-5)","background-image":"","background-repeat":"repeat","background-position":"center center","background-size":"auto","background-attachment":"scroll","background-type":"","background-media":"","overlay-type":"","overlay-color":"","overlay-opacity":"","overlay-gradient":""}},"ngg_post_thumbnail":0,"footnotes":""},"class_list":["post-1562","page","type-page","status-publish","hentry"],"_links":{"self":[{"href":"https:\/\/finragdolls.net\/index.php\/wp-json\/wp\/v2\/pages\/1562","targetHints":{"allow":["GET"]}}],"collection":[{"href":"https:\/\/finragdolls.net\/index.php\/wp-json\/wp\/v2\/pages"}],"about":[{"href":"https:\/\/finragdolls.net\/index.php\/wp-json\/wp\/v2\/types\/page"}],"author":[{"embeddable":true,"href":"https:\/\/finragdolls.net\/index.php\/wp-json\/wp\/v2\/users\/1"}],"replies":[{"embeddable":true,"href":"https:\/\/finragdolls.net\/index.php\/wp-json\/wp\/v2\/comments?post=1562"}],"version-history":[{"count":8,"href":"https:\/\/finragdolls.net\/index.php\/wp-json\/wp\/v2\/pages\/1562\/revisions"}],"predecessor-version":[{"id":2970,"href":"https:\/\/finragdolls.net\/index.php\/wp-json\/wp\/v2\/pages\/1562\/revisions\/2970"}],"wp:attachment":[{"href":"https:\/\/finragdolls.net\/index.php\/wp-json\/wp\/v2\/media?parent=1562"}],"curies":[{"name":"wp","href":"https:\/\/api.w.org\/{rel}","templated":true}]}}