{"id":169,"date":"2023-05-24T11:52:30","date_gmt":"2023-05-24T11:52:30","guid":{"rendered":"https:\/\/finragdolls.net.wp2.kotisivut.com\/wordpress\/?page_id=169"},"modified":"2026-02-15T13:06:51","modified_gmt":"2026-02-15T13:06:51","slug":"etusivu","status":"publish","type":"page","link":"https:\/\/finragdolls.net\/","title":{"rendered":"Etusivu"},"content":{"rendered":"\n<h2 class=\"wp-block-heading\">Kuukauden kuva <\/h2>\n\n\n\n<div class=\"wp-block-columns is-layout-flex wp-container-core-columns-is-layout-28f84493 wp-block-columns-is-layout-flex\">\n<div class=\"wp-block-column is-layout-flow wp-block-column-is-layout-flow\" style=\"flex-basis:66.66%\">\n<figure class=\"wp-block-image size-full\"><img loading=\"lazy\" decoding=\"async\" width=\"1869\" height=\"1222\" src=\"https:\/\/finragdolls.net\/wp-content\/uploads\/2026\/02\/02-HELMIKUU-HSR-IMG_7104hsr222.jpg\" alt=\"\" class=\"wp-image-2883\" srcset=\"https:\/\/finragdolls.net\/wp-content\/uploads\/2026\/02\/02-HELMIKUU-HSR-IMG_7104hsr222.jpg 1869w, https:\/\/finragdolls.net\/wp-content\/uploads\/2026\/02\/02-HELMIKUU-HSR-IMG_7104hsr222-300x196.jpg 300w, https:\/\/finragdolls.net\/wp-content\/uploads\/2026\/02\/02-HELMIKUU-HSR-IMG_7104hsr222-1024x670.jpg 1024w, https:\/\/finragdolls.net\/wp-content\/uploads\/2026\/02\/02-HELMIKUU-HSR-IMG_7104hsr222-768x502.jpg 768w, https:\/\/finragdolls.net\/wp-content\/uploads\/2026\/02\/02-HELMIKUU-HSR-IMG_7104hsr222-1536x1004.jpg 1536w\" sizes=\"auto, (max-width: 1869px) 100vw, 1869px\" \/><figcaption class=\"wp-element-caption\">FI*HeartThrob\u2019s-pentue, RAG a 03&nbsp;21, RAG a 03, RAG a 03, kuva: Maarit Meril\u00e4<\/figcaption><\/figure>\n\n\n\n<p><strong><mark style=\"background-color:rgba(0, 0, 0, 0);color:#0693e3\" class=\"has-inline-color\">Onnea Vuodelle 2026<\/mark><\/strong><\/p>\n<\/div>\n\n\n\n<div class=\"wp-block-column is-layout-flow wp-block-column-is-layout-flow\" style=\"flex-basis:33.33%\">\n<div class=\"wp-block-buttons is-layout-flex wp-block-buttons-is-layout-flex\">\n<div class=\"wp-block-button\"><a class=\"wp-block-button__link wp-element-button\" href=\"https:\/\/www.facebook.com\/suomenragdollkissayhdistys\/\" target=\"_blank\" rel=\"noreferrer noopener\">Facebook<\/a><\/div>\n<\/div>\n\n\n\n<div class=\"wp-block-buttons is-layout-flex wp-block-buttons-is-layout-flex\">\n<div class=\"wp-block-button\"><a class=\"wp-block-button__link wp-element-button\" href=\"https:\/\/finragdolls.net\/index.php\/yhdistys-ja-jasenyys-2\/jasenedut\/liity-jaseneksi\/\">Liity j\u00e4seneksi<\/a><\/div>\n<\/div>\n\n\n\n<div class=\"wp-block-buttons is-layout-flex wp-block-buttons-is-layout-flex\">\n<div class=\"wp-block-button\"><a class=\"wp-block-button__link wp-element-button\" href=\"https:\/\/finragdolls.net\/index.php\/pentuinfo\/kotia-etsivat-pennut-ja-aikuiset\/\">Kotia etsiv\u00e4t pennut ja aikuiset<\/a><\/div>\n<\/div>\n\n\n\n\n\n<h4 class=\"wp-block-heading\">Tiedotteet <\/h4>\n\n\n\n<p><a href=\"https:\/\/finragdolls.net\/index.php\/yhdistys-ja-jasenyys-2\/vuoden-ragdoll\/\" data-type=\"page\" data-id=\"69\"><strong>Vuoden Ragdoll 2025 -kilpailun<\/strong><\/a> palkinnot jaetaan 8.3 2026 SUROKin n\u00e4yttelyss\u00e4,J\u00e4rvenp\u00e4\u00e4ss\u00e4.<\/p>\n\n\n\n<p><a href=\"https:\/\/finragdolls.net\/index.php\/yhdistys-ja-jasenyys-2\/vuoden-ragdoll\/\" data-type=\"page\" data-id=\"69\"><strong>Vuoden Ragdoll 2025 -kilpailun tulokset<\/strong> <strong>on julkaistu<\/strong>.<\/a> Onnittelemme palkintosijoille ylt\u00e4neit\u00e4  ja kiit\u00e4mme kaikkia osallistuneita.<\/p>\n\n\n\n<p><strong>YHDISTYKSEN J\u00c4SENMAKSUT 2026<\/strong><br>Vuosij\u00e4sen 25\u20ac (paperilehti), tai<br>20\u20ac (PDF-lehti s\u00e4hk\u00f6postiin)<br>Perhej\u00e4sen 6\u20ac (ei lehte\u00e4)<br>Ainaisj\u00e4sen 250\u20ac (paperilehti)<br>Kasvattajan maks. j\u00e4sen 10\u20ac (PDF-lehti s\u00e4hk\u00f6postiin)<br>Kasvatuksen palvelumaksu 15\u20ac<br>Members abroad fee 22\u20ac (PDF- lehti s\u00e4hk\u00f6postiin)<\/p>\n\n\n\n\n\n<h5 class=\"wp-block-heading\" style=\"text-transform:none\"><strong>Kysely Ragdolls-lehden sis\u00e4ll\u00f6st\u00e4<\/strong><\/h5>\n\n\n\n<p><u><a href=\"https:\/\/docs.google.com\/forms\/d\/e\/1FAIpQLSfy8VzWIKaQ6VcrIO93oV-QTSFtkUmWaSITnzWidZr1s_ep8g\/viewform?fbclid=IwAR1vuTeErTkpyOsohztAPRi2II0DyCaBJO_dJe5e-TnzKIiNiR02HKR_efw\" target=\"_blank\" rel=\"noreferrer noopener\">Vastauslomake<\/a><\/u><\/p>\n\n\n\n<h5 class=\"wp-block-heading has-vivid-red-color has-text-color has-link-color wp-elements-944d149f13891fefebdf36a06e0e9236\" style=\"text-transform:none\"><a href=\"https:\/\/finragdolls.net\/index.php\/pentuinfo\/tunnista-pentutehtailija\/\" data-type=\"page\" data-id=\"617\">\u00c4l\u00e4 tue pentutehtailua<\/a><\/h5>\n<\/div>\n<\/div>\n\n\n\n<p><\/p>\n","protected":false},"excerpt":{"rendered":"<p>Kuukauden kuva Onnea Vuodelle 2026 Tiedotteet Vuoden Ragdoll 2025 -kilpailun palkinnot jaetaan 8.3 2026 SUROKin n\u00e4yttelyss\u00e4,J\u00e4rvenp\u00e4\u00e4ss\u00e4. Vuoden Ragdoll 2025 -kilpailun tulokset on julkaistu. Onnittelemme palkintosijoille ylt\u00e4neit\u00e4 ja kiit\u00e4mme kaikkia osallistuneita. YHDISTYKSEN J\u00c4SENMAKSUT 2026Vuosij\u00e4sen 25\u20ac (paperilehti), tai20\u20ac (PDF-lehti s\u00e4hk\u00f6postiin)Perhej\u00e4sen 6\u20ac (ei lehte\u00e4)Ainaisj\u00e4sen 250\u20ac (paperilehti)Kasvattajan maks. j\u00e4sen 10\u20ac (PDF-lehti s\u00e4hk\u00f6postiin)Kasvatuksen palvelumaksu 15\u20acMembers abroad fee 22\u20ac (PDF- lehti [&hellip;]<\/p>\n","protected":false},"author":1,"featured_media":0,"parent":0,"menu_order":0,"comment_status":"closed","ping_status":"closed","template":"","meta":{"site-sidebar-layout":"default","site-content-layout":"","ast-site-content-layout":"default","site-content-style":"default","site-sidebar-style":"default","ast-global-header-display":"","ast-banner-title-visibility":"","ast-main-header-display":"","ast-hfb-above-header-display":"","ast-hfb-below-header-display":"","ast-hfb-mobile-header-display":"","site-post-title":"disabled","ast-breadcrumbs-content":"","ast-featured-img":"","footer-sml-layout":"","ast-disable-related-posts":"","theme-transparent-header-meta":"","adv-header-id-meta":"","stick-header-meta":"","header-above-stick-meta":"","header-main-stick-meta":"","header-below-stick-meta":"","astra-migrate-meta-layouts":"set","ast-page-background-enabled":"default","ast-page-background-meta":{"desktop":{"background-color":"var(--ast-global-color-4)","background-image":"","background-repeat":"repeat","background-position":"center center","background-size":"auto","background-attachment":"scroll","background-type":"","background-media":"","overlay-type":"","overlay-color":"","overlay-opacity":"","overlay-gradient":""},"tablet":{"background-color":"","background-image":"","background-repeat":"repeat","background-position":"center center","background-size":"auto","background-attachment":"scroll","background-type":"","background-media":"","overlay-type":"","overlay-color":"","overlay-opacity":"","overlay-gradient":""},"mobile":{"background-color":"","background-image":"","background-repeat":"repeat","background-position":"center center","background-size":"auto","background-attachment":"scroll","background-type":"","background-media":"","overlay-type":"","overlay-color":"","overlay-opacity":"","overlay-gradient":""}},"ast-content-background-meta":{"desktop":{"background-color":"var(--ast-global-color-5)","background-image":"","background-repeat":"repeat","background-position":"center center","background-size":"auto","background-attachment":"scroll","background-type":"","background-media":"","overlay-type":"","overlay-color":"","overlay-opacity":"","overlay-gradient":""},"tablet":{"background-color":"var(--ast-global-color-5)","background-image":"","background-repeat":"repeat","background-position":"center center","background-size":"auto","background-attachment":"scroll","background-type":"","background-media":"","overlay-type":"","overlay-color":"","overlay-opacity":"","overlay-gradient":""},"mobile":{"background-color":"var(--ast-global-color-5)","background-image":"","background-repeat":"repeat","background-position":"center center","background-size":"auto","background-attachment":"scroll","background-type":"","background-media":"","overlay-type":"","overlay-color":"","overlay-opacity":"","overlay-gradient":""}},"ngg_post_thumbnail":0,"footnotes":""},"class_list":["post-169","page","type-page","status-publish","hentry"],"_links":{"self":[{"href":"https:\/\/finragdolls.net\/index.php\/wp-json\/wp\/v2\/pages\/169","targetHints":{"allow":["GET"]}}],"collection":[{"href":"https:\/\/finragdolls.net\/index.php\/wp-json\/wp\/v2\/pages"}],"about":[{"href":"https:\/\/finragdolls.net\/index.php\/wp-json\/wp\/v2\/types\/page"}],"author":[{"embeddable":true,"href":"https:\/\/finragdolls.net\/index.php\/wp-json\/wp\/v2\/users\/1"}],"replies":[{"embeddable":true,"href":"https:\/\/finragdolls.net\/index.php\/wp-json\/wp\/v2\/comments?post=169"}],"version-history":[{"count":165,"href":"https:\/\/finragdolls.net\/index.php\/wp-json\/wp\/v2\/pages\/169\/revisions"}],"predecessor-version":[{"id":2913,"href":"https:\/\/finragdolls.net\/index.php\/wp-json\/wp\/v2\/pages\/169\/revisions\/2913"}],"wp:attachment":[{"href":"https:\/\/finragdolls.net\/index.php\/wp-json\/wp\/v2\/media?parent=169"}],"curies":[{"name":"wp","href":"https:\/\/api.w.org\/{rel}","templated":true}]}}