{"id":2015,"date":"2024-10-24T08:52:07","date_gmt":"2024-10-24T08:52:07","guid":{"rendered":"https:\/\/finragdolls.net\/?page_id=2015"},"modified":"2024-10-24T12:56:59","modified_gmt":"2024-10-24T12:56:59","slug":"ragdoll-kalenteri","status":"publish","type":"page","link":"https:\/\/finragdolls.net\/index.php\/ragdoll-kalenteri\/","title":{"rendered":"Ragdoll-kalenteri"},"content":{"rendered":"\n<p><strong>Ragdoll-sein\u00e4kalenteri 2025<\/strong><\/p>\n\n\n\n<p>Suosittu Ragdoll-sein\u00e4kalenteri on taas tekeill\u00e4. Kalenteriin tulee hienot kuvat, joissa ovat kissojen sek\u00e4 kuvaajien nimet.<\/p>\n\n\n\n<p>Kissojen tulee olla j\u00e4sentemme omistamia tai kasvattamia.&nbsp;<br>Haluaisimme saada j\u00e4senilt\u00e4mme korkeatasoista kuvamateriaalia.<br>Kuvan tulee olla digitaalinen, pakkaamaton tiedosto sek\u00e4 t\u00e4ytt\u00e4\u00e4 seuraavat vaatimukset:<\/p>\n\n\n\n<ul class=\"wp-block-list\">\n<li>Tiedostomuoto JPEG tai TIFF<\/li>\n\n\n\n<li>Mittasuhteiltaan A4 eli 14.1:1 ja <strong><u>vaakakuva<\/u><\/strong><\/li>\n\n\n\n<li>Riitt\u00e4v\u00e4n korkea resoluutio (300 dpi), kuvakoko v\u00e4hint\u00e4\u00e4n 2100&#215;1400 pikseli\u00e4<\/li>\n\n\n\n<li>Ei studiokuvia<\/li>\n\n\n\n<li>V\u00e4rikuva<\/li>\n\n\n\n<li>Ulkona otetuissa kuvissa tulee n\u00e4ky\u00e4 ragdollin olevan joko valjaissa, rattaissa tai h\u00e4kiss\u00e4 \/ aitauksessa.<\/li>\n\n\n\n<li>Parvekkeella otetuissa kuvissa tulee n\u00e4ky\u00e4 verkotus ja \/ tai lasitus<\/li>\n<\/ul>\n\n\n\n<p>\u00a0<br><strong><u>L\u00e4het\u00e4 kuvat osoitteeseen<\/u><\/strong> ragdollkuva@gmail.com <strong>30.10.2024 <\/strong>menness\u00e4<br><\/p>\n\n\n\n<ul class=\"wp-block-list\">\n<li>Nime\u00e4 viestisi <strong>KALENTERI 2025<\/strong><\/li>\n\n\n\n<li>L\u00e4het\u00e4 kuvat s\u00e4hk\u00f6postin liitetiedostona.<\/li>\n\n\n\n<li>Liit\u00e4 viestiisi kuvista seuraavat tiedot: kissojen viralliset nimet, EMS-koodit, omistaja ja kuvaaja<\/li>\n\n\n\n<li>pentuekuviin&nbsp;kasvattajanimi ja pentueen syntym\u00e4aika ja kuvaaja<\/li>\n<\/ul>\n\n\n\n<p>&nbsp;<br><strong>Huom.! Kerrothan viel\u00e4 viestiss\u00e4si, jos l\u00e4hett\u00e4m\u00e4\u00e4si kuvaa ei saa k\u00e4ytt\u00e4\u00e4 yhdistyksen muihin tarkoituksiin esim. lehteen.<\/strong>&nbsp;<br>Suomen Ragdoll-kissayhdistys ry.n hallitus suorittaa kuvavalinnat. Valintakriteereist\u00e4 t\u00e4rkeimm\u00e4t ovat kuvan laatu, visuaalinen ilme ja mahdollisesti my\u00f6s vuoden aikaan liittyv\u00e4 ajankohtaisuus.&nbsp;<br>Ilmoitamme lis\u00e4tietoja kalenterista ja sen valmistumisesta kotisivuilla ja yhdistyksen facebook-sivulla.<\/p>\n","protected":false},"excerpt":{"rendered":"<p>Ragdoll-sein\u00e4kalenteri 2025 Suosittu Ragdoll-sein\u00e4kalenteri on taas tekeill\u00e4. Kalenteriin tulee hienot kuvat, joissa ovat kissojen sek\u00e4 kuvaajien nimet. Kissojen tulee olla j\u00e4sentemme omistamia tai kasvattamia.&nbsp;Haluaisimme saada j\u00e4senilt\u00e4mme korkeatasoista kuvamateriaalia.Kuvan tulee olla digitaalinen, pakkaamaton tiedosto sek\u00e4 t\u00e4ytt\u00e4\u00e4 seuraavat vaatimukset: \u00a0L\u00e4het\u00e4 kuvat osoitteeseen ragdollkuva@gmail.com 30.10.2024 menness\u00e4 &nbsp;Huom.! Kerrothan viel\u00e4 viestiss\u00e4si, jos l\u00e4hett\u00e4m\u00e4\u00e4si kuvaa ei saa k\u00e4ytt\u00e4\u00e4 yhdistyksen muihin [&hellip;]<\/p>\n","protected":false},"author":1,"featured_media":0,"parent":0,"menu_order":0,"comment_status":"closed","ping_status":"closed","template":"","meta":{"site-sidebar-layout":"default","site-content-layout":"","ast-site-content-layout":"default","site-content-style":"default","site-sidebar-style":"default","ast-global-header-display":"","ast-banner-title-visibility":"","ast-main-header-display":"","ast-hfb-above-header-display":"","ast-hfb-below-header-display":"","ast-hfb-mobile-header-display":"","site-post-title":"","ast-breadcrumbs-content":"","ast-featured-img":"","footer-sml-layout":"","ast-disable-related-posts":"","theme-transparent-header-meta":"","adv-header-id-meta":"","stick-header-meta":"","header-above-stick-meta":"","header-main-stick-meta":"","header-below-stick-meta":"","astra-migrate-meta-layouts":"set","ast-page-background-enabled":"default","ast-page-background-meta":{"desktop":{"background-color":"var(--ast-global-color-4)","background-image":"","background-repeat":"repeat","background-position":"center center","background-size":"auto","background-attachment":"scroll","background-type":"","background-media":"","overlay-type":"","overlay-color":"","overlay-opacity":"","overlay-gradient":""},"tablet":{"background-color":"","background-image":"","background-repeat":"repeat","background-position":"center center","background-size":"auto","background-attachment":"scroll","background-type":"","background-media":"","overlay-type":"","overlay-color":"","overlay-opacity":"","overlay-gradient":""},"mobile":{"background-color":"","background-image":"","background-repeat":"repeat","background-position":"center center","background-size":"auto","background-attachment":"scroll","background-type":"","background-media":"","overlay-type":"","overlay-color":"","overlay-opacity":"","overlay-gradient":""}},"ast-content-background-meta":{"desktop":{"background-color":"var(--ast-global-color-5)","background-image":"","background-repeat":"repeat","background-position":"center center","background-size":"auto","background-attachment":"scroll","background-type":"","background-media":"","overlay-type":"","overlay-color":"","overlay-opacity":"","overlay-gradient":""},"tablet":{"background-color":"var(--ast-global-color-5)","background-image":"","background-repeat":"repeat","background-position":"center center","background-size":"auto","background-attachment":"scroll","background-type":"","background-media":"","overlay-type":"","overlay-color":"","overlay-opacity":"","overlay-gradient":""},"mobile":{"background-color":"var(--ast-global-color-5)","background-image":"","background-repeat":"repeat","background-position":"center center","background-size":"auto","background-attachment":"scroll","background-type":"","background-media":"","overlay-type":"","overlay-color":"","overlay-opacity":"","overlay-gradient":""}},"ngg_post_thumbnail":0,"footnotes":""},"class_list":["post-2015","page","type-page","status-publish","hentry"],"_links":{"self":[{"href":"https:\/\/finragdolls.net\/index.php\/wp-json\/wp\/v2\/pages\/2015","targetHints":{"allow":["GET"]}}],"collection":[{"href":"https:\/\/finragdolls.net\/index.php\/wp-json\/wp\/v2\/pages"}],"about":[{"href":"https:\/\/finragdolls.net\/index.php\/wp-json\/wp\/v2\/types\/page"}],"author":[{"embeddable":true,"href":"https:\/\/finragdolls.net\/index.php\/wp-json\/wp\/v2\/users\/1"}],"replies":[{"embeddable":true,"href":"https:\/\/finragdolls.net\/index.php\/wp-json\/wp\/v2\/comments?post=2015"}],"version-history":[{"count":2,"href":"https:\/\/finragdolls.net\/index.php\/wp-json\/wp\/v2\/pages\/2015\/revisions"}],"predecessor-version":[{"id":2021,"href":"https:\/\/finragdolls.net\/index.php\/wp-json\/wp\/v2\/pages\/2015\/revisions\/2021"}],"wp:attachment":[{"href":"https:\/\/finragdolls.net\/index.php\/wp-json\/wp\/v2\/media?parent=2015"}],"curies":[{"name":"wp","href":"https:\/\/api.w.org\/{rel}","templated":true}]}}