{"id":472,"date":"2023-10-13T18:54:18","date_gmt":"2023-10-13T18:54:18","guid":{"rendered":"https:\/\/finragdolls.net.wp2.kotisivut.com\/wordpress\/?page_id=472"},"modified":"2025-01-13T13:01:02","modified_gmt":"2025-01-13T13:01:02","slug":"toimihenkilot","status":"publish","type":"page","link":"https:\/\/finragdolls.net\/index.php\/yhdistys-ja-jasenyys-2\/toimihenkilot\/","title":{"rendered":"Toimihenkil\u00f6t"},"content":{"rendered":"\n<h2 class=\"wp-block-heading\">Toimihenkil\u00f6t 2025<\/h2>\n\n\n\n<p>(*=hallituksen ulkopuolelta)<\/p>\n\n\n\n<figure class=\"wp-block-table is-style-stripes\"><table class=\"has-ast-global-color-8-background-color has-background\"><tbody><tr><td><strong>Puheenjohtaja<\/strong> <\/td><td>Maija Stenman<br>\u200b<a href=\"mailto:pj@finragdolls.net\">pj@finragdolls.net<\/a><br>\u200b040 513 4011<\/td><\/tr><tr><td><strong>Varapuheenjohtaja <br>\u200bRahastonhoitaja<\/strong><\/td><td>Jaana Tuominen<br>\u200b<a href=\"mailto:kassa@finragdolls.net\">kassa@finragdolls.net<\/a><br>040 820 9411\u200b<\/td><\/tr><tr><td><strong>Sihteeri<\/strong> <\/td><td>Helena Pasila<br><a href=\"mailto:sihteeri@finragdolls.net\">sihteeri@finragdolls.net<\/a><\/td><\/tr><tr><td><strong>J\u00e4sensihteeri<\/strong> <\/td><td>Maarit Latva-Ranto <br><a href=\"mailto:jasen@finragdolls.net\">jasen@finragdolls.net<\/a><\/td><\/tr><tr><td><strong>Pentuneuvonta<\/strong><\/td><td>Maija Stenman (<a href=\"mailto:pennut@finragdolls.net\">pennut@finragdolls.net<\/a>)<br>\u200bHelena Pasila (040 779 4273\u200b)<\/td><\/tr><tr><td><strong>Ruusukesihteeri<\/strong> <\/td><td>Anne Hammar &amp; Jaana Tuominen<br><a href=\"mailto:ruusuke@finragdolls.net\">ruusuke@finragdolls.net<\/a><\/td><\/tr><tr><td><strong>J\u00e4sen<\/strong><\/td><td>Tuija Sorvari<\/td><\/tr><tr><td><strong>J\u00e4sen<\/strong><\/td><td>\u200bSoile Kalliom\u00e4ki<\/td><\/tr><tr><td><strong>J\u00e4sen<\/strong> <\/td><td>Mira Riepponen<\/td><\/tr><tr><td><strong>Lehtitoimikunta<\/strong> <\/td><td>Maija Stenman, Tuija Sorvari, Helena Pasila, Mira Riepponen, Soile Kalliom\u00e4ki ja Pia Fj\u00e4der(*),&nbsp;<br>taitto \/&nbsp;Mira Riepponen (Solveig Nordstr\u00f6m&nbsp;*)<br><a href=\"mailto:lehti@finragdolls.net\">lehti@finragdolls.net<\/a><\/td><\/tr><tr><td><strong>Webmaster<\/strong><\/td><td>Sirpa Heiskanen<br><a href=\"mailto:webmaster@finragdolls.net\">webmaster@finragdolls.net<\/a><\/td><\/tr><tr><td><strong>Liittokokousedustajat\u200b\u200b<\/strong><\/td><td>Helena Pasila, Maija Stenman<\/td><\/tr><tr><td><strong>Kasvatus- ja terveysasioiden yhteyshenkil\u00f6t <\/strong><\/td><td>Maija Stenman, Jaana T\u00e4htinen (*)<br><a href=\"mailto:terveys@finragdolls.net\">terveys@finragdolls.net<\/a><\/td><\/tr><tr><td><strong>\u200bPawPeds yhteyshenkil\u00f6<\/strong><\/td><td>Pia Fj\u00e4der (*)<br>\u200b<a href=\"mailto:ragdolls.pawpeds@gmail.com\">ragdolls.pawpeds@gmail.com<\/a><\/td><\/tr><tr><td><strong>Toiminnantarkastajat<\/strong> <\/td><td>Niina Kivi&nbsp;(*)&nbsp;<br>varatoiminnantarkastaja&nbsp;\u200bP\u00e4ivi K\u00e4h\u00f6 (*)<\/td><\/tr><\/tbody><\/table><figcaption class=\"wp-element-caption\">Hallitus kokoontuu maalis-, kes\u00e4-, elo- ja lokakuussa.<\/figcaption><\/figure>\n\n\n\n<p><\/p>\n","protected":false},"excerpt":{"rendered":"<p>Toimihenkil\u00f6t 2025 (*=hallituksen ulkopuolelta) Puheenjohtaja Maija Stenman\u200bpj@finragdolls.net\u200b040 513 4011 Varapuheenjohtaja \u200bRahastonhoitaja Jaana Tuominen\u200bkassa@finragdolls.net040 820 9411\u200b Sihteeri Helena Pasilasihteeri@finragdolls.net J\u00e4sensihteeri Maarit Latva-Ranto jasen@finragdolls.net Pentuneuvonta Maija Stenman (pennut@finragdolls.net)\u200bHelena Pasila (040 779 4273\u200b) Ruusukesihteeri Anne Hammar &amp; Jaana Tuominenruusuke@finragdolls.net J\u00e4sen Tuija Sorvari J\u00e4sen \u200bSoile Kalliom\u00e4ki J\u00e4sen Mira Riepponen Lehtitoimikunta Maija Stenman, Tuija Sorvari, Helena Pasila, Mira Riepponen, Soile [&hellip;]<\/p>\n","protected":false},"author":2,"featured_media":0,"parent":596,"menu_order":0,"comment_status":"closed","ping_status":"closed","template":"","meta":{"site-sidebar-layout":"default","site-content-layout":"","ast-site-content-layout":"default","site-content-style":"default","site-sidebar-style":"default","ast-global-header-display":"","ast-banner-title-visibility":"","ast-main-header-display":"","ast-hfb-above-header-display":"","ast-hfb-below-header-display":"","ast-hfb-mobile-header-display":"","site-post-title":"","ast-breadcrumbs-content":"","ast-featured-img":"","footer-sml-layout":"","ast-disable-related-posts":"","theme-transparent-header-meta":"","adv-header-id-meta":"","stick-header-meta":"","header-above-stick-meta":"","header-main-stick-meta":"","header-below-stick-meta":"","astra-migrate-meta-layouts":"set","ast-page-background-enabled":"default","ast-page-background-meta":{"desktop":{"background-color":"var(--ast-global-color-4)","background-image":"","background-repeat":"repeat","background-position":"center center","background-size":"auto","background-attachment":"scroll","background-type":"","background-media":"","overlay-type":"","overlay-color":"","overlay-opacity":"","overlay-gradient":""},"tablet":{"background-color":"","background-image":"","background-repeat":"repeat","background-position":"center center","background-size":"auto","background-attachment":"scroll","background-type":"","background-media":"","overlay-type":"","overlay-color":"","overlay-opacity":"","overlay-gradient":""},"mobile":{"background-color":"","background-image":"","background-repeat":"repeat","background-position":"center center","background-size":"auto","background-attachment":"scroll","background-type":"","background-media":"","overlay-type":"","overlay-color":"","overlay-opacity":"","overlay-gradient":""}},"ast-content-background-meta":{"desktop":{"background-color":"var(--ast-global-color-5)","background-image":"","background-repeat":"repeat","background-position":"center center","background-size":"auto","background-attachment":"scroll","background-type":"","background-media":"","overlay-type":"","overlay-color":"","overlay-opacity":"","overlay-gradient":""},"tablet":{"background-color":"var(--ast-global-color-5)","background-image":"","background-repeat":"repeat","background-position":"center center","background-size":"auto","background-attachment":"scroll","background-type":"","background-media":"","overlay-type":"","overlay-color":"","overlay-opacity":"","overlay-gradient":""},"mobile":{"background-color":"var(--ast-global-color-5)","background-image":"","background-repeat":"repeat","background-position":"center center","background-size":"auto","background-attachment":"scroll","background-type":"","background-media":"","overlay-type":"","overlay-color":"","overlay-opacity":"","overlay-gradient":""}},"ngg_post_thumbnail":0,"footnotes":""},"class_list":["post-472","page","type-page","status-publish","hentry"],"_links":{"self":[{"href":"https:\/\/finragdolls.net\/index.php\/wp-json\/wp\/v2\/pages\/472","targetHints":{"allow":["GET"]}}],"collection":[{"href":"https:\/\/finragdolls.net\/index.php\/wp-json\/wp\/v2\/pages"}],"about":[{"href":"https:\/\/finragdolls.net\/index.php\/wp-json\/wp\/v2\/types\/page"}],"author":[{"embeddable":true,"href":"https:\/\/finragdolls.net\/index.php\/wp-json\/wp\/v2\/users\/2"}],"replies":[{"embeddable":true,"href":"https:\/\/finragdolls.net\/index.php\/wp-json\/wp\/v2\/comments?post=472"}],"version-history":[{"count":18,"href":"https:\/\/finragdolls.net\/index.php\/wp-json\/wp\/v2\/pages\/472\/revisions"}],"predecessor-version":[{"id":2229,"href":"https:\/\/finragdolls.net\/index.php\/wp-json\/wp\/v2\/pages\/472\/revisions\/2229"}],"up":[{"embeddable":true,"href":"https:\/\/finragdolls.net\/index.php\/wp-json\/wp\/v2\/pages\/596"}],"wp:attachment":[{"href":"https:\/\/finragdolls.net\/index.php\/wp-json\/wp\/v2\/media?parent=472"}],"curies":[{"name":"wp","href":"https:\/\/api.w.org\/{rel}","templated":true}]}}