{"id":475,"date":"2023-10-13T18:54:38","date_gmt":"2023-10-13T18:54:38","guid":{"rendered":"https:\/\/finragdolls.net.wp2.kotisivut.com\/wordpress\/?page_id=475"},"modified":"2025-12-13T12:50:47","modified_gmt":"2025-12-13T12:50:47","slug":"tilitiedot-ja-jasenmaksut","status":"publish","type":"page","link":"https:\/\/finragdolls.net\/index.php\/yhdistys-ja-jasenyys-2\/tilitiedot-ja-jasenmaksut\/","title":{"rendered":"Tilitiedot ja j\u00e4senmaksut"},"content":{"rendered":"\n<h2 class=\"wp-block-heading\">Tilitiedot ja j\u00e4senmaksut<\/h2>\n\n\n\n<p><strong>J\u00e4senmaksut:<\/strong><br>YHDISTYKSEN J\u00c4SENMAKSUT 2026<br>Vuosij\u00e4sen 25\u20ac (paperilehti), tai<br>20\u20ac (PDF-lehti s\u00e4hk\u00f6postiin)<br>Perhej\u00e4sen 6\u20ac (ei lehte\u00e4)<br>Ainaisj\u00e4sen 250\u20ac (paperilehti)<br>Kasvattajan maks. j\u00e4sen 10\u20ac (PDF-lehti s\u00e4hk\u00f6postiin)<br>Kasvatuksen palvelumaksu 15\u20ac<br>Members abroad fee 22\u20ac (PDF- lehti s\u00e4hk\u00f6postiin)<br>\u200b<br>\u200b<strong>Yhdistyksen tilinro:<\/strong><br>FI8780001270152409<br>BIC\/SWIFT: DABAFIHH<br><br><\/p>\n\n\n\n<p>\u200b<strong>Viitenumerot:<\/strong><br>6868 Kasvattajan maksama j\u00e4sen<br>604707 Tukimaksut<br>4035 Rahastonhoitajan kanssa sovitut muut maksut<br>4048 Myyntip\u00f6yd\u00e4n tuotteet<br>4064 Mainokset, ilmoitukset<br><br><strong>Huom! <\/strong>Voimassa olevaa j\u00e4senyytt\u00e4 voi jatkaa maksamalla 2026-j\u00e4senmaksun ohjeen mukaisesti <strong><a href=\"https:\/\/finragdolls.net\/index.php\/jasenmaksuohje\/\" data-type=\"page\" data-id=\"1562\">J\u00c4SENMAKSUOHJE 2026<\/a><\/strong><br><strong>J\u00e4senmaksujen ym. maksujen viitenumeroita voi kysy\u00e4 j\u00e4sensihteerilt\u00e4 (jasen@finragdolls.net)<\/strong><\/p>\n\n\n\n<p><\/p>\n","protected":false},"excerpt":{"rendered":"<p>Tilitiedot ja j\u00e4senmaksut J\u00e4senmaksut:YHDISTYKSEN J\u00c4SENMAKSUT 2026Vuosij\u00e4sen 25\u20ac (paperilehti), tai20\u20ac (PDF-lehti s\u00e4hk\u00f6postiin)Perhej\u00e4sen 6\u20ac (ei lehte\u00e4)Ainaisj\u00e4sen 250\u20ac (paperilehti)Kasvattajan maks. j\u00e4sen 10\u20ac (PDF-lehti s\u00e4hk\u00f6postiin)Kasvatuksen palvelumaksu 15\u20acMembers abroad fee 22\u20ac (PDF- lehti s\u00e4hk\u00f6postiin)\u200b\u200bYhdistyksen tilinro:FI8780001270152409BIC\/SWIFT: DABAFIHH \u200bViitenumerot:6868 Kasvattajan maksama j\u00e4sen604707 Tukimaksut4035 Rahastonhoitajan kanssa sovitut muut maksut4048 Myyntip\u00f6yd\u00e4n tuotteet4064 Mainokset, ilmoitukset Huom! Voimassa olevaa j\u00e4senyytt\u00e4 voi jatkaa maksamalla 2026-j\u00e4senmaksun ohjeen mukaisesti [&hellip;]<\/p>\n","protected":false},"author":2,"featured_media":0,"parent":596,"menu_order":0,"comment_status":"closed","ping_status":"closed","template":"","meta":{"site-sidebar-layout":"default","site-content-layout":"","ast-site-content-layout":"default","site-content-style":"default","site-sidebar-style":"default","ast-global-header-display":"","ast-banner-title-visibility":"","ast-main-header-display":"","ast-hfb-above-header-display":"","ast-hfb-below-header-display":"","ast-hfb-mobile-header-display":"","site-post-title":"","ast-breadcrumbs-content":"","ast-featured-img":"","footer-sml-layout":"","ast-disable-related-posts":"","theme-transparent-header-meta":"","adv-header-id-meta":"","stick-header-meta":"","header-above-stick-meta":"","header-main-stick-meta":"","header-below-stick-meta":"","astra-migrate-meta-layouts":"set","ast-page-background-enabled":"default","ast-page-background-meta":{"desktop":{"background-color":"var(--ast-global-color-4)","background-image":"","background-repeat":"repeat","background-position":"center center","background-size":"auto","background-attachment":"scroll","background-type":"","background-media":"","overlay-type":"","overlay-color":"","overlay-opacity":"","overlay-gradient":""},"tablet":{"background-color":"","background-image":"","background-repeat":"repeat","background-position":"center center","background-size":"auto","background-attachment":"scroll","background-type":"","background-media":"","overlay-type":"","overlay-color":"","overlay-opacity":"","overlay-gradient":""},"mobile":{"background-color":"","background-image":"","background-repeat":"repeat","background-position":"center center","background-size":"auto","background-attachment":"scroll","background-type":"","background-media":"","overlay-type":"","overlay-color":"","overlay-opacity":"","overlay-gradient":""}},"ast-content-background-meta":{"desktop":{"background-color":"var(--ast-global-color-5)","background-image":"","background-repeat":"repeat","background-position":"center center","background-size":"auto","background-attachment":"scroll","background-type":"","background-media":"","overlay-type":"","overlay-color":"","overlay-opacity":"","overlay-gradient":""},"tablet":{"background-color":"var(--ast-global-color-5)","background-image":"","background-repeat":"repeat","background-position":"center center","background-size":"auto","background-attachment":"scroll","background-type":"","background-media":"","overlay-type":"","overlay-color":"","overlay-opacity":"","overlay-gradient":""},"mobile":{"background-color":"var(--ast-global-color-5)","background-image":"","background-repeat":"repeat","background-position":"center center","background-size":"auto","background-attachment":"scroll","background-type":"","background-media":"","overlay-type":"","overlay-color":"","overlay-opacity":"","overlay-gradient":""}},"ngg_post_thumbnail":0,"footnotes":""},"class_list":["post-475","page","type-page","status-publish","hentry"],"_links":{"self":[{"href":"https:\/\/finragdolls.net\/index.php\/wp-json\/wp\/v2\/pages\/475","targetHints":{"allow":["GET"]}}],"collection":[{"href":"https:\/\/finragdolls.net\/index.php\/wp-json\/wp\/v2\/pages"}],"about":[{"href":"https:\/\/finragdolls.net\/index.php\/wp-json\/wp\/v2\/types\/page"}],"author":[{"embeddable":true,"href":"https:\/\/finragdolls.net\/index.php\/wp-json\/wp\/v2\/users\/2"}],"replies":[{"embeddable":true,"href":"https:\/\/finragdolls.net\/index.php\/wp-json\/wp\/v2\/comments?post=475"}],"version-history":[{"count":12,"href":"https:\/\/finragdolls.net\/index.php\/wp-json\/wp\/v2\/pages\/475\/revisions"}],"predecessor-version":[{"id":2824,"href":"https:\/\/finragdolls.net\/index.php\/wp-json\/wp\/v2\/pages\/475\/revisions\/2824"}],"up":[{"embeddable":true,"href":"https:\/\/finragdolls.net\/index.php\/wp-json\/wp\/v2\/pages\/596"}],"wp:attachment":[{"href":"https:\/\/finragdolls.net\/index.php\/wp-json\/wp\/v2\/media?parent=475"}],"curies":[{"name":"wp","href":"https:\/\/api.w.org\/{rel}","templated":true}]}}