{"id":478,"date":"2023-10-13T18:54:53","date_gmt":"2023-10-13T18:54:53","guid":{"rendered":"https:\/\/finragdolls.net.wp2.kotisivut.com\/wordpress\/?page_id=478"},"modified":"2024-11-14T13:13:20","modified_gmt":"2024-11-14T13:13:20","slug":"jasenedut","status":"publish","type":"page","link":"https:\/\/finragdolls.net\/index.php\/yhdistys-ja-jasenyys-2\/jasenedut\/","title":{"rendered":"J\u00e4senedut"},"content":{"rendered":"\n<h2 class=\"wp-block-heading\">J\u00e4senedut<\/h2>\n\n\n\n<div class=\"inherit-container-width wp-block-group is-layout-constrained wp-container-core-group-is-layout-b6e7b98c wp-block-group-is-layout-constrained\" style=\"padding-right:0;padding-left:0\">\n<div class=\"wp-block-columns is-layout-flex wp-container-core-columns-is-layout-28f84493 wp-block-columns-is-layout-flex\">\n<div class=\"wp-block-column is-layout-flow wp-block-column-is-layout-flow\" style=\"flex-basis:66.66%\">\n<h5 class=\"wp-block-heading\">Kaikki j\u00e4senet<\/h5>\n\n\n\n<ul class=\"wp-block-list\">\n<li>Ragdolls-j\u00e4senlehti ilmestyy nelj\u00e4 kertaa vuodessa.<\/li>\n\n\n\n<li>Jokainen yhdistyksen varsinainen j\u00e4sen saa halutessaan kirjoittaa ragdollistaan esittelyn lehteen.<\/li>\n\n\n\n<li>Kaikki j\u00e4senet voivat l\u00e4hett\u00e4\u00e4 ragdollinsa kuvan lehteen, kun kissa t\u00e4ytt\u00e4\u00e4 vuosia (yli 10 vuotta), valmistuu kissan\u00e4yttelyss\u00e4 uuteen titteliin tai saavuttaa muun uuden arvonimen (JW, DM, DVM, DSM).<\/li>\n\n\n\n<li>Kun j\u00e4senen kissa valmistuu uuteen titteliin n\u00e4yttelyss\u00e4, se on oikeutettu saamaan yhdistykselt\u00e4 hienon valmistumisruusukkeen ja Supreme Championiksi tai Supreme Premioriksi valmistuessaan my\u00f6s pokaalin. Ruusukkeet tilataan valmistumislomakkeella ja niiden toimituksesta sovitaan ruusukesihteerin kanssa.<\/li>\n\n\n\n<li>Jos joutuu luopumaan aikuisesta ragdollistaan, saa sen aikuisten kotia etsivien ragdollien listalle.<\/li>\n\n\n\n<li>J\u00e4senell\u00e4 on ragdollin menehtyess\u00e4 oikeus saada sille maksuton muistoilmoitus j\u00e4senlehteen.<br><\/li>\n<\/ul>\n\n\n\n<h5 class=\"wp-block-heading\">Kasvattajaj\u00e4senet<\/h5>\n\n\n\n<ul class=\"wp-block-list\">\n<li>Kasvattajaj\u00e4seneksi voi liitty\u00e4 palvelumaksun maksamalla jokainen yhdistykseen varsinaisena j\u00e4senen\u00e4 kuuluva hyv\u00e4maineinen ragdoll-kasvattaja, joka rekister\u00f6i pentunsa Kissaliittoon ja jolla on kasvattajanimi sek\u00e4 siitosk\u00e4ytt\u00f6\u00f6n hankittu ragdoll-naaras.<\/li>\n<\/ul>\n\n\n\n<ul class=\"wp-block-list\">\n<li>Nimi ja yhteystiedot julkaistaan yhdistyksen kasvattajalistalla j\u00e4senlehdess\u00e4 ja verkkosivuilla. Ilmoita tiedot , kun liityt j\u00e4seneksi tai jos olet j\u00e4sen, kasvattajalomakkeella.<\/li>\n\n\n\n<li>Oikeus saada tiedot myyt\u00e4vist\u00e4 pennuista ja aikuisista yhdistyksen verkkosivujen kotia etsivien listoille.  Muistathan ilmoittaa, kun listalle lis\u00e4tty kissa on myyty! Ilmoita tiedot lomakkeilla, joihin voit liitt\u00e4\u00e4 my\u00f6s kuvia.<\/li>\n\n\n\n<li>Mahdollisuus kertoa kasvatuksestaan ja kissalastaan lehdess\u00e4 ns. kasvattajaesittelyn\u00e4. Esittelyst\u00e4 voi sopia lehtitoimikunnan kanssa (lehti@finragdolls.net)<\/li>\n<\/ul>\n\n\n\n<h5 class=\"wp-block-heading\">Siitosuroksen omistajat<\/h5>\n\n\n\n<ul class=\"wp-block-list\">\n<li>Jokaisen varsinaisena j\u00e4senen\u00e4 yhdistykseen kuuluva siitosuroksen omistaja, joka on tehnyt Kissaliiton kanssa siitosurossopimuksen ja kuuluu johonkin Kissaliiton alaiseen rotukissayhdistykseen, saa palvelumaksun maksamalla n\u00e4m\u00e4 palvelut.<\/li>\n\n\n\n<li>Ragdoll-siitosuroksen kuvan ja tiedot yhdistyksen siitosuroslistalle lehdess\u00e4 ja verkkosivuilla. L\u00e4het\u00e4 tiedot siitosuroslomakkeella. Ilmoitathan my\u00f6s hyviss\u00e4 ajoin, jos kissasi leikataan!<\/li>\n\n\n\n<li>Mahdollisuus esitell\u00e4 uusi siitosuros lehdess\u00e4 valokuvan ja sukutaulun kanssa.<\/li>\n<\/ul>\n\n\n\n<h5 class=\"wp-block-heading\">Pentuneuvonta<\/h5>\n\n\n\n<p>Yhdistyksen pentuneuvojat vastaavat pennun ostamisesta kiinnostuneiden kyselyihin, pennut@finragdolls.net tai 040 779 4273<br>Yhdistyksen pentuneuvoja\/webmaster pit\u00e4\u00e4 yll\u00e4 yhdistyksen kotisivuilla olevaa pentulistaa sek\u00e4  kotia etsivien aikuisten listaa.<\/p>\n<\/div>\n\n\n\n<div class=\"wp-block-column is-layout-flow wp-block-column-is-layout-flow\" style=\"flex-basis:20px\"><\/div>\n\n\n\n<div class=\"wp-block-column is-layout-flow wp-block-column-is-layout-flow\" style=\"flex-basis:33.33%\">\n<div style=\"height:25px\" aria-hidden=\"true\" class=\"wp-block-spacer\"><\/div>\n\n\n\n<div class=\"wp-block-buttons is-layout-flex wp-block-buttons-is-layout-flex\">\n<div class=\"wp-block-button\"><a class=\"wp-block-button__link wp-element-button\" href=\"https:\/\/finragdolls.net\/index.php\/yhdistys-ja-jasenyys-2\/jasenedut\/liity-jaseneksi\/\">Liity j\u00e4seneksi<\/a><\/div>\n\n\n\n<div class=\"wp-block-button\"><a class=\"wp-block-button__link wp-element-button\" href=\"https:\/\/docs.google.com\/forms\/d\/e\/1FAIpQLScNmFjCGr8rc8YdNrEFtG2tNFKzThX_LPtycYqOu6UWULuNHQ\/viewform?usp=pp_url\">Valmistumisilmoitus<\/a><\/div>\n<\/div>\n\n\n\n<div class=\"wp-block-buttons is-layout-flex wp-block-buttons-is-layout-flex\">\n<div class=\"wp-block-button\"><a class=\"wp-block-button__link wp-element-button\" href=\"https:\/\/finragdolls.net\/index.php\/kasvatus\/kasvattajainfo-ja-tiedotteet\/\">Kasvattajainfo ja lomakkeet<\/a><\/div>\n\n\n\n<div class=\"wp-block-button\"><a class=\"wp-block-button__link wp-element-button\" href=\"https:\/\/finragdolls.net\/index.php\/mita-ja-minne\/\">Lomakkeita ja s\u00e4hk\u00f6postiosoitteita<\/a><\/div>\n<\/div>\n\n\n\n<p>Kaikki lehtimateriaali l\u00e4hetet\u00e4\u00e4n osoitteella <strong>lehti@finragdoll.net<\/strong><\/p>\n<\/div>\n<\/div>\n<\/div>\n","protected":false},"excerpt":{"rendered":"<p>J\u00e4senedut Kaikki j\u00e4senet Kasvattajaj\u00e4senet Siitosuroksen omistajat Pentuneuvonta Yhdistyksen pentuneuvojat vastaavat pennun ostamisesta kiinnostuneiden kyselyihin, pennut@finragdolls.net tai 040 779 4273Yhdistyksen pentuneuvoja\/webmaster pit\u00e4\u00e4 yll\u00e4 yhdistyksen kotisivuilla olevaa pentulistaa sek\u00e4 kotia etsivien aikuisten listaa. Kaikki lehtimateriaali l\u00e4hetet\u00e4\u00e4n osoitteella lehti@finragdoll.net<\/p>\n","protected":false},"author":2,"featured_media":0,"parent":596,"menu_order":0,"comment_status":"closed","ping_status":"closed","template":"","meta":{"site-sidebar-layout":"default","site-content-layout":"","ast-site-content-layout":"default","site-content-style":"default","site-sidebar-style":"default","ast-global-header-display":"","ast-banner-title-visibility":"","ast-main-header-display":"","ast-hfb-above-header-display":"","ast-hfb-below-header-display":"","ast-hfb-mobile-header-display":"","site-post-title":"","ast-breadcrumbs-content":"","ast-featured-img":"","footer-sml-layout":"","ast-disable-related-posts":"","theme-transparent-header-meta":"","adv-header-id-meta":"","stick-header-meta":"","header-above-stick-meta":"","header-main-stick-meta":"","header-below-stick-meta":"","astra-migrate-meta-layouts":"set","ast-page-background-enabled":"default","ast-page-background-meta":{"desktop":{"background-color":"var(--ast-global-color-4)","background-image":"","background-repeat":"repeat","background-position":"center center","background-size":"auto","background-attachment":"scroll","background-type":"","background-media":"","overlay-type":"","overlay-color":"","overlay-opacity":"","overlay-gradient":""},"tablet":{"background-color":"","background-image":"","background-repeat":"repeat","background-position":"center center","background-size":"auto","background-attachment":"scroll","background-type":"","background-media":"","overlay-type":"","overlay-color":"","overlay-opacity":"","overlay-gradient":""},"mobile":{"background-color":"","background-image":"","background-repeat":"repeat","background-position":"center center","background-size":"auto","background-attachment":"scroll","background-type":"","background-media":"","overlay-type":"","overlay-color":"","overlay-opacity":"","overlay-gradient":""}},"ast-content-background-meta":{"desktop":{"background-color":"var(--ast-global-color-5)","background-image":"","background-repeat":"repeat","background-position":"center center","background-size":"auto","background-attachment":"scroll","background-type":"","background-media":"","overlay-type":"","overlay-color":"","overlay-opacity":"","overlay-gradient":""},"tablet":{"background-color":"var(--ast-global-color-5)","background-image":"","background-repeat":"repeat","background-position":"center center","background-size":"auto","background-attachment":"scroll","background-type":"","background-media":"","overlay-type":"","overlay-color":"","overlay-opacity":"","overlay-gradient":""},"mobile":{"background-color":"var(--ast-global-color-5)","background-image":"","background-repeat":"repeat","background-position":"center center","background-size":"auto","background-attachment":"scroll","background-type":"","background-media":"","overlay-type":"","overlay-color":"","overlay-opacity":"","overlay-gradient":""}},"ngg_post_thumbnail":0,"footnotes":""},"class_list":["post-478","page","type-page","status-publish","hentry"],"_links":{"self":[{"href":"https:\/\/finragdolls.net\/index.php\/wp-json\/wp\/v2\/pages\/478","targetHints":{"allow":["GET"]}}],"collection":[{"href":"https:\/\/finragdolls.net\/index.php\/wp-json\/wp\/v2\/pages"}],"about":[{"href":"https:\/\/finragdolls.net\/index.php\/wp-json\/wp\/v2\/types\/page"}],"author":[{"embeddable":true,"href":"https:\/\/finragdolls.net\/index.php\/wp-json\/wp\/v2\/users\/2"}],"replies":[{"embeddable":true,"href":"https:\/\/finragdolls.net\/index.php\/wp-json\/wp\/v2\/comments?post=478"}],"version-history":[{"count":39,"href":"https:\/\/finragdolls.net\/index.php\/wp-json\/wp\/v2\/pages\/478\/revisions"}],"predecessor-version":[{"id":2089,"href":"https:\/\/finragdolls.net\/index.php\/wp-json\/wp\/v2\/pages\/478\/revisions\/2089"}],"up":[{"embeddable":true,"href":"https:\/\/finragdolls.net\/index.php\/wp-json\/wp\/v2\/pages\/596"}],"wp:attachment":[{"href":"https:\/\/finragdolls.net\/index.php\/wp-json\/wp\/v2\/media?parent=478"}],"curies":[{"name":"wp","href":"https:\/\/api.w.org\/{rel}","templated":true}]}}