{"id":484,"date":"2023-10-13T18:57:52","date_gmt":"2023-10-13T18:57:52","guid":{"rendered":"https:\/\/finragdolls.net.wp2.kotisivut.com\/wordpress\/?page_id=484"},"modified":"2024-09-25T15:46:57","modified_gmt":"2024-09-25T15:46:57","slug":"rekisteri-ja-tietosuojaseloste","status":"publish","type":"page","link":"https:\/\/finragdolls.net\/index.php\/yhdistys-ja-jasenyys-2\/rekisteri-ja-tietosuojaseloste\/","title":{"rendered":"Rekisteri- ja tietosuojaseloste"},"content":{"rendered":"\n<h2 class=\"wp-block-heading\">Rekisteri- ja tietosuojaseloste<\/h2>\n\n\n\n<p>REKISTERI- JA TIETOSUOJASELOSTE 14.2.2024<\/p>\n\n\n\n<p><strong>Rekisterinpit\u00e4j\u00e4:<\/strong><\/p>\n\n\n\n<p>Suomen Ragdoll-kissayhdistys ry<\/p>\n\n\n\n<p>Y-tunnus: 3045417-7<\/p>\n\n\n\n<p>PRH rekisterinumero: 162.848<\/p>\n\n\n\n<p><strong>Osoite:<\/strong> Varpustie 11 B, 00780 HELSINKI<\/p>\n\n\n\n<p><strong>Yhteyshenkil\u00f6t:<\/strong><\/p>\n\n\n\n<p>Puheenjohtaja: Maija Stenman<\/p>\n\n\n\n<p>pj(at)finragdolls.net<\/p>\n\n\n\n<p><strong>Rekisteriasioista vastaavat henkil\u00f6t:<\/strong> Sirpa Heiskanen ja Maarit Latva-Ranto<\/p>\n\n\n\n<p>jasen(at)finragdolls.net<\/p>\n\n\n\n<p><strong>Rekisterin nimi:<\/strong><\/p>\n\n\n\n<p>J\u00e4sen- ja laskutusrekisteri Suomen Ragdoll-kissayhdistys ry<\/p>\n\n\n\n<p><strong>Rekisterin k\u00e4ytt\u00f6tarkoitus:<\/strong><\/p>\n\n\n\n<p>Rekistereihin tallennettuja tietoja k\u00e4ytet\u00e4\u00e4n yhteydenpidon hoitamiseen ja laskuttamiseen sek\u00e4 ilmoittautumiseen ja osallistumiseen Suomen Ragdoll-kissayhdistys ry:n j\u00e4rjest\u00e4miin koulutuksiin ja muihin tapahtumiin.<\/p>\n\n\n\n<p><strong>Rekisterin tietoseloste:<\/strong><\/p>\n\n\n\n<p>Rekisteriin voidaan ker\u00e4t\u00e4 yhdistyksen j\u00e4senist\u00e4 muun muassa seuraavia tietoja:<\/p>\n\n\n\n<p>\u2022 Nimi<\/p>\n\n\n\n<p>\u2022&nbsp;Osoite<\/p>\n\n\n\n<p>\u2022&nbsp;Puhelinnumero<\/p>\n\n\n\n<p>\u2022&nbsp;S\u00e4hk\u00f6postiosoite<\/p>\n\n\n\n<p>\u2022 Tieto j\u00e4senmaksun vuosittaisesta suorittamisesta<\/p>\n\n\n\n<p><strong>Tietol\u00e4hteet:<\/strong><\/p>\n\n\n\n<p>Rekisterinpit\u00e4j\u00e4 rekister\u00f6i ne tiedot, jotka j\u00e4sen tai t\u00e4m\u00e4n huoltaja itse ilmoittaa sek\u00e4 laskujen maksamisen yhteydess\u00e4 rekister\u00f6ityv\u00e4t tilitapahtumat.<\/p>\n\n\n\n<p><strong>Tietojen luovutus:<\/strong><\/p>\n\n\n\n<p>Rekisterist\u00e4 luovutetaan henkil\u00f6tietoja ainoastaan rekisterin k\u00e4ytt\u00f6tarkoituksesta ilmeneville kolmansille tahoille koulutus- tai muun tapahtuman ilmoittautumisten yhteydess\u00e4. Tietoja ei luovuteta mainonta- ja markkinointik\u00e4ytt\u00f6\u00f6n.<\/p>\n\n\n\n<p><strong>Rekisterin suojaus:<\/strong><\/p>\n\n\n\n<p>Rekisteri on tallennettu tietoj\u00e4rjestelm\u00e4\u00e4n, johon p\u00e4\u00e4sy on rajoitettu ainoastaan rekisterinpit\u00e4j\u00e4lle. Tietoj\u00e4rjestelm\u00e4 on salasanalla suojattu.<\/p>\n\n\n\n<p><strong>Tarkistusoikeus ja tiedon korjaaminen:<\/strong><\/p>\n\n\n\n<p>Rekister\u00f6idyll\u00e4 on oikeus tarkistaa rekisteriin tallennetut itse\u00e4\u00e4n koskevat tiedot ja saada niist\u00e4 kopiot. Tarkistuspyynt\u00f6 tulee tehd\u00e4 kirjallisesti ja osoittaa rekisteriasioista vastaavalle henkil\u00f6lle.<\/p>\n\n\n\n<p>Rekisterinpit\u00e4j\u00e4 oikaisee, poistaa tai t\u00e4ydent\u00e4\u00e4 rekisteriss\u00e4 olevan, k\u00e4sitellyn tarkoituksen kannalta virheellisen, tarpeettoman, puutteellisen tai vanhentuneen henkil\u00f6tiedon oma-aloitteisesti tai rekister\u00f6idyn vaatimuksesta. Rekister\u00f6idyn tulee ottaa yhteytt\u00e4 rekisterinpit\u00e4j\u00e4n rekisteriasioista vastaavaan henkil\u00f6\u00f6n tiedon korjaamiseksi.<\/p>\n","protected":false},"excerpt":{"rendered":"<p>Rekisteri- ja tietosuojaseloste REKISTERI- JA TIETOSUOJASELOSTE 14.2.2024 Rekisterinpit\u00e4j\u00e4: Suomen Ragdoll-kissayhdistys ry Y-tunnus: 3045417-7 PRH rekisterinumero: 162.848 Osoite: Varpustie 11 B, 00780 HELSINKI Yhteyshenkil\u00f6t: Puheenjohtaja: Maija Stenman pj(at)finragdolls.net Rekisteriasioista vastaavat henkil\u00f6t: Sirpa Heiskanen ja Maarit Latva-Ranto jasen(at)finragdolls.net Rekisterin nimi: J\u00e4sen- ja laskutusrekisteri Suomen Ragdoll-kissayhdistys ry Rekisterin k\u00e4ytt\u00f6tarkoitus: Rekistereihin tallennettuja tietoja k\u00e4ytet\u00e4\u00e4n yhteydenpidon hoitamiseen ja laskuttamiseen sek\u00e4 [&hellip;]<\/p>\n","protected":false},"author":2,"featured_media":0,"parent":596,"menu_order":0,"comment_status":"closed","ping_status":"closed","template":"","meta":{"site-sidebar-layout":"default","site-content-layout":"","ast-site-content-layout":"default","site-content-style":"default","site-sidebar-style":"default","ast-global-header-display":"","ast-banner-title-visibility":"","ast-main-header-display":"","ast-hfb-above-header-display":"","ast-hfb-below-header-display":"","ast-hfb-mobile-header-display":"","site-post-title":"","ast-breadcrumbs-content":"","ast-featured-img":"","footer-sml-layout":"","ast-disable-related-posts":"","theme-transparent-header-meta":"","adv-header-id-meta":"","stick-header-meta":"","header-above-stick-meta":"","header-main-stick-meta":"","header-below-stick-meta":"","astra-migrate-meta-layouts":"set","ast-page-background-enabled":"default","ast-page-background-meta":{"desktop":{"background-color":"var(--ast-global-color-4)","background-image":"","background-repeat":"repeat","background-position":"center center","background-size":"auto","background-attachment":"scroll","background-type":"","background-media":"","overlay-type":"","overlay-color":"","overlay-opacity":"","overlay-gradient":""},"tablet":{"background-color":"","background-image":"","background-repeat":"repeat","background-position":"center center","background-size":"auto","background-attachment":"scroll","background-type":"","background-media":"","overlay-type":"","overlay-color":"","overlay-opacity":"","overlay-gradient":""},"mobile":{"background-color":"","background-image":"","background-repeat":"repeat","background-position":"center center","background-size":"auto","background-attachment":"scroll","background-type":"","background-media":"","overlay-type":"","overlay-color":"","overlay-opacity":"","overlay-gradient":""}},"ast-content-background-meta":{"desktop":{"background-color":"var(--ast-global-color-5)","background-image":"","background-repeat":"repeat","background-position":"center center","background-size":"auto","background-attachment":"scroll","background-type":"","background-media":"","overlay-type":"","overlay-color":"","overlay-opacity":"","overlay-gradient":""},"tablet":{"background-color":"var(--ast-global-color-5)","background-image":"","background-repeat":"repeat","background-position":"center center","background-size":"auto","background-attachment":"scroll","background-type":"","background-media":"","overlay-type":"","overlay-color":"","overlay-opacity":"","overlay-gradient":""},"mobile":{"background-color":"var(--ast-global-color-5)","background-image":"","background-repeat":"repeat","background-position":"center center","background-size":"auto","background-attachment":"scroll","background-type":"","background-media":"","overlay-type":"","overlay-color":"","overlay-opacity":"","overlay-gradient":""}},"ngg_post_thumbnail":0,"footnotes":""},"class_list":["post-484","page","type-page","status-publish","hentry"],"_links":{"self":[{"href":"https:\/\/finragdolls.net\/index.php\/wp-json\/wp\/v2\/pages\/484","targetHints":{"allow":["GET"]}}],"collection":[{"href":"https:\/\/finragdolls.net\/index.php\/wp-json\/wp\/v2\/pages"}],"about":[{"href":"https:\/\/finragdolls.net\/index.php\/wp-json\/wp\/v2\/types\/page"}],"author":[{"embeddable":true,"href":"https:\/\/finragdolls.net\/index.php\/wp-json\/wp\/v2\/users\/2"}],"replies":[{"embeddable":true,"href":"https:\/\/finragdolls.net\/index.php\/wp-json\/wp\/v2\/comments?post=484"}],"version-history":[{"count":6,"href":"https:\/\/finragdolls.net\/index.php\/wp-json\/wp\/v2\/pages\/484\/revisions"}],"predecessor-version":[{"id":1924,"href":"https:\/\/finragdolls.net\/index.php\/wp-json\/wp\/v2\/pages\/484\/revisions\/1924"}],"up":[{"embeddable":true,"href":"https:\/\/finragdolls.net\/index.php\/wp-json\/wp\/v2\/pages\/596"}],"wp:attachment":[{"href":"https:\/\/finragdolls.net\/index.php\/wp-json\/wp\/v2\/media?parent=484"}],"curies":[{"name":"wp","href":"https:\/\/api.w.org\/{rel}","templated":true}]}}