{"id":486,"date":"2023-10-13T18:58:15","date_gmt":"2023-10-13T18:58:15","guid":{"rendered":"https:\/\/finragdolls.net.wp2.kotisivut.com\/wordpress\/?page_id=486"},"modified":"2025-01-08T12:10:39","modified_gmt":"2025-01-08T12:10:39","slug":"liity-jaseneksi","status":"publish","type":"page","link":"https:\/\/finragdolls.net\/index.php\/yhdistys-ja-jasenyys-2\/jasenedut\/liity-jaseneksi\/","title":{"rendered":"Liity j\u00e4seneksi"},"content":{"rendered":"\n<h2 class=\"wp-block-heading\">Liity j\u00e4seneksi<\/h2>\n\n\n\n<div class=\"inherit-container-width wp-block-group is-layout-constrained wp-container-core-group-is-layout-b6e7b98c wp-block-group-is-layout-constrained\" style=\"padding-right:0;padding-left:0\">\n<div class=\"wp-block-columns is-layout-flex wp-container-core-columns-is-layout-28f84493 wp-block-columns-is-layout-flex\">\n<div class=\"wp-block-column is-layout-flow wp-block-column-is-layout-flow\" style=\"flex-basis:66.66%\">\n<p><strong>Tervetuloa Suomen Ragdoll-kissayhdistykseen!<\/strong><\/p>\n\n\n\n<p>Suomen Ragdoll-kissayhdistys ry on perustettu vuonna 1993. Rotuyhdistys on tehnyt yhteisty\u00f6sopimuksen Suomen Kissaliitto ry:n kanssa (1997) ja noudattaa kattoj\u00e4rjest\u00f6 FIFen (<a href=\"https:\/\/fifeweb.org\/\">F\u00e9d\u00e9ration Internationale F\u00e9line<\/a>) s\u00e4\u00e4nt\u00f6j\u00e4.<br><a href=\"https:\/\/finragdolls.net.wp2.kotisivut.com\/wordpress\/index.php\/yhdistys-ja-jasenyys-2\/yhdistyksen-saannot\/\" data-type=\"page\" data-id=\"122\">Tutustuthan yhdistyksen s\u00e4\u00e4nt\u00f6ihin.<\/a><br><br>Yhdistyksen j\u00e4seniksi\/kasvattajaj\u00e4seniksi\/perhej\u00e4seniksi p\u00e4\u00e4sev\u00e4t kaikki kissoista, kissankasvatuksesta ja kissaty\u00f6n edist\u00e4misest\u00e4 kiinnostuneet henkil\u00f6t, jotka noudattavat yhdistyksen s\u00e4\u00e4nt\u00f6j\u00e4 ja joiden j\u00e4seneksi liittymisen hallitus vahvistaa. Hallitus k\u00e4sittelee kaikki uudet j\u00e4senanomukset. J\u00e4seniksi tai kasvattajaj\u00e4seniksi hyv\u00e4ksytyille l\u00e4hetet\u00e4\u00e4n s\u00e4hk\u00f6postilla vahvistus ja j\u00e4senmaksulasku \/ kasvattajan palvelumaksulasku.<br><br>J\u00e4senyys alkaa j\u00e4senmaksun maksup\u00e4iv\u00e4st\u00e4. T\u00e4m\u00e4 on hyv\u00e4 ottaa huomioon, jos k\u00e4yt kissasi kanssa n\u00e4yttelyiss\u00e4 ja haluat osallistua Vuoden Ragdoll -kilpailuun.<br><br>Ennen j\u00e4senyyden alkamista ilmestyneit\u00e4 j\u00e4senlehti\u00e4 ei l\u00e4hetet\u00e4 j\u00e4lkik\u00e4teen kesken vuotta liittyneille. Niit\u00e4 voi halutessaan tilata Ragshopista.<br><br><strong>Uusi varsinainen j\u00e4sen<\/strong> :<br>Jos haluat liitty\u00e4 uudeksi j\u00e4seneksi, t\u00e4yt\u00e4 <strong>j\u00e4senanomuslomake<\/strong> ja j\u00e4\u00e4 odottamaan j\u00e4senmaksulaskua. Tarkkaile my\u00f6s s\u00e4hk\u00f6postisi roskapostilaatikkoa, johon se joissakin s\u00e4hk\u00f6postipalvelimissa saattaa joutua.<br>Samalla voit ilmoittaa, jos haluat kasvattajaksi tai liitt\u00e4\u00e4 j\u00e4seneksi perhej\u00e4senen.<br><br><br><em>Loppuvuoden j\u00e4senkampanja:<\/em> Jos liityt j\u00e4seneksi 1.10.-31.12., j\u00e4senmaksu kattaa my\u00f6s seuraavan vuoden j\u00e4senyyden. T\u00e4m\u00e4 koskee my\u00f6s kasvattajan maksamia uusia pennunostajien j\u00e4senyyksi\u00e4.<br>Jos j\u00e4senmaksu n\u00e4kyy yhdistyksen tilill\u00e4 31.11. menness\u00e4, saat my\u00f6s kuluvan vuoden joululehden.<br><br><strong>Perhej\u00e4sen<\/strong> :<br>Jo yhdistykseen kuuluva saman perheen j\u00e4sen voi ilmoittaa perhej\u00e4senen perhej\u00e4seneksi. Perhej\u00e4sen ei saa omaa j\u00e4senlehte\u00e4, mutta saa muut j\u00e4senedut ja voi halutessaan osallistua t\u00e4ysivaltaisena j\u00e4senen\u00e4 yhdistyksen kev\u00e4t- ja syyskokoukseen.<br><br><strong>Kasvattajan ja siitosuroksen omistajan palvelumaksu<\/strong> :<br>Palvelumaksulla saat tietosi kasvattaja- ja siitosuros &#8211; sek\u00e4 pentulistalle ym. mahdollisesti vain kasvattajille suunnatut edut.<br><br><strong>Kasvattajan maksama j\u00e4sen<\/strong> :<br>Kasvattaja voi maksaa yhdistyksen j\u00e4senyyden edullisesti vuodeksi pentunsa ostajille. N\u00e4ill\u00e4 henkil\u00f6ill\u00e4 ei saa olla voimassaolevaa j\u00e4senyytt\u00e4.<\/p>\n\n\n\n<p><br><br><\/p>\n<\/div>\n\n\n\n<div class=\"wp-block-column is-layout-flow wp-block-column-is-layout-flow\" style=\"flex-basis:20px\"><\/div>\n\n\n\n<div class=\"wp-block-column is-layout-flow wp-block-column-is-layout-flow\" style=\"flex-basis:33.33%\">\n<div class=\"wp-block-buttons is-layout-flex wp-block-buttons-is-layout-flex\">\n<div class=\"wp-block-button\"><a class=\"wp-block-button__link wp-element-button\" href=\"https:\/\/finragdolls.net\/index.php\/yhdistys-ja-jasenyys-2\/jasenedut\/\">J\u00e4senedut<\/a><\/div>\n<\/div>\n\n\n\n<h4 class=\"wp-block-heading\">J\u00e4senlomakkeet<\/h4>\n\n\n\n<h5 class=\"wp-block-heading\" style=\"text-transform:none\"><a href=\"https:\/\/docs.google.com\/forms\/d\/e\/1FAIpQLSetzuTYa85pwPUf5-gLDxjjkEC8OwKRBRkdiKOex6Ed15ih2Q\/viewform?usp=pp_url\" data-type=\"link\" data-id=\"https:\/\/docs.google.com\/forms\/d\/e\/1FAIpQLSetzuTYa85pwPUf5-gLDxjjkEC8OwKRBRkdiKOex6Ed15ih2Q\/viewform?usp=pp_url\" target=\"_blank\" rel=\"noreferrer noopener\">J\u00e4senanomuslomake<\/a><\/h5>\n\n\n\n<p>Uusi j\u00e4sen t\u00e4yt\u00e4 t\u00e4m\u00e4 lomake. Samalla voit ilmoittaa, jos haluat kasvattajaksi tai liitt\u00e4\u00e4 j\u00e4seneksi perhej\u00e4senen.<\/p>\n\n\n\n<h5 class=\"wp-block-heading\" style=\"text-transform:none\"><a href=\"https:\/\/docs.google.com\/forms\/d\/e\/1FAIpQLSfeBNWmy83uWpeiDnXkrPdvPWy2k8Jc0wIQQUjEBawU2zhXKg\/viewform?usp=pp_url\" data-type=\"link\" data-id=\"https:\/\/docs.google.com\/forms\/d\/e\/1FAIpQLSfeBNWmy83uWpeiDnXkrPdvPWy2k8Jc0wIQQUjEBawU2zhXKg\/viewform?usp=pp_url\" target=\"_blank\" rel=\"noreferrer noopener\">Kasvattajaj\u00e4senanomus <\/a>(palvelumaksu)<\/h5>\n\n\n\n<p>Jos olet jo varsinainen j\u00e4sen, mutta haluat kasvattajaksi yhdistykseemme.<\/p>\n\n\n\n<h5 class=\"wp-block-heading\" style=\"text-transform:none\">Perhej\u00e4sen <\/h5>\n\n\n\n<p>Olet jo j\u00e4sen, mutta haluat lis\u00e4t\u00e4 perhej\u00e4senen.<br>Ilmoita s\u00e4hk\u00f6spostilla j\u00e4sensihteerille<br><a href=\"mailto:jasen@finragdolls.net\" target=\"_blank\" rel=\"noreferrer noopener\"><strong>jasen@finragdolls.net<\/strong><\/a><\/p>\n\n\n\n<h5 class=\"wp-block-heading\" style=\"text-transform:none\"><a href=\"https:\/\/docs.google.com\/forms\/d\/e\/1FAIpQLSfP8rSriG15jMcn9iSUS3MBcDjPHgaS_j1MaGqj7JaY-U7_ZA\/viewform?usp=pp_url\" data-type=\"link\" data-id=\"https:\/\/docs.google.com\/forms\/d\/e\/1FAIpQLSfP8rSriG15jMcn9iSUS3MBcDjPHgaS_j1MaGqj7JaY-U7_ZA\/viewform?usp=pp_url\" target=\"_blank\" rel=\"noreferrer noopener\">Kasvattajan maksama j\u00e4sen <\/a><\/h5>\n\n\n\n<p>T\u00e4ll\u00e4 lomakkeella kasvattaja voi maksaa useamman uuden pennunostajan j\u00e4seneksemme.<\/p>\n<\/div>\n<\/div>\n<\/div>\n","protected":false},"excerpt":{"rendered":"<p>Liity j\u00e4seneksi Tervetuloa Suomen Ragdoll-kissayhdistykseen! Suomen Ragdoll-kissayhdistys ry on perustettu vuonna 1993. Rotuyhdistys on tehnyt yhteisty\u00f6sopimuksen Suomen Kissaliitto ry:n kanssa (1997) ja noudattaa kattoj\u00e4rjest\u00f6 FIFen (F\u00e9d\u00e9ration Internationale F\u00e9line) s\u00e4\u00e4nt\u00f6j\u00e4.Tutustuthan yhdistyksen s\u00e4\u00e4nt\u00f6ihin. Yhdistyksen j\u00e4seniksi\/kasvattajaj\u00e4seniksi\/perhej\u00e4seniksi p\u00e4\u00e4sev\u00e4t kaikki kissoista, kissankasvatuksesta ja kissaty\u00f6n edist\u00e4misest\u00e4 kiinnostuneet henkil\u00f6t, jotka noudattavat yhdistyksen s\u00e4\u00e4nt\u00f6j\u00e4 ja joiden j\u00e4seneksi liittymisen hallitus vahvistaa. Hallitus k\u00e4sittelee kaikki [&hellip;]<\/p>\n","protected":false},"author":2,"featured_media":0,"parent":478,"menu_order":0,"comment_status":"closed","ping_status":"closed","template":"","meta":{"site-sidebar-layout":"default","site-content-layout":"","ast-site-content-layout":"default","site-content-style":"default","site-sidebar-style":"default","ast-global-header-display":"","ast-banner-title-visibility":"","ast-main-header-display":"","ast-hfb-above-header-display":"","ast-hfb-below-header-display":"","ast-hfb-mobile-header-display":"","site-post-title":"","ast-breadcrumbs-content":"","ast-featured-img":"","footer-sml-layout":"","ast-disable-related-posts":"","theme-transparent-header-meta":"","adv-header-id-meta":"","stick-header-meta":"","header-above-stick-meta":"","header-main-stick-meta":"","header-below-stick-meta":"","astra-migrate-meta-layouts":"set","ast-page-background-enabled":"default","ast-page-background-meta":{"desktop":{"background-color":"var(--ast-global-color-4)","background-image":"","background-repeat":"repeat","background-position":"center center","background-size":"auto","background-attachment":"scroll","background-type":"","background-media":"","overlay-type":"","overlay-color":"","overlay-opacity":"","overlay-gradient":""},"tablet":{"background-color":"","background-image":"","background-repeat":"repeat","background-position":"center center","background-size":"auto","background-attachment":"scroll","background-type":"","background-media":"","overlay-type":"","overlay-color":"","overlay-opacity":"","overlay-gradient":""},"mobile":{"background-color":"","background-image":"","background-repeat":"repeat","background-position":"center center","background-size":"auto","background-attachment":"scroll","background-type":"","background-media":"","overlay-type":"","overlay-color":"","overlay-opacity":"","overlay-gradient":""}},"ast-content-background-meta":{"desktop":{"background-color":"var(--ast-global-color-5)","background-image":"","background-repeat":"repeat","background-position":"center center","background-size":"auto","background-attachment":"scroll","background-type":"","background-media":"","overlay-type":"","overlay-color":"","overlay-opacity":"","overlay-gradient":""},"tablet":{"background-color":"var(--ast-global-color-5)","background-image":"","background-repeat":"repeat","background-position":"center center","background-size":"auto","background-attachment":"scroll","background-type":"","background-media":"","overlay-type":"","overlay-color":"","overlay-opacity":"","overlay-gradient":""},"mobile":{"background-color":"var(--ast-global-color-5)","background-image":"","background-repeat":"repeat","background-position":"center center","background-size":"auto","background-attachment":"scroll","background-type":"","background-media":"","overlay-type":"","overlay-color":"","overlay-opacity":"","overlay-gradient":""}},"ngg_post_thumbnail":0,"footnotes":""},"class_list":["post-486","page","type-page","status-publish","hentry"],"_links":{"self":[{"href":"https:\/\/finragdolls.net\/index.php\/wp-json\/wp\/v2\/pages\/486","targetHints":{"allow":["GET"]}}],"collection":[{"href":"https:\/\/finragdolls.net\/index.php\/wp-json\/wp\/v2\/pages"}],"about":[{"href":"https:\/\/finragdolls.net\/index.php\/wp-json\/wp\/v2\/types\/page"}],"author":[{"embeddable":true,"href":"https:\/\/finragdolls.net\/index.php\/wp-json\/wp\/v2\/users\/2"}],"replies":[{"embeddable":true,"href":"https:\/\/finragdolls.net\/index.php\/wp-json\/wp\/v2\/comments?post=486"}],"version-history":[{"count":30,"href":"https:\/\/finragdolls.net\/index.php\/wp-json\/wp\/v2\/pages\/486\/revisions"}],"predecessor-version":[{"id":2219,"href":"https:\/\/finragdolls.net\/index.php\/wp-json\/wp\/v2\/pages\/486\/revisions\/2219"}],"up":[{"embeddable":true,"href":"https:\/\/finragdolls.net\/index.php\/wp-json\/wp\/v2\/pages\/478"}],"wp:attachment":[{"href":"https:\/\/finragdolls.net\/index.php\/wp-json\/wp\/v2\/media?parent=486"}],"curies":[{"name":"wp","href":"https:\/\/api.w.org\/{rel}","templated":true}]}}