{"id":488,"date":"2023-10-13T18:58:30","date_gmt":"2023-10-13T18:58:30","guid":{"rendered":"https:\/\/finragdolls.net.wp2.kotisivut.com\/wordpress\/?page_id=488"},"modified":"2025-01-24T19:26:19","modified_gmt":"2025-01-24T19:26:19","slug":"jasenlehti","status":"publish","type":"page","link":"https:\/\/finragdolls.net\/index.php\/yhdistys-ja-jasenyys-2\/jasenedut\/jasenlehti\/","title":{"rendered":"J\u00e4senlehti"},"content":{"rendered":"\n<h2 class=\"wp-block-heading\">Ragdolls-lehti<\/h2>\n\n\n\n<div class=\"inherit-container-width wp-block-group is-layout-constrained wp-container-core-group-is-layout-b6e7b98c wp-block-group-is-layout-constrained\" style=\"padding-right:0;padding-left:0\">\n<div class=\"wp-block-columns is-layout-flex wp-container-core-columns-is-layout-28f84493 wp-block-columns-is-layout-flex\">\n<div class=\"wp-block-column is-layout-flow wp-block-column-is-layout-flow\" style=\"flex-basis:66.66%\">\n<p>Yhdistys julkaisee nelj\u00e4 kertaa vuodessa ilmestyv\u00e4\u00e4 Ragdolls-j\u00e4senlehte\u00e4, jossa kerrotaan muun muassa ragdollien hoidosta ja terveydest\u00e4, rodunjalostuksen ja kasvatuksen asioista sek\u00e4 yhdistysten j\u00e4senten kissojen kuulumisista. Lehden ensimm\u00e4inen numero ilmestyi syksyll\u00e4 1993.<br>Lehti tulee tilaamatta kaikille Suomen Ragdoll-kissayhdistys ry:n j\u00e4senille. Aiemmin ilmestyneit\u00e4 numeroita voi ostaa n\u00e4yttelyist\u00e4 yhdistyksen myyntip\u00f6yd\u00e4st\u00e4 ja RagShopista (4,00 euroa + mahd. postikulut).<\/p>\n\n\n\n<p><strong>Haluatko kirjoittaa tai l\u00e4hett\u00e4\u00e4 kuvia lehteen?<\/strong><br>Otamme mielell\u00e4mme vastaan ragdolleihin liittyv\u00e4\u00e4 aineistoa. L\u00e4het\u00e4 teksti ja\/tai kuvat s\u00e4hk\u00f6postin liitetiedostona osoitteeseen lehti@finragdolls.net. Kuvat tulee olla tallennettu jpg-muotoon ja tiedostokoon tulee olla v\u00e4hint\u00e4\u00e4n 1 Mt. Huomaa, ett\u00e4 jotkut puhelimet pienent\u00e4v\u00e4t kuvakokoa automaattisesti. T\u00e4m\u00e4n saat estetty\u00e4 puhelimen asetuksista.<\/p>\n\n\n\n<div class=\"wp-block-columns is-layout-flex wp-container-core-columns-is-layout-28f84493 wp-block-columns-is-layout-flex\">\n<div class=\"wp-block-column is-layout-flow wp-block-column-is-layout-flow\">\n<figure class=\"wp-block-image size-full is-resized\"><img loading=\"lazy\" decoding=\"async\" width=\"457\" height=\"646\" src=\"https:\/\/finragdolls.net.wp2.kotisivut.com\/wordpress\/wp-content\/uploads\/2024\/09\/24_01.jpg\" alt=\"\" class=\"wp-image-1816\" style=\"width:180px;height:auto\" srcset=\"https:\/\/finragdolls.net\/wp-content\/uploads\/2024\/09\/24_01.jpg 457w, https:\/\/finragdolls.net\/wp-content\/uploads\/2024\/09\/24_01-212x300.jpg 212w\" sizes=\"auto, (max-width: 457px) 100vw, 457px\" \/><\/figure>\n<\/div>\n\n\n\n<div class=\"wp-block-column is-layout-flow wp-block-column-is-layout-flow\">\n<figure class=\"wp-block-image size-full is-resized\"><img loading=\"lazy\" decoding=\"async\" width=\"441\" height=\"630\" src=\"https:\/\/finragdolls.net.wp2.kotisivut.com\/wordpress\/wp-content\/uploads\/2024\/09\/24_02.jpg\" alt=\"\" class=\"wp-image-1817\" style=\"width:176px;height:auto\" srcset=\"https:\/\/finragdolls.net\/wp-content\/uploads\/2024\/09\/24_02.jpg 441w, https:\/\/finragdolls.net\/wp-content\/uploads\/2024\/09\/24_02-210x300.jpg 210w\" sizes=\"auto, (max-width: 441px) 100vw, 441px\" \/><\/figure>\n<\/div>\n<\/div>\n<\/div>\n\n\n\n<div class=\"wp-block-column is-layout-flow wp-block-column-is-layout-flow\" style=\"flex-basis:20px\"><\/div>\n\n\n\n<div class=\"wp-block-column is-layout-flow wp-block-column-is-layout-flow\" style=\"flex-basis:33.33%\">\n<h5 class=\"wp-block-heading\" style=\"text-transform:none\">Lehti ilmestyy maaliskuussa, kes\u00e4kuussa, syyskuussa ja joulukuussa<\/h5>\n\n\n\n<figure class=\"wp-block-image size-full is-resized\"><img decoding=\"async\" src=\"https:\/\/finragdolls.net.wp2.kotisivut.com\/wordpress\/wp-content\/uploads\/2024\/09\/24_03.jpg\" alt=\"\" class=\"wp-image-1818\" style=\"width:182px;height:auto\"\/><\/figure>\n<\/div>\n<\/div>\n<\/div>\n","protected":false},"excerpt":{"rendered":"<p>Ragdolls-lehti Yhdistys julkaisee nelj\u00e4 kertaa vuodessa ilmestyv\u00e4\u00e4 Ragdolls-j\u00e4senlehte\u00e4, jossa kerrotaan muun muassa ragdollien hoidosta ja terveydest\u00e4, rodunjalostuksen ja kasvatuksen asioista sek\u00e4 yhdistysten j\u00e4senten kissojen kuulumisista. Lehden ensimm\u00e4inen numero ilmestyi syksyll\u00e4 1993.Lehti tulee tilaamatta kaikille Suomen Ragdoll-kissayhdistys ry:n j\u00e4senille. Aiemmin ilmestyneit\u00e4 numeroita voi ostaa n\u00e4yttelyist\u00e4 yhdistyksen myyntip\u00f6yd\u00e4st\u00e4 ja RagShopista (4,00 euroa + mahd. postikulut). Haluatko kirjoittaa [&hellip;]<\/p>\n","protected":false},"author":3,"featured_media":0,"parent":478,"menu_order":0,"comment_status":"closed","ping_status":"closed","template":"","meta":{"site-sidebar-layout":"default","site-content-layout":"","ast-site-content-layout":"default","site-content-style":"default","site-sidebar-style":"default","ast-global-header-display":"","ast-banner-title-visibility":"","ast-main-header-display":"","ast-hfb-above-header-display":"","ast-hfb-below-header-display":"","ast-hfb-mobile-header-display":"","site-post-title":"","ast-breadcrumbs-content":"","ast-featured-img":"","footer-sml-layout":"","ast-disable-related-posts":"","theme-transparent-header-meta":"","adv-header-id-meta":"","stick-header-meta":"","header-above-stick-meta":"","header-main-stick-meta":"","header-below-stick-meta":"","astra-migrate-meta-layouts":"set","ast-page-background-enabled":"default","ast-page-background-meta":{"desktop":{"background-color":"var(--ast-global-color-4)","background-image":"","background-repeat":"repeat","background-position":"center center","background-size":"auto","background-attachment":"scroll","background-type":"","background-media":"","overlay-type":"","overlay-color":"","overlay-opacity":"","overlay-gradient":""},"tablet":{"background-color":"","background-image":"","background-repeat":"repeat","background-position":"center center","background-size":"auto","background-attachment":"scroll","background-type":"","background-media":"","overlay-type":"","overlay-color":"","overlay-opacity":"","overlay-gradient":""},"mobile":{"background-color":"","background-image":"","background-repeat":"repeat","background-position":"center center","background-size":"auto","background-attachment":"scroll","background-type":"","background-media":"","overlay-type":"","overlay-color":"","overlay-opacity":"","overlay-gradient":""}},"ast-content-background-meta":{"desktop":{"background-color":"var(--ast-global-color-5)","background-image":"","background-repeat":"repeat","background-position":"center center","background-size":"auto","background-attachment":"scroll","background-type":"","background-media":"","overlay-type":"","overlay-color":"","overlay-opacity":"","overlay-gradient":""},"tablet":{"background-color":"var(--ast-global-color-5)","background-image":"","background-repeat":"repeat","background-position":"center center","background-size":"auto","background-attachment":"scroll","background-type":"","background-media":"","overlay-type":"","overlay-color":"","overlay-opacity":"","overlay-gradient":""},"mobile":{"background-color":"var(--ast-global-color-5)","background-image":"","background-repeat":"repeat","background-position":"center center","background-size":"auto","background-attachment":"scroll","background-type":"","background-media":"","overlay-type":"","overlay-color":"","overlay-opacity":"","overlay-gradient":""}},"ngg_post_thumbnail":0,"footnotes":""},"class_list":["post-488","page","type-page","status-publish","hentry"],"_links":{"self":[{"href":"https:\/\/finragdolls.net\/index.php\/wp-json\/wp\/v2\/pages\/488","targetHints":{"allow":["GET"]}}],"collection":[{"href":"https:\/\/finragdolls.net\/index.php\/wp-json\/wp\/v2\/pages"}],"about":[{"href":"https:\/\/finragdolls.net\/index.php\/wp-json\/wp\/v2\/types\/page"}],"author":[{"embeddable":true,"href":"https:\/\/finragdolls.net\/index.php\/wp-json\/wp\/v2\/users\/3"}],"replies":[{"embeddable":true,"href":"https:\/\/finragdolls.net\/index.php\/wp-json\/wp\/v2\/comments?post=488"}],"version-history":[{"count":12,"href":"https:\/\/finragdolls.net\/index.php\/wp-json\/wp\/v2\/pages\/488\/revisions"}],"predecessor-version":[{"id":2266,"href":"https:\/\/finragdolls.net\/index.php\/wp-json\/wp\/v2\/pages\/488\/revisions\/2266"}],"up":[{"embeddable":true,"href":"https:\/\/finragdolls.net\/index.php\/wp-json\/wp\/v2\/pages\/478"}],"wp:attachment":[{"href":"https:\/\/finragdolls.net\/index.php\/wp-json\/wp\/v2\/media?parent=488"}],"curies":[{"name":"wp","href":"https:\/\/api.w.org\/{rel}","templated":true}]}}