{"id":490,"date":"2023-10-13T18:58:42","date_gmt":"2023-10-13T18:58:42","guid":{"rendered":"https:\/\/finragdolls.net.wp2.kotisivut.com\/wordpress\/?page_id=490"},"modified":"2024-09-25T16:05:57","modified_gmt":"2024-09-25T16:05:57","slug":"linkit-ja-lomakkeet","status":"publish","type":"page","link":"https:\/\/finragdolls.net\/index.php\/yhdistys-ja-jasenyys-2\/linkit-ja-lomakkeet\/","title":{"rendered":"Linkit ja lomakkeet"},"content":{"rendered":"\n<h2 class=\"wp-block-heading\">Linkit ja lomakkeet<\/h2>\n\n\n\n<div class=\"inherit-container-width wp-block-group is-layout-constrained wp-block-group-is-layout-constrained\">\n<div class=\"wp-block-columns is-layout-flex wp-container-core-columns-is-layout-28f84493 wp-block-columns-is-layout-flex\">\n<div class=\"wp-block-column is-layout-flow wp-block-column-is-layout-flow\" style=\"flex-basis:66.66%\">\n<div class=\"wp-block-columns is-layout-flex wp-container-core-columns-is-layout-28f84493 wp-block-columns-is-layout-flex\">\n<div class=\"wp-block-column is-layout-flow wp-block-column-is-layout-flow\">\n<p><strong>Ragdoll-yhdistyksi\u00e4<\/strong><br><a href=\"http:\/\/www.ragdollfanciersclub.org\/\" target=\"_blank\" rel=\"noreferrer noopener\">Ragdoll Fanciers Club International<\/a>&nbsp;(RFCI)<br><a href=\"http:\/\/rfwclub.org\/\" target=\"_blank\" rel=\"noreferrer noopener\">Ragdoll Fanciers Worldwide<\/a><br><a href=\"http:\/\/www.ig-ragdoll.de\/\" target=\"_blank\" rel=\"noreferrer noopener\">IG Ragdolls Germany<\/a><br><a href=\"http:\/\/www.tbrcc.co.uk\/\" target=\"_blank\" rel=\"noreferrer noopener\">The British Ragdoll Cat Club<\/a><br><a href=\"http:\/\/www.ragdolls.de\/\" target=\"_blank\" rel=\"noreferrer noopener\">Ragdoll Arbeits Gemeinschaft Germany<\/a>&nbsp;(R.A.G.)<br><a href=\"http:\/\/www.ragdollfrance.com\/\" target=\"_blank\" rel=\"noreferrer noopener\">Ragdoll Club France<\/a><br><a href=\"http:\/\/www.scandinavianragdoll.com\/\" target=\"_blank\" rel=\"noreferrer noopener\">Scandinavian Ragdoll Club<\/a><br><a href=\"http:\/\/www.ragdollklubben.com\/\" target=\"_blank\" rel=\"noreferrer noopener\">Ragdollklubben<\/a><br><a href=\"http:\/\/www.ragazine.nl\/\" target=\"_blank\" rel=\"noreferrer noopener\">The Dutch Ragdoll Club<\/a><\/p>\n\n\n\n<p><strong>Kissaj\u00e4rjest\u00f6j\u00e4 <\/strong><br><a href=\"http:\/\/www.fifeweb.org\/\" target=\"_blank\" rel=\"noreferrer noopener\">Federation Internationale Feline d\u2019Europe (FIFe)<\/a><br><a href=\"http:\/\/www.kissaliitto.fi\/\" target=\"_blank\" rel=\"noreferrer noopener\">Suomen Kissaliitto SK r.y<\/a>.<br><a href=\"http:\/\/www.cffinc.org\/\" target=\"_blank\" rel=\"noreferrer noopener\">The Cat Fancier\u2019s Federation (CFF), U.S<\/a>.<br><a href=\"http:\/\/www.tica.org\/\" target=\"_blank\" rel=\"noreferrer noopener\">The International Cat Association (TICA)<\/a><br><a href=\"http:\/\/www.tica.org\/\" target=\"_blank\" rel=\"noreferrer noopener\">U.S.<\/a><br><a href=\"http:\/\/www.cfainc.org\/\" target=\"_blank\" rel=\"noreferrer noopener\">Cat Fanciers Association (CFA), U.S.<\/a><br><\/p>\n<\/div>\n\n\n\n<div class=\"wp-block-column is-layout-flow wp-block-column-is-layout-flow\">\n<p><strong>Ragdoll-sivustoja <\/strong><br><a href=\"http:\/\/www.breedlist.com\/ragdoll-breeders.html\">Fanciers Breeder Referral List (FBRL)<\/a><\/p>\n\n\n\n<p><strong>Terveyslinkkej\u00e4<\/strong><br><a href=\"http:\/\/www.pawpeds.com\/db\/?p=rag\" target=\"_blank\" rel=\"noreferrer noopener\">Pawpeds \/ Ragdoll-sukutaulutietokanta<\/a><br><a href=\"http:\/\/www.kissangeenit.fi\/\" target=\"_blank\" rel=\"noreferrer noopener\">Kissojen geenitutkimus<\/a><br><a href=\"https:\/\/everycat.org\/winn-feline-foundation-changes-its-name-to-everycat-health-foundation\/\" target=\"_blank\" rel=\"noreferrer noopener\">EveryCat Health Foundation<\/a><br><br><strong><u>Muita kissalinkkej\u00e4<\/u><\/strong><br><a href=\"http:\/\/www.i-love-cats.com\/\" target=\"_blank\" rel=\"noreferrer noopener\">I-Love-Cats<\/a><\/p>\n\n\n\n<figure class=\"wp-block-image aligncenter size-large is-resized\"><a href=\"https:\/\/hankikissa.fi\/\" target=\"_blank\" rel=\"noreferrer noopener\"><img loading=\"lazy\" decoding=\"async\" width=\"682\" height=\"1024\" src=\"https:\/\/finragdolls.net.wp2.kotisivut.com\/wordpress\/wp-content\/uploads\/2024\/03\/hankikissa-682x1024.jpg\" alt=\"\" class=\"wp-image-1497\" style=\"width:202px;height:auto\" srcset=\"https:\/\/finragdolls.net\/wp-content\/uploads\/2024\/03\/hankikissa-682x1024.jpg 682w, https:\/\/finragdolls.net\/wp-content\/uploads\/2024\/03\/hankikissa-200x300.jpg 200w, https:\/\/finragdolls.net\/wp-content\/uploads\/2024\/03\/hankikissa-768x1153.jpg 768w, https:\/\/finragdolls.net\/wp-content\/uploads\/2024\/03\/hankikissa-1023x1536.jpg 1023w, https:\/\/finragdolls.net\/wp-content\/uploads\/2024\/03\/hankikissa-666x1000.jpg 666w, https:\/\/finragdolls.net\/wp-content\/uploads\/2024\/03\/hankikissa.jpg 1098w\" sizes=\"auto, (max-width: 682px) 100vw, 682px\" \/><\/a><\/figure>\n<\/div>\n<\/div>\n<\/div>\n\n\n\n<div class=\"wp-block-column is-layout-flow wp-block-column-is-layout-flow\" style=\"flex-basis:20px\"><\/div>\n\n\n\n<div class=\"wp-block-column is-layout-flow wp-block-column-is-layout-flow\" style=\"flex-basis:33.33%\">\n<div class=\"wp-block-buttons is-layout-flex wp-block-buttons-is-layout-flex\">\n<div class=\"wp-block-button\"><a class=\"wp-block-button__link wp-element-button\" href=\"https:\/\/finragdolls.net\/index.php\/mita-ja-minne\/\">Lomakkeita ja s\u00e4hk\u00f6postiosoitteita<\/a><\/div>\n<\/div>\n<\/div>\n<\/div>\n<\/div>\n","protected":false},"excerpt":{"rendered":"<p>Linkit ja lomakkeet Ragdoll-yhdistyksi\u00e4Ragdoll Fanciers Club International&nbsp;(RFCI)Ragdoll Fanciers WorldwideIG Ragdolls GermanyThe British Ragdoll Cat ClubRagdoll Arbeits Gemeinschaft Germany&nbsp;(R.A.G.)Ragdoll Club FranceScandinavian Ragdoll ClubRagdollklubbenThe Dutch Ragdoll Club Kissaj\u00e4rjest\u00f6j\u00e4 Federation Internationale Feline d\u2019Europe (FIFe)Suomen Kissaliitto SK r.y.The Cat Fancier\u2019s Federation (CFF), U.S.The International Cat Association (TICA)U.S.Cat Fanciers Association (CFA), U.S. Ragdoll-sivustoja Fanciers Breeder Referral List (FBRL) Terveyslinkkej\u00e4Pawpeds \/ [&hellip;]<\/p>\n","protected":false},"author":2,"featured_media":0,"parent":596,"menu_order":0,"comment_status":"closed","ping_status":"closed","template":"","meta":{"site-sidebar-layout":"default","site-content-layout":"","ast-site-content-layout":"default","site-content-style":"default","site-sidebar-style":"default","ast-global-header-display":"","ast-banner-title-visibility":"","ast-main-header-display":"","ast-hfb-above-header-display":"","ast-hfb-below-header-display":"","ast-hfb-mobile-header-display":"","site-post-title":"","ast-breadcrumbs-content":"","ast-featured-img":"","footer-sml-layout":"","ast-disable-related-posts":"","theme-transparent-header-meta":"","adv-header-id-meta":"","stick-header-meta":"","header-above-stick-meta":"","header-main-stick-meta":"","header-below-stick-meta":"","astra-migrate-meta-layouts":"set","ast-page-background-enabled":"default","ast-page-background-meta":{"desktop":{"background-color":"var(--ast-global-color-4)","background-image":"","background-repeat":"repeat","background-position":"center center","background-size":"auto","background-attachment":"scroll","background-type":"","background-media":"","overlay-type":"","overlay-color":"","overlay-opacity":"","overlay-gradient":""},"tablet":{"background-color":"","background-image":"","background-repeat":"repeat","background-position":"center center","background-size":"auto","background-attachment":"scroll","background-type":"","background-media":"","overlay-type":"","overlay-color":"","overlay-opacity":"","overlay-gradient":""},"mobile":{"background-color":"","background-image":"","background-repeat":"repeat","background-position":"center center","background-size":"auto","background-attachment":"scroll","background-type":"","background-media":"","overlay-type":"","overlay-color":"","overlay-opacity":"","overlay-gradient":""}},"ast-content-background-meta":{"desktop":{"background-color":"var(--ast-global-color-5)","background-image":"","background-repeat":"repeat","background-position":"center center","background-size":"auto","background-attachment":"scroll","background-type":"","background-media":"","overlay-type":"","overlay-color":"","overlay-opacity":"","overlay-gradient":""},"tablet":{"background-color":"var(--ast-global-color-5)","background-image":"","background-repeat":"repeat","background-position":"center center","background-size":"auto","background-attachment":"scroll","background-type":"","background-media":"","overlay-type":"","overlay-color":"","overlay-opacity":"","overlay-gradient":""},"mobile":{"background-color":"var(--ast-global-color-5)","background-image":"","background-repeat":"repeat","background-position":"center center","background-size":"auto","background-attachment":"scroll","background-type":"","background-media":"","overlay-type":"","overlay-color":"","overlay-opacity":"","overlay-gradient":""}},"ngg_post_thumbnail":0,"footnotes":""},"class_list":["post-490","page","type-page","status-publish","hentry"],"_links":{"self":[{"href":"https:\/\/finragdolls.net\/index.php\/wp-json\/wp\/v2\/pages\/490","targetHints":{"allow":["GET"]}}],"collection":[{"href":"https:\/\/finragdolls.net\/index.php\/wp-json\/wp\/v2\/pages"}],"about":[{"href":"https:\/\/finragdolls.net\/index.php\/wp-json\/wp\/v2\/types\/page"}],"author":[{"embeddable":true,"href":"https:\/\/finragdolls.net\/index.php\/wp-json\/wp\/v2\/users\/2"}],"replies":[{"embeddable":true,"href":"https:\/\/finragdolls.net\/index.php\/wp-json\/wp\/v2\/comments?post=490"}],"version-history":[{"count":10,"href":"https:\/\/finragdolls.net\/index.php\/wp-json\/wp\/v2\/pages\/490\/revisions"}],"predecessor-version":[{"id":1929,"href":"https:\/\/finragdolls.net\/index.php\/wp-json\/wp\/v2\/pages\/490\/revisions\/1929"}],"up":[{"embeddable":true,"href":"https:\/\/finragdolls.net\/index.php\/wp-json\/wp\/v2\/pages\/596"}],"wp:attachment":[{"href":"https:\/\/finragdolls.net\/index.php\/wp-json\/wp\/v2\/media?parent=490"}],"curies":[{"name":"wp","href":"https:\/\/api.w.org\/{rel}","templated":true}]}}