{"id":492,"date":"2023-10-13T18:59:01","date_gmt":"2023-10-13T18:59:01","guid":{"rendered":"https:\/\/finragdolls.net.wp2.kotisivut.com\/wordpress\/?page_id=492"},"modified":"2025-01-23T21:11:15","modified_gmt":"2025-01-23T21:11:15","slug":"vuoden-ragdoll-kilpailu","status":"publish","type":"page","link":"https:\/\/finragdolls.net\/index.php\/yhdistys-ja-jasenyys-2\/vuoden-ragdoll\/vuoden-ragdoll-kilpailu\/","title":{"rendered":"Vuoden Ragdoll -kilpailun s\u00e4\u00e4nn\u00f6t"},"content":{"rendered":"\n<h2 class=\"wp-block-heading\">Vuoden Ragdoll -kilpailun s\u00e4\u00e4nn\u00f6t<\/h2>\n\n\n\n<div class=\"inherit-container-width wp-block-group is-layout-constrained wp-container-core-group-is-layout-b6e7b98c wp-block-group-is-layout-constrained\" style=\"padding-right:0;padding-left:0\">\n<div class=\"wp-block-columns is-layout-flex wp-container-core-columns-is-layout-28f84493 wp-block-columns-is-layout-flex\">\n<div class=\"wp-block-column is-layout-flow wp-block-column-is-layout-flow\" style=\"flex-basis:66.66%\">\n<p><strong>Vuoden Ragdoll -kilpailus\u00e4\u00e4nn\u00f6t (voimassa 1.1.2021->)<\/strong><\/p>\n\n\n\n<p>Vuoden ragdoll \u2013kilpailussa noudatetaan Suomen Kissaliiton Vuoden kissa- kilpailun s\u00e4\u00e4nt\u00f6j\u00e4, ellei toisin mainita. <br><em>(Kasvattaja luokassa pisteet lasketaan 5 kasvatin n\u00e4yttelytuloksista ja Siitoskissa-luokissa ko. kissan kolmen j\u00e4lkel\u00e4isen tuloksista. N\u00e4iss\u00e4 ei k\u00e4ytet\u00e4 n\u00e4yttelyjen siitos- ja kasvattaja-luokkien tuloksia)<\/em><\/p>\n\n\n\n<p><strong>1. Osallistuminen<\/strong><br>Vuoden Ragdoll \u2013kilpailuun saavat osallistua kaikki Suomen Kissaliittoon rekister\u00f6idyt ragdollit, joiden omistajat ovat tai ainakin yksi heist\u00e4 on yhdistyksemme j\u00e4sen. Kilpailussa huomioidaan vain ne n\u00e4yttelytulokset, jotka ovat saavutetut v\u00e4hint\u00e4\u00e4n yhden omistajan j\u00e4senyyden aikana.<br><strong>J\u00e4senyyden katsotaan olevan voimassa j\u00e4senmaksun maksup\u00e4iv\u00e4st\u00e4 alkaen.<\/strong><br><strong>Omistajat ilmoittavat itse kissansa kilpailuun.<\/strong> <em>Omistaja ilmoittaa n\u00e4yttelytulokset pisteidenlaskijoille seuraavissa luokissa: &#8217;Vuoden kasvattaja&#8217;, &#8217;Vuoden siitosnaaras&#8217;, &#8217;Vuoden siitosuros&#8217;. Muissa kilpailuluokissa pisteidenlaskijat&nbsp;hakevat tulokset omakissasta.<\/em> Kilpailussa huomioidaan <strong>ainoastaan kotimaiset<\/strong> n\u00e4yttelytulokset Suomen Kissaliiton alaisten rotukissayhdistysten j\u00e4rjest\u00e4mist\u00e4 kansainv\u00e4lisist\u00e4 tai kansallisista n\u00e4yttelyist\u00e4.<\/p>\n\n\n\n<p><strong>2. Kilpailuluokat<\/strong><br>(#= pisteidenlaskijat\u00a0 hakevat tulokset omakissasta. Ilmoita vain kissan ja omistajan tiedot ja kaikki luokat, mihin kissa osallistuu)<\/p>\n\n\n\n<ul class=\"wp-block-list\">\n<li>Vuoden bicolour naaras, uros, kastraattinaaras, kastraattiuros, nuori (#)<\/li>\n\n\n\n<li>Vuoden mitted naaras, uros, kastraattinaaras, kastraattiuros, nuori (#)<\/li>\n\n\n\n<li>Vuoden colourpoint naaras, uros, kastraattinaaras, kastraattiuros, nuori (#)<\/li>\n\n\n\n<li>Vuoden kasvattaja<\/li>\n\n\n\n<li>Vuoden siitosnaaras<\/li>\n\n\n\n<li>Vuoden siitosuros<\/li>\n\n\n\n<li>V\u00e4rin Paras (#)<\/li>\n\n\n\n<li>Vuoden Ragdoll (#)<\/li>\n<\/ul>\n\n\n\n<p><strong>Vuoden uros, naaras, kastraattiuros ja kastraattinaaras<\/strong> valitaan kustakin kuvioinnista bicolour, colourpoint ja mitted erikseen. Valinnassa on huomioitavia n\u00e4yttelytuloksia (luokissa 1-10) oltava v\u00e4hint\u00e4\u00e4n viisi.<\/p>\n\n\n\n<p><strong>Vuoden nuori<\/strong> valitaan kustakin kuvioinnista bicolour, colourpoint ja mitted erikseen. Valinnassa on huomioitavia n\u00e4yttelytuloksia luokista 11 tai 12 oltava v\u00e4hint\u00e4\u00e4n kolme.<\/p>\n\n\n\n<p><strong>Vuodenveteraani<\/strong> (7 vuotta t\u00e4ytt\u00e4neet kissat) valinnassa on huomioitavia n\u00e4yttelytuloksia oltava v\u00e4hint\u00e4\u00e4n kolme.<\/p>\n\n\n\n<p><strong>Siitoskissoilla<\/strong> on oltava kolmen eri j\u00e4lkel\u00e4isen n\u00e4yttelytulos. <a>V\u00e4hint\u00e4\u00e4n yhden j\u00e4lkel\u00e4isen tuloksen tulee olla saatu alle kaksivuotiaana<\/a>. Siitoskissakilpailuun osallistuva kissa voi olla my\u00f6s kastraatti.<\/p>\n\n\n\n<p><strong>Kasvattajaluokkaan <\/strong>voivat osallistua kilpailuvuonna kasvattajan palvelumaksun maksaneet kasvattajat. Kasvattajaluokassa on oltava viiden eri kasvatin n\u00e4yttelytulos. V\u00e4hint\u00e4\u00e4n kahden kasvatin tuloksen tulee olla saatu alle kaksivuotiaana. Kilpailuvuoden aikana kasvatuskiellossa ollut kasvattaja ei saa osallistua kasvattajaluokkaan.<br><\/p>\n\n\n\n<p><strong>V\u00e4rin paras <\/strong>-luokassa otetaan huomioon kaikki vuoden aikana saadut V\u00e4rin Paras (VP\/BIV) tulokset. <\/p>\n\n\n\n<p><strong>Vuoden Ragdoll<\/strong> -luokassa &nbsp;on huomioitavia n\u00e4yttelytuloksia oltava v\u00e4hint\u00e4\u00e4n viisi. Eri luokista (1-12) saatuja tuloksia voi yhdist\u00e4\u00e4.<\/p>\n\n\n\n<p>Luokkiin voi osallistua vain jos on tarvittava m\u00e4\u00e4r\u00e4 tuloksia ( 5 tai 3 luokasta riippuen). Varsinaisten tulosten lis\u00e4ksi kaikkiin luokkiin voidaan ilmoittaa 2 varatulosta. <\/p>\n\n\n\n<p>Eri kilpailuluokkiin ilmoittaudutaan erillisill\u00e4 nettilomakkeilla<\/p>\n\n\n\n<p>3. <strong>Laskennassa k\u00e4ytett\u00e4v\u00e4t pistem\u00e4\u00e4r\u00e4t<\/strong><\/p>\n\n\n\n<div class=\"wp-block-columns is-layout-flex wp-container-core-columns-is-layout-28f84493 wp-block-columns-is-layout-flex\">\n<div class=\"wp-block-column is-layout-flow wp-block-column-is-layout-flow\" style=\"flex-basis:100%\">\n<div class=\"wp-block-columns is-layout-flex wp-container-core-columns-is-layout-28f84493 wp-block-columns-is-layout-flex\">\n<div class=\"wp-block-column is-layout-flow wp-block-column-is-layout-flow\" style=\"flex-basis:100%\">\n<figure class=\"wp-block-table is-style-regular\"><table class=\"has-fixed-layout\"><tbody><tr><td>Kategorian paras (KPA, KPN, KPP, KPK) + <br>V\u00e4rin paras (VP)&nbsp;&nbsp;<\/td><td class=\"has-text-align-left\" data-align=\"left\">135<\/td><\/tr><tr><td>Kategorian paras (KPA, KPN, KPP, KPK)<\/td><td class=\"has-text-align-left\" data-align=\"left\">130<\/td><\/tr><tr><td>Tuomarin paras (TP) + V\u00e4rin paras (VP)&nbsp;<\/td><td class=\"has-text-align-left\" data-align=\"left\">115<\/td><\/tr><tr><td>Tuomarin paras (TP)&nbsp;<\/td><td class=\"has-text-align-left\" data-align=\"left\">110<\/td><\/tr><tr><td>V\u00e4rin paras (VP)&nbsp;&nbsp;&nbsp;&nbsp;&nbsp;&nbsp;&nbsp;&nbsp;&nbsp;&nbsp;&nbsp;&nbsp;&nbsp;&nbsp;&nbsp;&nbsp;&nbsp;&nbsp;&nbsp;&nbsp;&nbsp;&nbsp;&nbsp;&nbsp;&nbsp;&nbsp;&nbsp;&nbsp;&nbsp;&nbsp;&nbsp;&nbsp;&nbsp;&nbsp;&nbsp;&nbsp;&nbsp;&nbsp;&nbsp;&nbsp;&nbsp;<\/td><td class=\"has-text-align-left\" data-align=\"left\">100<\/td><\/tr><tr><td>CACS,CAPS,KM&nbsp;<\/td><td class=\"has-text-align-left\" data-align=\"left\">97<\/td><\/tr><tr><td>CAGCIB, CAGPIB&nbsp;<\/td><td class=\"has-text-align-left\" data-align=\"left\">96<\/td><\/tr><tr><td>CACIB, CAPIB<\/td><td class=\"has-text-align-left\" data-align=\"left\">95<\/td><\/tr><tr><td>CAC, CAP, CACC, CACJ &nbsp;<\/td><td class=\"has-text-align-left\" data-align=\"left\">93<\/td><\/tr><tr><td>Excellent 1 (EX1) <\/td><td class=\"has-text-align-left\" data-align=\"left\">90<\/td><\/tr><tr><td>Excellent (EX) &nbsp;&nbsp;<\/td><td class=\"has-text-align-left\" data-align=\"left\">88<\/td><\/tr><tr><td>Oikein hyv\u00e4 (OH) &nbsp;&nbsp;<\/td><td class=\"has-text-align-left\" data-align=\"left\">76<\/td><\/tr><tr><td>Hyv\u00e4 (H) &nbsp;&nbsp;<\/td><td class=\"has-text-align-left\" data-align=\"left\">61<\/td><\/tr><tr><td><strong>Pistetaulukko vuoden veteraanin valintaan<\/strong>:<\/td><td class=\"has-text-align-left\" data-align=\"left\"><\/td><\/tr><tr><td>Kategorian paras <\/td><td class=\"has-text-align-left\" data-align=\"left\">25<\/td><\/tr><tr><td>1 (paras uros\/naaras)<\/td><td class=\"has-text-align-left\" data-align=\"left\">20<\/td><\/tr><tr><td>2<\/td><td class=\"has-text-align-left\" data-align=\"left\">15<\/td><\/tr><tr><td>3<\/td><td class=\"has-text-align-left\" data-align=\"left\">10<\/td><\/tr><tr><td>4<\/td><td class=\"has-text-align-left\" data-align=\"left\">5<\/td><\/tr><\/tbody><\/table><\/figure>\n\n\n\n<p>Tuloksia laskettaessa ei huomioida n\u00e4yttelykohtaisia lis\u00e4pisteit\u00e4.<\/p>\n<\/div>\n<\/div>\n<\/div>\n<\/div>\n\n\n\n<p><strong>4. Tulosten tarkastus ja pisteiden laskenta<\/strong><\/p>\n\n\n\n<p>Pisteiden laskennan suorittavat kaksi yhdistyksen syyskokouksen tai hallituksen valitsemaa pisteiden laskijaa. <strong>N\u00e4yttelytulosten ilmoittamiseen tulee k\u00e4ytt\u00e4\u00e4 yhdistyksen kotisivuilla olevia lomakkeita.\u00a0 <\/strong><\/p>\n\n\n\n<p>Pisteiden laskijat ilmoittavat virheist\u00e4 s\u00e4hk\u00f6postitse l\u00e4hett\u00e4j\u00e4lle (vain kerran). Korjattu tieto tai uusi lomake on palautettava ilmoitettuun p\u00e4iv\u00e4\u00e4n menness\u00e4, muuten virheellinen tulos hyl\u00e4t\u00e4\u00e4n.&nbsp; Jos joku tulos hyl\u00e4t\u00e4\u00e4n, otetaan ensimm\u00e4inen varatulos mukaan varsinaisiin tuloksiin. Jos varatulosta ei l\u00f6ydy, koko lomake hyl\u00e4t\u00e4\u00e4n.&nbsp; Vilpillisin keinoin saavutettu kilpailusijoitus mit\u00e4t\u00f6id\u00e4\u00e4n ja mahdollisesti jo saatu palkinto tulee palauttaa.<\/p>\n\n\n\n<p>Tasatuloksen ollessa kyseess\u00e4 ratkaistaan keskin\u00e4inen j\u00e4rjestys ensimm\u00e4isell\u00e4 varatuloksella. Mik\u00e4li tulos t\u00e4m\u00e4n j\u00e4lkeen on edelleen tasan, lasketaan seuraava varatulos. Mik\u00e4li t\u00e4m\u00e4nkin j\u00e4lkeen tulos on tasan, jaetaan sija ko. kissojen kesken. Tasatuloksessa 1. sija jaetaan voittajien kesken ja seuraava palkittava sija on 3. tai vastaavasti edelleen.<\/p>\n<\/div>\n\n\n\n<div class=\"wp-block-column is-layout-flow wp-block-column-is-layout-flow\" style=\"flex-basis:20px\"><\/div>\n\n\n\n<div class=\"wp-block-column is-layout-flow wp-block-column-is-layout-flow\" style=\"flex-basis:33.33%\">\n<div class=\"wp-block-buttons is-layout-flex wp-block-buttons-is-layout-flex\"><\/div>\n<\/div>\n<\/div>\n<\/div>\n","protected":false},"excerpt":{"rendered":"<p>Vuoden Ragdoll -kilpailun s\u00e4\u00e4nn\u00f6t Vuoden Ragdoll -kilpailus\u00e4\u00e4nn\u00f6t (voimassa 1.1.2021->) Vuoden ragdoll \u2013kilpailussa noudatetaan Suomen Kissaliiton Vuoden kissa- kilpailun s\u00e4\u00e4nt\u00f6j\u00e4, ellei toisin mainita. (Kasvattaja luokassa pisteet lasketaan 5 kasvatin n\u00e4yttelytuloksista ja Siitoskissa-luokissa ko. kissan kolmen j\u00e4lkel\u00e4isen tuloksista. N\u00e4iss\u00e4 ei k\u00e4ytet\u00e4 n\u00e4yttelyjen siitos- ja kasvattaja-luokkien tuloksia) 1. OsallistuminenVuoden Ragdoll \u2013kilpailuun saavat osallistua kaikki Suomen Kissaliittoon rekister\u00f6idyt ragdollit, [&hellip;]<\/p>\n","protected":false},"author":2,"featured_media":0,"parent":69,"menu_order":0,"comment_status":"closed","ping_status":"closed","template":"","meta":{"site-sidebar-layout":"default","site-content-layout":"","ast-site-content-layout":"default","site-content-style":"default","site-sidebar-style":"default","ast-global-header-display":"","ast-banner-title-visibility":"","ast-main-header-display":"","ast-hfb-above-header-display":"","ast-hfb-below-header-display":"","ast-hfb-mobile-header-display":"","site-post-title":"","ast-breadcrumbs-content":"","ast-featured-img":"","footer-sml-layout":"","ast-disable-related-posts":"","theme-transparent-header-meta":"","adv-header-id-meta":"","stick-header-meta":"","header-above-stick-meta":"","header-main-stick-meta":"","header-below-stick-meta":"","astra-migrate-meta-layouts":"set","ast-page-background-enabled":"default","ast-page-background-meta":{"desktop":{"background-color":"var(--ast-global-color-4)","background-image":"","background-repeat":"repeat","background-position":"center center","background-size":"auto","background-attachment":"scroll","background-type":"","background-media":"","overlay-type":"","overlay-color":"","overlay-opacity":"","overlay-gradient":""},"tablet":{"background-color":"","background-image":"","background-repeat":"repeat","background-position":"center center","background-size":"auto","background-attachment":"scroll","background-type":"","background-media":"","overlay-type":"","overlay-color":"","overlay-opacity":"","overlay-gradient":""},"mobile":{"background-color":"","background-image":"","background-repeat":"repeat","background-position":"center center","background-size":"auto","background-attachment":"scroll","background-type":"","background-media":"","overlay-type":"","overlay-color":"","overlay-opacity":"","overlay-gradient":""}},"ast-content-background-meta":{"desktop":{"background-color":"var(--ast-global-color-5)","background-image":"","background-repeat":"repeat","background-position":"center center","background-size":"auto","background-attachment":"scroll","background-type":"","background-media":"","overlay-type":"","overlay-color":"","overlay-opacity":"","overlay-gradient":""},"tablet":{"background-color":"var(--ast-global-color-5)","background-image":"","background-repeat":"repeat","background-position":"center center","background-size":"auto","background-attachment":"scroll","background-type":"","background-media":"","overlay-type":"","overlay-color":"","overlay-opacity":"","overlay-gradient":""},"mobile":{"background-color":"var(--ast-global-color-5)","background-image":"","background-repeat":"repeat","background-position":"center center","background-size":"auto","background-attachment":"scroll","background-type":"","background-media":"","overlay-type":"","overlay-color":"","overlay-opacity":"","overlay-gradient":""}},"ngg_post_thumbnail":0,"footnotes":""},"class_list":["post-492","page","type-page","status-publish","hentry"],"_links":{"self":[{"href":"https:\/\/finragdolls.net\/index.php\/wp-json\/wp\/v2\/pages\/492","targetHints":{"allow":["GET"]}}],"collection":[{"href":"https:\/\/finragdolls.net\/index.php\/wp-json\/wp\/v2\/pages"}],"about":[{"href":"https:\/\/finragdolls.net\/index.php\/wp-json\/wp\/v2\/types\/page"}],"author":[{"embeddable":true,"href":"https:\/\/finragdolls.net\/index.php\/wp-json\/wp\/v2\/users\/2"}],"replies":[{"embeddable":true,"href":"https:\/\/finragdolls.net\/index.php\/wp-json\/wp\/v2\/comments?post=492"}],"version-history":[{"count":17,"href":"https:\/\/finragdolls.net\/index.php\/wp-json\/wp\/v2\/pages\/492\/revisions"}],"predecessor-version":[{"id":2271,"href":"https:\/\/finragdolls.net\/index.php\/wp-json\/wp\/v2\/pages\/492\/revisions\/2271"}],"up":[{"embeddable":true,"href":"https:\/\/finragdolls.net\/index.php\/wp-json\/wp\/v2\/pages\/69"}],"wp:attachment":[{"href":"https:\/\/finragdolls.net\/index.php\/wp-json\/wp\/v2\/media?parent=492"}],"curies":[{"name":"wp","href":"https:\/\/api.w.org\/{rel}","templated":true}]}}