{"id":603,"date":"2023-10-29T17:37:57","date_gmt":"2023-10-29T17:37:57","guid":{"rendered":"https:\/\/finragdolls.net.wp2.kotisivut.com\/wordpress\/?page_id=603"},"modified":"2024-03-20T17:50:01","modified_gmt":"2024-03-20T17:50:01","slug":"standardi","status":"publish","type":"page","link":"https:\/\/finragdolls.net\/index.php\/ragdoll-rotu\/standardi\/","title":{"rendered":"Standardi"},"content":{"rendered":"\n<h3 class=\"wp-block-heading\"><strong>Standardi<\/strong><\/h3>\n\n\n\n<p><a href=\"https:\/\/fifeweb.org\/app\/uploads\/2023\/10\/RAG.pdf\"><strong>Ragdoll Standard\u00a0(FIFe)<\/strong><\/a><br>pdf<\/p>\n\n\n\n<p><br><\/p>\n\n\n\n<h5 class=\"wp-block-heading\"><strong>RAGDOLL \u00a0(RAG) ROTUM\u00c4\u00c4RITELM\u00c4<\/strong><\/h5>\n\n\n\n<p><strong>Yleist\u00e4:\u00a0<\/strong>Ulkomuoto Ragdolleissa on kolme erilaista kuviota: colourpoint, mitted ja bicolour \u2013 ja 20 v\u00e4rimuunnosta kussakin, yhteens\u00e4 60. Ragdoll on kiinte\u00e4, suuri kissa, jolla on keskiraskas tai raskas luusto ja lihaksikas vartalo. Vankkarakenteinen Koko Suuri<br><strong>P\u00e4\u00e4:\u00a0<\/strong>Muoto Keskikokoinen, leve\u00e4 kiilamainen, hieman kaartunut otsa (ei kupera), joka vaihtuu pehme\u00e4sti korvien v\u00e4liss\u00e4 olevaan tasaiseen p\u00e4\u00e4lakeen. Korkeahko profiili. Nen\u00e4 Suora. Nen\u00e4n ylin kolmannes hieman kaareva. Posket\/ Kuono\/ Leuka Hyvin muodostuneet posket kapenevat py\u00f6ristyneeseen hyvin muodostuneeseen keskipitk\u00e4\u00e4n kuono-osaan ja hyvin muodostuneeseen leukaan.<br><strong>Korvat:<\/strong>\u00a0Muoto Keskikokoiset, leve\u00e4t tyvest\u00e4, py\u00f6ristyneet k\u00e4rjet. Sijainti Sijoittuneet p\u00e4\u00e4laelle kauas toisistaan hiukan eteenp\u00e4in kaareutuneet.<br><strong>Silm\u00e4t:<\/strong>\u00a0Muoto Suuret ja soikeat. Silmien ulkoreuna on korvien tyven kanssa samalla korkeudella. V\u00e4ri Siniset, mit\u00e4 tummempi v\u00e4ri sen parempi, suhteessa vartalon v\u00e4riin.<br><strong>Kaula:<\/strong>\u00a0Lyhyt ja vahva.<br><strong>Vartalo:\u00a0<\/strong>Rakenne: Pitk\u00e4 vartalo, keskiraskas tai raskas luusto, lihaksikas; leve\u00e4 ja hyvin muodostunut rinta, lihaksikkaampi ja vankempi takaosa; aikuinen kissa on yht\u00e4 leve\u00e4 hartioiden kohdalta kuin takap\u00e4\u00e4st\u00e4\u00e4n.<br><strong>Jalat:<\/strong>\u00a0Keskipitk\u00e4t ja keskiraskas tai raskas luusto. Takajalat ovat hieman etujalkoja korkeammat, antavat sel\u00e4lle hieman eteenp\u00e4in kaartuvan vaikutelman. Tassut: Suuret, py\u00f6re\u00e4t ja kiinte\u00e4t, varpaiden v\u00e4liss\u00e4 tupsut.<br><strong>H\u00e4nt\u00e4<\/strong>: Pitk\u00e4, keskileve\u00e4 tyvest\u00e4 ja hieman kapeneva ja suhteessa vartaloon. Runsaasti karvaa, tuuhea.<br><strong>Turkki:\u00a0<\/strong>Rakenne: Keskipitk\u00e4, tuuhea, pehme\u00e4 ja silkkinen laatu, vartalonmy\u00f6t\u00e4inen ja jakautuu kissan liikkuessa. Turkissa viile\u00e4n silkin tuntu. Pisint\u00e4 kaulan ymp\u00e4rilt\u00e4, kehyst\u00e4\u00e4 kasvoja ja antaa vaikutelman kaulalapusta. Lyhytt\u00e4 kasvoilla ja pitenee p\u00e4\u00e4laelta hartioille ja selk\u00e4\u00e4n . Keskipitk\u00e4\u00e4 tai pitk\u00e4\u00e4 kyljiss\u00e4, vatsassa ja takap\u00e4\u00e4ss\u00e4. Lyhytt\u00e4 tai keskipitk\u00e4\u00e4 etutassuissa.<br><strong>V\u00e4ri:\u00a0<\/strong>V\u00e4rimuunnokset esitelty erikseen.<br>Huomautukset \u00b7 naaraat huomattavasti uroksia pienempi\u00e4 \u00b7 kollin posket sallitaan \u00b7 hitaasti kehittyv\u00e4, t\u00e4ysin kehittynyt 3-4 vuoden i\u00e4ss\u00e4. * Turkin vaihtelu vuodenaikojen mukaan sallitaan.<br>Arvostelusta hylk\u00e4\u00e4minen Silm\u00e4t \u00b7 muu v\u00e4ri kuin sininen\u00a0<br><br><strong>PISTEET<\/strong><br>Yhteens\u00e4 <strong>100<\/strong><br><strong>P\u00e4\u00e4<\/strong>\u00a0Muoto, nen\u00e4, otsa, posket ja kuono-osa, leukaper\u00e4t ja hampaat, leuka silmien muoto ja koko 25<br><strong>Korvat<\/strong>\u00a0Muoto ja sijainti 5<br><strong>Silmien v\u00e4ri<\/strong>\u00a05<br><strong>Vartalo<\/strong>\u00a0Muoto, koko, luusto 20<br><strong>Jalat ja tassut <\/strong>Jalkojen korkeus, tassujen muoto 5<br><strong>H\u00e4nt\u00e4 <\/strong>Muoto ja pituus 5<br><strong>Turkki\u00a0<\/strong>V\u00e4ri ja kuvio 20 Laatu ja rakenne, pituus 10<br><strong>Kunto<\/strong>\u00a05<br><strong>\u00a0<br>HYV\u00c4KSYTYT V\u00c4RIRYHM\u00c4T<\/strong><br><strong>Ragdoll colourpoint:<\/strong>\u00a0RAG n\/a\/b\/c\/d\/e\/f\/g\/h\/j<br><strong>Turkki Naamio: <\/strong>Korvat, maski, jalat ja h\u00e4nt\u00e4 \u2013 hyvin erottuvat ja sopusoinnussa vartalon v\u00e4riin.<br>Nen\u00e4np\u00e4\u00e4 ja polkuanturat sopusoinnussa naamiov\u00e4rin kanssa.<br><strong>Huomautukset<\/strong>: Katso yleisess\u00e4 osassa, naamiov\u00e4rit<br><strong>Virheet:<\/strong> Turkki * Valkea laikku<br><strong>V\u00e4ri EMS-koodi<\/strong>_<br>Ruskea RAG n<br>Sininen RAG a<br>Suklaa RAG b<br>Lila RAG c<br>Puna -naamio RAG d<br>Creme RAG e<br>Kilpikonna RAG f<br>Sinikilpikonna RAG g<br>Suklaakilpikonna RAG h<br>Lilakilpikonna RAG j<br><br><strong>Ragdoll tabby colourpoint<\/strong>: RAG n\/a\/b\/c\/d\/e\/f\/g\/h\/j 21<br><strong>Turkki Naamio<\/strong>: Korvat, maski, jalat ja h\u00e4nt\u00e4 \u2013 hyvin erottuvat ja sopusoinnussa vartalon v\u00e4riin.<br>Nen\u00e4np\u00e4\u00e4 ja polkuanturat sopusoinnussa naamiov\u00e4rin kanssa.<br>Huomautukset Katso yleisess\u00e4 osassa, naamiov\u00e4rit<br><strong>Virheet<\/strong>: Turkki * Valkea laikku<br><strong>V\u00e4ri EMS-koodi<\/strong><br>Ruskeatabby RAG n 21<br>Sinitabby RAG a 21<br>Suklaatabby RAG b 21<br>Lilatabby RAG c 21<br>Punatabby -naamio RAG d 21<br>Cremetabby RAG e 21<br>Kilpikonnatabby RAG f 21<br>Sinikilpikonnatabby RAG g 21<br>Suklaakilpikonnatabby RAG h 21<br>Lilakilpikonnatabby RAG j 21\u00a0<br><br><strong>Ragdoll bicolour:<\/strong>\u00a0RAG n\/a\/b\/c\/d\/e\/f\/g\/h\/j 03<br><strong>Turkki Naamio: <\/strong>Korvat, maski ja h\u00e4nt\u00e4 \u2013 hyvin erottuvat. Maskissa tulee olla k\u00e4\u00e4nteinen valkea V-muotoinen laukki. Vartalo: V\u00e4rin tulee olla vaaleampaa s\u00e4vy\u00e4 kuin naamiossa. Sel\u00e4ss\u00e4 valkeita laikkuja tai ilman. Valkea vatsa ja ilman t\u00e4pli\u00e4. Mieluiten valkeat jalat.<br>Nen\u00e4np\u00e4\u00e4 ja polkuanturat vaaleanpunaiset<br><strong>Virheet:<\/strong> Korvat * Valkoisia karvoja<br>H\u00e4nt\u00e4 * Valkoisia karvoja<br><strong>V\u00e4ri EMS-koodi<\/strong><br>Ruskea RAG n 03<br>Sininen RAG a 03<br>Suklaa RAG b 03<br>Lila RAG c 03<br>Punainen bicolour RAG d 03<br>Creme RAG e 03<br>Kilpikonna RAG f 03<br>Sinikilpikonna RAG g 03<br>Suklaakilpikonna RAG h 03<br>Lilakilpikonna RAG j 03<br><br><strong>Ragdoll tabby bicolour:\u00a0<\/strong>RAG n\/a\/b\/c\/d\/e\/f\/g\/h\/j 03 21<br>Turkki Naamio: Korvat, maski ja h\u00e4nt\u00e4 \u2013 hyvin erottuvat. Maskissa tulee olla k\u00e4\u00e4nteinen valkea V-muotoinen laukki. Vartalo: V\u00e4rin tulee olla vaaleampaa s\u00e4vy\u00e4 kuin naamiossa. Valkeat laikut sel\u00e4ss\u00e4 sallitaan. Valkea vatsa ja ilman t\u00e4pli\u00e4. Mieluiten valkeat jalat.<br>Nen\u00e4np\u00e4\u00e4 ja polkuanturat vaaleanpunaiset<br><strong>Virheet:<\/strong> Korvat * Valkoisia karvoja<br>H\u00e4nt\u00e4 * Valkoisia karvoja<br><strong>V\u00e4ri EMS-koodi<\/strong><br>Ruskeatabby RAG n 03 21<br>Sinitabby RAG a 03 21<br>Suklaatabby RAG b 03 21<br>Lilatabby RAG c 03 21<br>Punatabby bicolour RAG d 03 21<br>Cremetabby RAG e 03 21<br>Kilpikonnatabby RAG f 03 21<br>Sinikilpikonnatabby RAG g 03 21<br>Suklaakilpikonnatabby RAG h 03 21<br>Lilakilpikonnatabby RAG j 03 21<br><br><strong>Ragdoll mitted:<\/strong>\u00a0RAG n\/a\/b\/c\/d\/e\/f\/g\/h\/j 04<br><strong>Turkki:<\/strong> Naamion (paitsi tassut, leuka ja mahdollista valkoista juovaa\/laikkuja nen\u00e4nvarressa, joka voi ulottua otsalle) ja vartalon v\u00e4ri kuten colourpointilla, hyvin erottuvat ja sopusoinnussa vartalon v\u00e4riin. Valkoinen leuka, valkoinen laukki on toivottava. Valkoiset hansikkaat etujaloissa; takajaloissa kokonaan valkoiset saappaat ulottuen kantap\u00e4\u00e4h\u00e4n saakka. Valkoinen juova ulottuu rinnasta etujalkojen v\u00e4lin kautta aina h\u00e4nn\u00e4n tyveen asti.<br>Nen\u00e4np\u00e4\u00e4 sopusoinnussa naamiov\u00e4rin kanssa.<br>Polkuanturat vaaleanpunaiset<br><strong>Virheet:<\/strong> P\u00e4\u00e4 \u00b7 valkoinen leuka puuttuu.\u00a0 Tassut \u00b7 tumma laikku valkoisissa hansikkaissa.\u00a0 Turkki \u00b7 tumma laikku vatsassa,\u00b7 valkoinen vatsajuova puuttuu<br><strong>V\u00e4ri EMS-koodi<\/strong><br>Ruskea RAG n 04<br>Sini RAG a 04<br>Suklaa RAG b 04<br>Lila RAG c 04<br>Puna -naamio mitted RAG d 04<br>Creme RAG e 04<br>Kilpikonna RAG f 04<br>Sinikilpikonna RAG g 04<br>Suklaakilpikonna RAG h 04<br>Lilakilpikonna RAG j 04<br><br><strong>Ragdoll tabby mitted:<\/strong>\u00a0RAG n\/a\/b\/c\/d\/e\/f\/g\/h\/j 04 21<br><strong>Turkki:<\/strong> Naamion (paitsi tassut ja leuka) ja vartalon v\u00e4ri kuten colourpointilla, hyvin erottuvat ja sopusoinnussa vartalon v\u00e4riin. Valkoinen leuka, valkoinen laukki on toivottava. Valkoiset hansikkaat etujaloissa; takajaloissa kokonaan valkoiset saappaat ulottuen kantap\u00e4\u00e4h\u00e4n saakka. Valkoinen juova ulottuu rinnasta etujalkojen v\u00e4lin kautta aina h\u00e4nn\u00e4n tyveen asti.<br>Nen\u00e4np\u00e4\u00e4 sopusoinnussa naamiov\u00e4rin kanssa.<br>Polkuanturat vaaleanpunaiset<br><strong>Virheet:<\/strong> P\u00e4\u00e4 \u00b7 valkoinen leuka puuttuu. Tassut \u00b7 tumma laikku valkoisissa hansikkaissa. Turkki \u00b7 tumma laikku vatsassa \u00b7 valkoinen vatsajuova puuttuu.<br><strong>V\u00e4ri EMS-koodi<\/strong><br>Ruskeatabby RAG n 04 21<br>Sinitabby RAG a 04 21<br>Suklaatabby RAG b 04 21<br>Lilatabby RAG c 04 21<br>Punatabby -naamio mitted RAG d 04 21<br>Cremetabby RAG e 04 21<br>Kilpikonnatabby RAG f 04 21<br>Sinikilpikonnatabby RAG g 04 21<br>Suklaakilpikonnatabby RAG h 04 21<br>Lilakilpikonnatabby RAG j 04 21<\/p>\n","protected":false},"excerpt":{"rendered":"<p>Standardi Ragdoll Standard\u00a0(FIFe)pdf RAGDOLL \u00a0(RAG) ROTUM\u00c4\u00c4RITELM\u00c4 Yleist\u00e4:\u00a0Ulkomuoto Ragdolleissa on kolme erilaista kuviota: colourpoint, mitted ja bicolour \u2013 ja 20 v\u00e4rimuunnosta kussakin, yhteens\u00e4 60. Ragdoll on kiinte\u00e4, suuri kissa, jolla on keskiraskas tai raskas luusto ja lihaksikas vartalo. Vankkarakenteinen Koko SuuriP\u00e4\u00e4:\u00a0Muoto Keskikokoinen, leve\u00e4 kiilamainen, hieman kaartunut otsa (ei kupera), joka vaihtuu pehme\u00e4sti korvien v\u00e4liss\u00e4 olevaan tasaiseen [&hellip;]<\/p>\n","protected":false},"author":2,"featured_media":0,"parent":600,"menu_order":2,"comment_status":"closed","ping_status":"closed","template":"","meta":{"site-sidebar-layout":"default","site-content-layout":"","ast-site-content-layout":"default","site-content-style":"default","site-sidebar-style":"default","ast-global-header-display":"","ast-banner-title-visibility":"","ast-main-header-display":"","ast-hfb-above-header-display":"","ast-hfb-below-header-display":"","ast-hfb-mobile-header-display":"","site-post-title":"","ast-breadcrumbs-content":"","ast-featured-img":"","footer-sml-layout":"","ast-disable-related-posts":"","theme-transparent-header-meta":"","adv-header-id-meta":"","stick-header-meta":"","header-above-stick-meta":"","header-main-stick-meta":"","header-below-stick-meta":"","astra-migrate-meta-layouts":"default","ast-page-background-enabled":"default","ast-page-background-meta":{"desktop":{"background-color":"var(--ast-global-color-4)","background-image":"","background-repeat":"repeat","background-position":"center center","background-size":"auto","background-attachment":"scroll","background-type":"","background-media":"","overlay-type":"","overlay-color":"","overlay-opacity":"","overlay-gradient":""},"tablet":{"background-color":"","background-image":"","background-repeat":"repeat","background-position":"center center","background-size":"auto","background-attachment":"scroll","background-type":"","background-media":"","overlay-type":"","overlay-color":"","overlay-opacity":"","overlay-gradient":""},"mobile":{"background-color":"","background-image":"","background-repeat":"repeat","background-position":"center center","background-size":"auto","background-attachment":"scroll","background-type":"","background-media":"","overlay-type":"","overlay-color":"","overlay-opacity":"","overlay-gradient":""}},"ast-content-background-meta":{"desktop":{"background-color":"var(--ast-global-color-5)","background-image":"","background-repeat":"repeat","background-position":"center center","background-size":"auto","background-attachment":"scroll","background-type":"","background-media":"","overlay-type":"","overlay-color":"","overlay-opacity":"","overlay-gradient":""},"tablet":{"background-color":"var(--ast-global-color-5)","background-image":"","background-repeat":"repeat","background-position":"center center","background-size":"auto","background-attachment":"scroll","background-type":"","background-media":"","overlay-type":"","overlay-color":"","overlay-opacity":"","overlay-gradient":""},"mobile":{"background-color":"var(--ast-global-color-5)","background-image":"","background-repeat":"repeat","background-position":"center center","background-size":"auto","background-attachment":"scroll","background-type":"","background-media":"","overlay-type":"","overlay-color":"","overlay-opacity":"","overlay-gradient":""}},"ngg_post_thumbnail":0,"footnotes":""},"class_list":["post-603","page","type-page","status-publish","hentry"],"_links":{"self":[{"href":"https:\/\/finragdolls.net\/index.php\/wp-json\/wp\/v2\/pages\/603","targetHints":{"allow":["GET"]}}],"collection":[{"href":"https:\/\/finragdolls.net\/index.php\/wp-json\/wp\/v2\/pages"}],"about":[{"href":"https:\/\/finragdolls.net\/index.php\/wp-json\/wp\/v2\/types\/page"}],"author":[{"embeddable":true,"href":"https:\/\/finragdolls.net\/index.php\/wp-json\/wp\/v2\/users\/2"}],"replies":[{"embeddable":true,"href":"https:\/\/finragdolls.net\/index.php\/wp-json\/wp\/v2\/comments?post=603"}],"version-history":[{"count":9,"href":"https:\/\/finragdolls.net\/index.php\/wp-json\/wp\/v2\/pages\/603\/revisions"}],"predecessor-version":[{"id":1467,"href":"https:\/\/finragdolls.net\/index.php\/wp-json\/wp\/v2\/pages\/603\/revisions\/1467"}],"up":[{"embeddable":true,"href":"https:\/\/finragdolls.net\/index.php\/wp-json\/wp\/v2\/pages\/600"}],"wp:attachment":[{"href":"https:\/\/finragdolls.net\/index.php\/wp-json\/wp\/v2\/media?parent=603"}],"curies":[{"name":"wp","href":"https:\/\/api.w.org\/{rel}","templated":true}]}}