{"id":615,"date":"2023-10-29T17:41:05","date_gmt":"2023-10-29T17:41:05","guid":{"rendered":"https:\/\/finragdolls.net.wp2.kotisivut.com\/wordpress\/?page_id=615"},"modified":"2024-08-04T19:23:58","modified_gmt":"2024-08-04T19:23:58","slug":"kissaa-ostamassa-usein-kysyttya","status":"publish","type":"page","link":"https:\/\/finragdolls.net\/index.php\/pentuinfo\/kissaa-ostamassa-usein-kysyttya\/","title":{"rendered":"Kissaa ostamassa &#8211; Usein kysytty\u00e4"},"content":{"rendered":"\n<h2 class=\"wp-block-heading\">Pennun ostoa harkitsevalle<\/h2>\n\n\n\n<div class=\"inherit-container-width wp-block-group is-layout-constrained wp-container-core-group-is-layout-b6e7b98c wp-block-group-is-layout-constrained\" style=\"padding-right:0;padding-left:0\">\n<div class=\"wp-block-columns is-layout-flex wp-container-core-columns-is-layout-28f84493 wp-block-columns-is-layout-flex\">\n<div class=\"wp-block-column is-layout-flow wp-block-column-is-layout-flow\" style=\"flex-basis:66.66%\">\n<p>Kissanpennun hankinta ei saisi koskaan olla impulssiostos. Kissalle on pystytt\u00e4v\u00e4 tarjoamaan pysyv\u00e4 ja turvallinen koti koko sen elini\u00e4ksi, eik\u00e4 siit\u00e4 saa tulla kaveripiirin tai l\u00e4hisuvun heittopussia. Siksi asiaa on syyt\u00e4 mietti\u00e4 terveell\u00e4 j\u00e4rjell\u00e4. Olenko valmis kantamaan vastuun kissasta jopa 20 vuoden ajan senkin j\u00e4lkeen, kun suloisesta pennusta on kasvanut aikuinen?<\/p>\n\n\n\n<p>Yht\u00e4 lailla t\u00e4ytyy mietti\u00e4, miten kissa sopii omaan el\u00e4m\u00e4ntyyliin. Vaikka kissaa ei tarvitse p\u00e4ivitt\u00e4in ulkoiluttaa, se ei ole koiraa helpompi lemmikki. Siin\u00e4 miss\u00e4 koiran voi k\u00e4tev\u00e4sti ottaa mukaan m\u00f6kkireissulle tai automatkalle v\u00e4h\u00e4n kauemmaksikin, kissan kuljettelu lomamatkoille ei v\u00e4ltt\u00e4m\u00e4tt\u00e4 onnistu. Silloin on syyt\u00e4 olla tiedossa hyv\u00e4 hoitopaikka tai luotettava hoitaja, joka tulee kotiin v\u00e4hint\u00e4\u00e4n kaksi kertaa p\u00e4iv\u00e4ss\u00e4.<\/p>\n\n\n\n<p>Eik\u00e4 riit\u00e4, ett\u00e4 hoitokuviot toimivat seuraavat viisi vuotta anopin tai perheen teinien avulla. Hoitajaa voidaan tarvita sen j\u00e4lkeenkin. Anoppi vanhenee ja teinit voivat muuttaa kauas lapsuudenkodistaan.<\/p>\n\n\n\n<p>Ragdolleja pidet\u00e4\u00e4n melko rauhallisina, mutta pelkk\u00e4 sohvaperunan rooli&nbsp; ei ole hyv\u00e4ksi niillek\u00e4\u00e4n. Jotta kissa pysyisi kunnossa ja lihakset kimmoisina, se tarvitsee liikuntaa. Ragdollin houkutteleminen leikkiin ja liikuntaharrastukseen j\u00e4\u00e4 omistajan teht\u00e4v\u00e4ksi. Kunhan aloittaa heti pentuna, my\u00f6s ragdollin kanssa voi ulkoilla ja harrastaa mielin m\u00e4\u00e4rin.<\/p>\n\n\n\n<p>Jos ragdoll tuntuu juuri omalta rodulta ja el\u00e4m\u00e4ntilanne on pennun ottamiselle sopiva, on aika kartoittaa kasvattajia. T\u00e4lt\u00e4 sivustolta l\u00f6yd\u00e4t listan suomalaisista, Suomen Ragdoll-kissayhdistykseen kuuluvista ja pentunsa Kissaliittoon rekister\u00f6ivist\u00e4 kasvattajista.<\/p>\n\n\n\n<p>Kasvattajien aktiivisuus vaihtelee paljon. Joillakin on pentueita monta vuodessa, toisille taas niit\u00e4 syntyy vain harvakseltaan. Pentujen m\u00e4\u00e4r\u00e4 ei kuitenkaan kerro mit\u00e4\u00e4n kasvattajan taidoista, osaamisesta tai vastuullisuudesta. N\u00e4iden seikkojen selvitt\u00e4miseen ostajan on syyt\u00e4 paneutua tarkasti, jotta saa sen mit\u00e4 etsii: terveen, hyvin sosiaalistetun ja luottavaisen pennun.<\/p>\n\n\n\n<p>T\u00e4m\u00e4n sivun lopussa olevan pennunostajan kysymyslistan avulla selvit\u00e4t, kuinka hyvin kasvattaja on paneutunut pennun terveyteen liittyviin seikkoihin ja miten sen el\u00e4m\u00e4 ensimm\u00e4isten kuukausien aikana on l\u00e4htenyt sujumaan. Kaikkia ep\u00e4kohtia ei voi korjata my\u00f6hemmin, vaikka kuinka hellisi, hoivaisi ja rakastaisi kissaa.<\/p>\n\n\n\n<p>Kasvattajan kanssa on my\u00f6s hyv\u00e4 synty\u00e4 jonkinlainen yhteinen aaltopituus, sill\u00e4 kasvattajan puoleen t\u00e4ytyy voida k\u00e4\u00e4nty\u00e4 my\u00f6hemminkin, jos tulee vastoink\u00e4ymisi\u00e4. Aina voi tapahtua yll\u00e4tt\u00e4vi\u00e4 tapaturmia tai sairastumisia, ja silloin kasvattajalta saa arvokkaita neuvoja tai ainakin henkist\u00e4 tukea.<\/p>\n\n\n\n<p>Ostaja haluaa l\u00f6yt\u00e4\u00e4 hyv\u00e4n kasvattajan, ja kasvattaja haluaa myyd\u00e4 suloisen pentunsa ostajalle, johon voi luottaa. Niinp\u00e4 ostajan tulee varautua antamaan itsest\u00e4\u00e4n heti aluksi hyv\u00e4 vaikutelma.<\/p>\n\n\n\n<p>Jos on tosissaan liikkeell\u00e4, kannattaa kertoa melko tarkkaan itsest\u00e4\u00e4n ja perheest\u00e4\u00e4n, el\u00e4m\u00e4ntilanteestaan ja miten asuu. Kasvattajan t\u00e4ytyy ajatella kissan parasta, koska kissa voi joutua maksamaan kalliisti h\u00e4nen virheest\u00e4\u00e4n kodin valinnassa.<\/p>\n\n\n\n<p>Lapsiperhe voi olla kissalle oikein hyv\u00e4 paikka asua, koska virikkeit\u00e4 ja leikkiseuraa riitt\u00e4\u00e4. Mutta jos pieni\u00e4 lapsia on useita, kasvattaja joutuu miettim\u00e4\u00e4n, mahtuuko pentu en\u00e4\u00e4 sekaan vai j\u00e4\u00e4k\u00f6 se lapsilauman jalkoihin. Sama koskee kotia, jossa on monta el\u00e4int\u00e4 jo valmiiksi. Aina niiden kemiat eiv\u00e4t kohtaa uuden tulokkaan kanssa.<\/p>\n\n\n\n<p>Tulevan kodin talouden tulee olla niin vakaa, ett\u00e4 tulot riitt\u00e4v\u00e4t kissan hoitamiseen \u2013 tapahtui sille mit\u00e4 tahansa. Tai sitten pit\u00e4\u00e4 olla varaa ottaa kissalle vakuutus, joka korvaa ik\u00e4v\u00e4t yll\u00e4tykset.<\/p>\n\n\n\n<p>Jos kasvattaja tenttaa ostajaehdokkaan asioita tarkkaan, se on hyv\u00e4 merkki ja kertoo siit\u00e4, ett\u00e4 kasvattaja haluaa l\u00f6yt\u00e4\u00e4 pennuilleen juuri oikeat kodit.<\/p>\n\n\n\n<p>Pentuaika ennen uuteen kotiin muuttoa on kaikkein t\u00e4rkeint\u00e4 sosiaalistumisen aikaa. Silloin pentujen tulisi saada paljon k\u00e4sittely\u00e4 ja ihmiskontakteja, jotta ne oppivat luottamaan ihmisiin ja kasvavat sosiaalisiksi. Ihanteellinen kasvuymp\u00e4rist\u00f6 pennuille ei v\u00e4ltt\u00e4m\u00e4tt\u00e4 ole p\u00e4iv\u00e4t t\u00f6iss\u00e4 olevan yksinasujan hiljainen koti, jossa ei k\u00e4y juuri koskaan vieraita. Pentujen on hyv\u00e4 tottua erilaisiin kodin \u00e4\u00e4niin ja siihen, ett\u00e4 ihmisi\u00e4 tulee ja menee.<\/p>\n\n\n\n<p>Varsinkin jos on jo el\u00e4kkeell\u00e4, ostajan on hyv\u00e4 mietti\u00e4, kuinka pitk\u00e4\u00e4n omat voimavarat riitt\u00e4v\u00e4t pennusta tai nuoresta kissasta huolehtimiseen. Hyv\u00e4 vaihtoehto pennulle on uutta kotia tarvitseva aikuinen tai vanheneva kissa. Se voi tulla esimerkiksi kodista, jossa joku perheenj\u00e4senist\u00e4 on allergisoitunut kissoille tai kissojen kesken on tullut riitaa, ja jollekin niist\u00e4 joudutaan liian stressin v\u00e4ltt\u00e4miseksi etsim\u00e4\u00e4n uusi koti.<\/p>\n\n\n\n<p>Kodinvaihtaja on yleens\u00e4 jo hyvin tavoille oppinut kissa, joka ei en\u00e4\u00e4 viitsi riehua pennun tavoin. Varsinkin seniori-ik\u00e4inen kissa voi olla hyvinkin l\u00e4heisyytt\u00e4 kaipaava ja viihty\u00e4 syliss\u00e4 paljon nuorta kissaa paremmin.<\/p>\n\n\n\n<p>Kannattaa kysell\u00e4 tarkkaan, millaisiin ruokiin kodinvaihtaja on tottunut ja millaiset sen p\u00e4iv\u00e4rutiinit ovat. Samoin on hyv\u00e4 selvitt\u00e4\u00e4, onko kissalla ollut joitain terveysongelmia ja miss\u00e4 kunnossa sen hampaat ovat, koska n\u00e4ist\u00e4 voi tulla kustannuksia my\u00f6hemminkin.<\/p>\n\n\n\n<p>Mit\u00e4\u00e4n terveystakuuta ei aikuiselle kissalle voi tietenk\u00e4\u00e4n antaa sen enemp\u00e4\u00e4 kuin pennullekaan. Olisi kuitenkin hyv\u00e4 k\u00e4ytt\u00e4\u00e4 kissa el\u00e4inl\u00e4\u00e4k\u00e4rin tarkastuksessa ennen muuttoa uuteen kotiin, jotta ostajalle ei heti tule kalliita yll\u00e4tyksi\u00e4.<\/p>\n<\/div>\n\n\n\n<div class=\"wp-block-column is-layout-flow wp-block-column-is-layout-flow\" style=\"flex-basis:20px\"><\/div>\n\n\n\n<div class=\"wp-block-column is-layout-flow wp-block-column-is-layout-flow\" style=\"flex-basis:33.33%\">\n<h5 class=\"wp-block-heading\"><strong>6 Kysymyst\u00e4 kasvattajalle<\/strong>:<\/h5>\n\n\n\n<p>Vastuullinen kasvattaja vastaa mielell\u00e4\u00e4n n\u00e4ihin kysymyksiin. Jos et saa kunnollista vastausta, on parasta etsi\u00e4 toinen kasvattaja.<\/p>\n\n\n\n<h6 class=\"wp-block-heading\" style=\"text-transform:none\"><strong>1. Onko pennulla ollut pentuaikana sairauksia ja miten ne on hoidettu?<\/strong><\/h6>\n\n\n\n<p>Ohimenev\u00e4t pikkuripulit ovat yleisi\u00e4, mutta pennun t\u00e4ytyy olla terve, kun se luovutetaan.<\/p>\n\n\n\n<h6 class=\"wp-block-heading\" style=\"text-transform:none\"><strong>2. Onko pennun vanhemmille tehty syd\u00e4n- ja munuaisultra?<\/strong> <\/h6>\n\n\n\n<p>T\u00e4m\u00e4 ei ole pakollinen, mutta n\u00e4in varmistetaan, ettei siitokseen k\u00e4ytet\u00e4 kissoja, joilla on havaittu muutoksia syd\u00e4mess\u00e4 tai munuaisissa.<\/p>\n\n\n\n<h6 class=\"wp-block-heading\" style=\"text-transform:none\"><strong>3. Onko pennun esivanhemmilla ollut jotain merkitt\u00e4vi\u00e4 sairauksia?<\/strong> <\/h6>\n\n\n\n<p>Esimerkiksi syd\u00e4n- ja munuaissairaudet voivat periyty\u00e4 ja taipumuksen hammassy\u00f6pym\u00e4\u00e4n uskotaan olevan perinn\u00f6llist\u00e4.<\/p>\n\n\n\n<h6 class=\"wp-block-heading\" style=\"text-transform:none\"><strong>4. Mik\u00e4 pennun sukusiitosaste on?<\/strong><\/h6>\n\n\n\n<p>Suomalaisten ragdollien keskim\u00e4\u00e4r\u00e4inen sukusiitosaste on 3,45 % (10 sukupolvella). Serkusparituksen sukusiitosaste on 6,25 %, jonka tulisi olla ehdoton maksimi. Jos sukusiitosaste on yli 10 %, perinn\u00f6llisten sairauksien riski lis\u00e4\u00e4ntyy huomattavasti.<\/p>\n\n\n\n<h6 class=\"wp-block-heading\" style=\"text-transform:none\"><strong>5. Millaista ruokaa pentu on saanut?<\/strong><\/h6>\n\n\n\n<p>Kissa syntyy noin 100 gramman painoisena ja on luovutettaessa noin kaksikiloinen. N\u00e4in valtavaan kasvuun se tarvitsee laadukasta ruokaa saadakseen kaiken tarvitsemansa. Pentuaikaista puutostilaa on vaikea korjata my\u00f6hemmin.<\/p>\n\n\n\n<h6 class=\"wp-block-heading\" style=\"text-transform:none\"><strong>6. Miten pentu on sosiaalistettu?<\/strong> <\/h6>\n\n\n\n<p>Kissan tulee ennen luovutusta tottua ihmisiin, k\u00e4sittelyyn ja kodin \u00e4\u00e4niin. Se ei saisi s\u00e4ikky\u00e4 vieraita eik\u00e4 varsinkaan purra tai s\u00e4hist\u00e4, kun sit\u00e4 l\u00e4hestyt\u00e4\u00e4n tai silitet\u00e4\u00e4n.<\/p>\n\n\n\n<figure class=\"wp-block-image size-large is-resized\"><img loading=\"lazy\" decoding=\"async\" width=\"1024\" height=\"750\" src=\"https:\/\/finragdolls.net.wp2.kotisivut.com\/wordpress\/wp-content\/uploads\/2024\/03\/Aennun-osatjalle-_-pentulahis-1024x750.jpg\" alt=\"\" class=\"wp-image-1413\" style=\"width:365px;height:auto\" srcset=\"https:\/\/finragdolls.net\/wp-content\/uploads\/2024\/03\/Aennun-osatjalle-_-pentulahis-1024x750.jpg 1024w, https:\/\/finragdolls.net\/wp-content\/uploads\/2024\/03\/Aennun-osatjalle-_-pentulahis-300x220.jpg 300w, https:\/\/finragdolls.net\/wp-content\/uploads\/2024\/03\/Aennun-osatjalle-_-pentulahis-768x562.jpg 768w, https:\/\/finragdolls.net\/wp-content\/uploads\/2024\/03\/Aennun-osatjalle-_-pentulahis-1536x1125.jpg 1536w, https:\/\/finragdolls.net\/wp-content\/uploads\/2024\/03\/Aennun-osatjalle-_-pentulahis-2048x1500.jpg 2048w\" sizes=\"auto, (max-width: 1024px) 100vw, 1024px\" \/><figcaption class=\"wp-element-caption\">Kuukauden ik\u00e4iset pennut ovat vastustamattoman suloisia, <br>mutta suinp\u00e4in ei kannata l\u00e4hte\u00e4 tekem\u00e4\u00e4n varausta.<\/figcaption><\/figure>\n<\/div>\n<\/div>\n<\/div>\n","protected":false},"excerpt":{"rendered":"<p>Pennun ostoa harkitsevalle Kissanpennun hankinta ei saisi koskaan olla impulssiostos. Kissalle on pystytt\u00e4v\u00e4 tarjoamaan pysyv\u00e4 ja turvallinen koti koko sen elini\u00e4ksi, eik\u00e4 siit\u00e4 saa tulla kaveripiirin tai l\u00e4hisuvun heittopussia. Siksi asiaa on syyt\u00e4 mietti\u00e4 terveell\u00e4 j\u00e4rjell\u00e4. Olenko valmis kantamaan vastuun kissasta jopa 20 vuoden ajan senkin j\u00e4lkeen, kun suloisesta pennusta on kasvanut aikuinen? Yht\u00e4 lailla [&hellip;]<\/p>\n","protected":false},"author":2,"featured_media":0,"parent":644,"menu_order":0,"comment_status":"closed","ping_status":"closed","template":"","meta":{"site-sidebar-layout":"default","site-content-layout":"","ast-site-content-layout":"default","site-content-style":"default","site-sidebar-style":"default","ast-global-header-display":"","ast-banner-title-visibility":"","ast-main-header-display":"","ast-hfb-above-header-display":"","ast-hfb-below-header-display":"","ast-hfb-mobile-header-display":"","site-post-title":"","ast-breadcrumbs-content":"","ast-featured-img":"","footer-sml-layout":"","ast-disable-related-posts":"","theme-transparent-header-meta":"","adv-header-id-meta":"","stick-header-meta":"","header-above-stick-meta":"","header-main-stick-meta":"","header-below-stick-meta":"","astra-migrate-meta-layouts":"default","ast-page-background-enabled":"default","ast-page-background-meta":{"desktop":{"background-color":"var(--ast-global-color-4)","background-image":"","background-repeat":"repeat","background-position":"center center","background-size":"auto","background-attachment":"scroll","background-type":"","background-media":"","overlay-type":"","overlay-color":"","overlay-opacity":"","overlay-gradient":""},"tablet":{"background-color":"","background-image":"","background-repeat":"repeat","background-position":"center center","background-size":"auto","background-attachment":"scroll","background-type":"","background-media":"","overlay-type":"","overlay-color":"","overlay-opacity":"","overlay-gradient":""},"mobile":{"background-color":"","background-image":"","background-repeat":"repeat","background-position":"center center","background-size":"auto","background-attachment":"scroll","background-type":"","background-media":"","overlay-type":"","overlay-color":"","overlay-opacity":"","overlay-gradient":""}},"ast-content-background-meta":{"desktop":{"background-color":"var(--ast-global-color-5)","background-image":"","background-repeat":"repeat","background-position":"center center","background-size":"auto","background-attachment":"scroll","background-type":"","background-media":"","overlay-type":"","overlay-color":"","overlay-opacity":"","overlay-gradient":""},"tablet":{"background-color":"var(--ast-global-color-5)","background-image":"","background-repeat":"repeat","background-position":"center center","background-size":"auto","background-attachment":"scroll","background-type":"","background-media":"","overlay-type":"","overlay-color":"","overlay-opacity":"","overlay-gradient":""},"mobile":{"background-color":"var(--ast-global-color-5)","background-image":"","background-repeat":"repeat","background-position":"center center","background-size":"auto","background-attachment":"scroll","background-type":"","background-media":"","overlay-type":"","overlay-color":"","overlay-opacity":"","overlay-gradient":""}},"ngg_post_thumbnail":0,"footnotes":""},"class_list":["post-615","page","type-page","status-publish","hentry"],"_links":{"self":[{"href":"https:\/\/finragdolls.net\/index.php\/wp-json\/wp\/v2\/pages\/615","targetHints":{"allow":["GET"]}}],"collection":[{"href":"https:\/\/finragdolls.net\/index.php\/wp-json\/wp\/v2\/pages"}],"about":[{"href":"https:\/\/finragdolls.net\/index.php\/wp-json\/wp\/v2\/types\/page"}],"author":[{"embeddable":true,"href":"https:\/\/finragdolls.net\/index.php\/wp-json\/wp\/v2\/users\/2"}],"replies":[{"embeddable":true,"href":"https:\/\/finragdolls.net\/index.php\/wp-json\/wp\/v2\/comments?post=615"}],"version-history":[{"count":8,"href":"https:\/\/finragdolls.net\/index.php\/wp-json\/wp\/v2\/pages\/615\/revisions"}],"predecessor-version":[{"id":1710,"href":"https:\/\/finragdolls.net\/index.php\/wp-json\/wp\/v2\/pages\/615\/revisions\/1710"}],"up":[{"embeddable":true,"href":"https:\/\/finragdolls.net\/index.php\/wp-json\/wp\/v2\/pages\/644"}],"wp:attachment":[{"href":"https:\/\/finragdolls.net\/index.php\/wp-json\/wp\/v2\/media?parent=615"}],"curies":[{"name":"wp","href":"https:\/\/api.w.org\/{rel}","templated":true}]}}