{"id":623,"date":"2023-10-29T17:41:57","date_gmt":"2023-10-29T17:41:57","guid":{"rendered":"https:\/\/finragdolls.net.wp2.kotisivut.com\/wordpress\/?page_id=623"},"modified":"2026-04-11T17:19:52","modified_gmt":"2026-04-11T17:19:52","slug":"kotia-etsivat-pennut-ja-aikuiset","status":"publish","type":"page","link":"https:\/\/finragdolls.net\/index.php\/pentuinfo\/kotia-etsivat-pennut-ja-aikuiset\/","title":{"rendered":"Kotia etsiv\u00e4t pennut ja aikuiset"},"content":{"rendered":"\n<h2 class=\"wp-block-heading\">Kotia etsiv\u00e4t pennut ja aikuiset<\/h2>\n\n\n\n<div class=\"inherit-container-width wp-block-group is-layout-constrained wp-container-core-group-is-layout-b6e7b98c wp-block-group-is-layout-constrained\" style=\"padding-right:0;padding-left:0\">\n<div class=\"wp-block-columns is-layout-flex wp-container-core-columns-is-layout-28f84493 wp-block-columns-is-layout-flex\">\n<div class=\"wp-block-column is-layout-flow wp-block-column-is-layout-flow\" style=\"flex-basis:66.66%\">\n<p><strong>Omaa ragdollia etsiv\u00e4lle<\/strong>:<br>Pentuneuvonnasta voi kysell\u00e4 kaikkea pentuihin liittyv\u00e4\u00e4. <br>Jos olet kiinnostunut jostain tietyst\u00e4, listalla olevasta pennusta tai aikuisesta, ota yhteytt\u00e4 kasvattajaan\/myyj\u00e4\u00e4n, jonka yhteystiedot ovat ennen ko. kissan tietoja.<\/p>\n\n\n\n<p><strong>Pentuneuvonta<\/strong><br>Helena Pasila (0440 273 273) &amp; <br>Maija Stenman <a href=\"mailto:pennut@finragdolls.net\">pennut@finragdolls.net<\/a><\/p>\n<\/div>\n\n\n\n<div class=\"wp-block-column is-layout-flow wp-block-column-is-layout-flow\" style=\"flex-basis:33.33%\">\n<p><strong>Kasvattajalle<\/strong>:<br>V\u00e4hint\u00e4\u00e4n kolmeviikkoiset pennut p\u00e4\u00e4sev\u00e4t listalle.<br><strong>Ilmoita pennut<\/strong> t\u00e4ll\u00e4 <a href=\"https:\/\/finragdolls.net.wp2.kotisivut.com\/wordpress\/index.php\/kasvatus\/kasvattajainfo-ja-tiedotteet\/1102-2\/\" data-type=\"page\" data-id=\"1102\"><\/a><a href=\"https:\/\/finragdolls.net\/index.php\/kasvatus\/kasvattajainfo-ja-tiedotteet\/1102-2\/\" data-type=\"page\" data-id=\"1102\">lomakkeella.<\/a><br>Ilmoita, kun pennut on varattu\/myyty os. webmaster@finragdolls.net<br>Yli 5 kk ik\u00e4iset pennut poistetaan listalta, ellei kasvattaja ilmoita toisin.<\/p>\n\n\n\n<p><strong>Aikuiset kotia<\/strong> etsiv\u00e4t voi ilmoittaa t\u00e4ll\u00e4 <a href=\"https:\/\/finragdolls.net\/index.php\/kasvatus\/kasvattajainfo-ja-tiedotteet\/ilmoita-aikuinen-listalle\/\" data-type=\"page\" data-id=\"1325\">lomakkeella<\/a><\/p>\n<\/div>\n<\/div>\n<\/div>\n\n\n\n<h3 class=\"wp-block-heading\">Pennut<\/h3>\n\n\n\n<div class=\"wp-block-columns has-ast-global-color-6-background-color has-background is-layout-flex wp-container-core-columns-is-layout-28f84493 wp-block-columns-is-layout-flex\">\n<div class=\"wp-block-column is-layout-flow wp-block-column-is-layout-flow\" style=\"flex-basis:33.33%\">\n<p><strong><a href=\"http:\/\/www.dollyblues.com\/\" data-type=\"link\" data-id=\"http:\/\/www.dollyblues.com\/\">FI*Dollyblues<\/a><\/strong> (30.3.2026)<br>Niina Kivi<br>J\u00e4rvenp\u00e4\u00e4<br> <br><a href=\"mailto:heartthrobsragdollit@gmail.com\"><\/a><a href=\"mailto:dollybluesrags@gmail.com\">dollybluesrags@gmail.com<\/a><\/p>\n<\/div>\n\n\n\n<div class=\"wp-block-column is-layout-flow wp-block-column-is-layout-flow\" style=\"flex-basis:44.45%\">\n<p><strong>S. 2.2.2026<\/strong><br>1 x naaras (sininen mitted) &#8211; lemmikki<br>4 x uros (sininen mitted) &#8211; lemmikki<\/p>\n\n\n\n<p>FI*Dollyblues Gravity Of Love (RAG a 03)  &amp;<br>FI*BlackRain&#8217;s Jack Reacher (RAG a) <\/p>\n<\/div>\n<\/div>\n\n\n\n<div style=\"height:19px\" aria-hidden=\"true\" class=\"wp-block-spacer\"><\/div>\n\n\n\n<div class=\"wp-block-columns has-ast-global-color-6-background-color has-background is-layout-flex wp-container-core-columns-is-layout-28f84493 wp-block-columns-is-layout-flex\">\n<div class=\"wp-block-column is-layout-flow wp-block-column-is-layout-flow\" style=\"flex-basis:33.33%\">\n<p><strong><a href=\"http:\/\/www.dollyblues.com\/\" data-type=\"link\" data-id=\"http:\/\/www.dollyblues.com\/\">FI*Dollyblues<\/a><\/strong> (30.3.2026)<br>Niina Kivi<br>J\u00e4rvenp\u00e4\u00e4<br> <br><a href=\"mailto:heartthrobsragdollit@gmail.com\"><\/a><a href=\"mailto:dollybluesrags@gmail.com\">dollybluesrags@gmail.com<\/a><\/p>\n<\/div>\n\n\n\n<div class=\"wp-block-column is-layout-flow wp-block-column-is-layout-flow\" style=\"flex-basis:44.45%\">\n<p><strong>S. 2.2.2026<\/strong><br>1 x naaras (sinikilpikonna mitted) &#8211; sijoitus<br>4 x uros (ruskea mitted) &#8211; lemmikki<\/p>\n\n\n\n<p>FI*Dollyblues With You In Your Dreams (RAG f 04) &amp;<br>FI*Maplehill&#8217;s Care Bear (RAG d 04)<\/p>\n<\/div>\n<\/div>\n\n\n\n<div style=\"height:19px\" aria-hidden=\"true\" class=\"wp-block-spacer\"><\/div>\n\n\n\n<div class=\"wp-block-columns has-ast-global-color-6-background-color has-background is-layout-flex wp-container-core-columns-is-layout-28f84493 wp-block-columns-is-layout-flex\">\n<div class=\"wp-block-column is-layout-flow wp-block-column-is-layout-flow\" style=\"flex-basis:33.33%\">\n<p><strong><a href=\"https:\/\/collicatin.vuodatus.net\/\" data-type=\"link\" data-id=\"https:\/\/collicatin.vuodatus.net\/\">FI*Collicatin<\/a><\/strong> (20.3.2026)<br>Susan Collin<br>\u00c4ht\u00e4ri<br>040 561 6411<br><a href=\"mailto:heartthrobsragdollit@gmail.com\"><\/a><a href=\"mailto:collicatin@gmail.com\">collicatin@gmail.com<\/a><\/p>\n\n\n\n<figure class=\"wp-block-image size-large\"><img loading=\"lazy\" decoding=\"async\" width=\"1024\" height=\"768\" src=\"https:\/\/finragdolls.net\/wp-content\/uploads\/2026\/03\/sirpan-pentu-2-1024x768.jpg\" alt=\"\" class=\"wp-image-2979\" srcset=\"https:\/\/finragdolls.net\/wp-content\/uploads\/2026\/03\/sirpan-pentu-2-1024x768.jpg 1024w, https:\/\/finragdolls.net\/wp-content\/uploads\/2026\/03\/sirpan-pentu-2-300x225.jpg 300w, https:\/\/finragdolls.net\/wp-content\/uploads\/2026\/03\/sirpan-pentu-2-768x576.jpg 768w, https:\/\/finragdolls.net\/wp-content\/uploads\/2026\/03\/sirpan-pentu-2-1536x1152.jpg 1536w, https:\/\/finragdolls.net\/wp-content\/uploads\/2026\/03\/sirpan-pentu-2-2048x1536.jpg 2048w\" sizes=\"auto, (max-width: 1024px) 100vw, 1024px\" \/><\/figure>\n<\/div>\n\n\n\n<div class=\"wp-block-column is-layout-flow wp-block-column-is-layout-flow\" style=\"flex-basis:44.45%\">\n<p><strong>S. 15.11.2025<\/strong><br>1 x naaras (ruskea mitted) &#8211; lemmikki<br><br>Sirpa Beruthiel*PL<strong> &amp;<\/strong><br>Zeppelin Supurrsonic*PL<\/p>\n<\/div>\n<\/div>\n\n\n\n<div style=\"height:19px\" aria-hidden=\"true\" class=\"wp-block-spacer\"><\/div>\n\n\n\n<div class=\"wp-block-columns has-ast-global-color-6-background-color has-background is-layout-flex wp-container-core-columns-is-layout-28f84493 wp-block-columns-is-layout-flex\">\n<div class=\"wp-block-column is-layout-flow wp-block-column-is-layout-flow\" style=\"flex-basis:33.33%\">\n<p><strong>FI*HeartThrob\u2019s<\/strong> (24.3.2026)<br>Helena Suominen-Rantanen<br>Masku<br>0405415909<br><a href=\"mailto:heartthrobsragdollit@gmail.com\"><\/a><a href=\"mailto:heartthrobsragdollit@gmail.com\">heartthrobsragdollit@gmail.com<\/a><\/p>\n\n\n\n<figure class=\"wp-block-image size-full\"><img loading=\"lazy\" decoding=\"async\" width=\"400\" height=\"303\" src=\"https:\/\/finragdolls.net\/wp-content\/uploads\/2026\/04\/image_50729729-1.jpg\" alt=\"\" class=\"wp-image-3005\" srcset=\"https:\/\/finragdolls.net\/wp-content\/uploads\/2026\/04\/image_50729729-1.jpg 400w, https:\/\/finragdolls.net\/wp-content\/uploads\/2026\/04\/image_50729729-1-300x227.jpg 300w\" sizes=\"auto, (max-width: 400px) 100vw, 400px\" \/><\/figure>\n<\/div>\n\n\n\n<div class=\"wp-block-column is-layout-flow wp-block-column-is-layout-flow\" style=\"flex-basis:44.45%\">\n<p><strong>S. 27.2.2026<\/strong><br>1 x naaras (sininen mitted) &#8211; lemmikki \/ sijoitus<br>1 x uros (sinitabby colourpoint) &#8211; lemmikki <br>1 x uros (sinitabby mitted) &#8211; lemmikki <br>1 x uros (sininen mitted) <\/p>\n\n\n\n<p>FI*HeartThrob\u2019s Kuura, RAG a 04 21 #<br>FI*Maplehill\u2019s Blueberry Blue, RAG a 04<\/p>\n\n\n\n<div class=\"wp-block-columns is-layout-flex wp-container-core-columns-is-layout-28f84493 wp-block-columns-is-layout-flex\">\n<div class=\"wp-block-column is-layout-flow wp-block-column-is-layout-flow\">\n<figure class=\"wp-block-image size-full is-resized\"><img loading=\"lazy\" decoding=\"async\" width=\"300\" height=\"400\" src=\"https:\/\/finragdolls.net\/wp-content\/uploads\/2026\/04\/image_50408705.jpg\" alt=\"\" class=\"wp-image-3006\" style=\"width:201px;height:auto\" srcset=\"https:\/\/finragdolls.net\/wp-content\/uploads\/2026\/04\/image_50408705.jpg 300w, https:\/\/finragdolls.net\/wp-content\/uploads\/2026\/04\/image_50408705-225x300.jpg 225w\" sizes=\"auto, (max-width: 300px) 100vw, 300px\" \/><\/figure>\n<\/div>\n\n\n\n<div class=\"wp-block-column is-layout-flow wp-block-column-is-layout-flow\">\n<figure class=\"wp-block-image size-full\"><img loading=\"lazy\" decoding=\"async\" width=\"300\" height=\"330\" src=\"https:\/\/finragdolls.net\/wp-content\/uploads\/2026\/04\/image_67239681.jpg\" alt=\"\" class=\"wp-image-3007\" srcset=\"https:\/\/finragdolls.net\/wp-content\/uploads\/2026\/04\/image_67239681.jpg 300w, https:\/\/finragdolls.net\/wp-content\/uploads\/2026\/04\/image_67239681-273x300.jpg 273w\" sizes=\"auto, (max-width: 300px) 100vw, 300px\" \/><\/figure>\n<\/div>\n<\/div>\n<\/div>\n<\/div>\n\n\n\n\n\n<div style=\"height:19px\" aria-hidden=\"true\" class=\"wp-block-spacer\"><\/div>\n\n\n\n<h3 class=\"wp-block-heading\">Aikuiset<\/h3>\n\n\n\n\n\n<div style=\"height:19px\" aria-hidden=\"true\" class=\"wp-block-spacer\"><\/div>\n\n\n\n<div style=\"height:19px\" aria-hidden=\"true\" class=\"wp-block-spacer\"><\/div>\n\n\n\n<div style=\"height:19px\" aria-hidden=\"true\" class=\"wp-block-spacer\"><\/div>\n\n\n\n<div style=\"height:0px\" aria-hidden=\"true\" class=\"wp-block-spacer\"><\/div>\n\n\n\n<div style=\"height:0px\" aria-hidden=\"true\" class=\"wp-block-spacer\"><\/div>\n\n\n\n<div style=\"height:0px\" aria-hidden=\"true\" class=\"wp-block-spacer\"><\/div>\n\n\n\n<div style=\"height:0px\" aria-hidden=\"true\" class=\"wp-block-spacer\"><\/div>\n\n\n\n<div style=\"height:0px\" aria-hidden=\"true\" class=\"wp-block-spacer\"><\/div>\n\n\n\n<div style=\"height:0px\" aria-hidden=\"true\" class=\"wp-block-spacer\"><\/div>\n\n\n\n<div style=\"height:0px\" aria-hidden=\"true\" class=\"wp-block-spacer\"><\/div>\n\n\n\n<div style=\"height:0px\" aria-hidden=\"true\" class=\"wp-block-spacer\"><\/div>\n\n\n\n<div style=\"height:0px\" aria-hidden=\"true\" class=\"wp-block-spacer\"><\/div>\n\n\n\n<p><\/p>\n","protected":false},"excerpt":{"rendered":"<p>Kotia etsiv\u00e4t pennut ja aikuiset Omaa ragdollia etsiv\u00e4lle:Pentuneuvonnasta voi kysell\u00e4 kaikkea pentuihin liittyv\u00e4\u00e4. Jos olet kiinnostunut jostain tietyst\u00e4, listalla olevasta pennusta tai aikuisesta, ota yhteytt\u00e4 kasvattajaan\/myyj\u00e4\u00e4n, jonka yhteystiedot ovat ennen ko. kissan tietoja. PentuneuvontaHelena Pasila (0440 273 273) &amp; Maija Stenman pennut@finragdolls.net Kasvattajalle:V\u00e4hint\u00e4\u00e4n kolmeviikkoiset pennut p\u00e4\u00e4sev\u00e4t listalle.Ilmoita pennut t\u00e4ll\u00e4 lomakkeella.Ilmoita, kun pennut on varattu\/myyty os. [&hellip;]<\/p>\n","protected":false},"author":2,"featured_media":0,"parent":644,"menu_order":0,"comment_status":"closed","ping_status":"closed","template":"","meta":{"site-sidebar-layout":"default","site-content-layout":"","ast-site-content-layout":"default","site-content-style":"default","site-sidebar-style":"default","ast-global-header-display":"","ast-banner-title-visibility":"","ast-main-header-display":"","ast-hfb-above-header-display":"","ast-hfb-below-header-display":"","ast-hfb-mobile-header-display":"","site-post-title":"disabled","ast-breadcrumbs-content":"","ast-featured-img":"","footer-sml-layout":"","ast-disable-related-posts":"","theme-transparent-header-meta":"","adv-header-id-meta":"","stick-header-meta":"","header-above-stick-meta":"","header-main-stick-meta":"","header-below-stick-meta":"","astra-migrate-meta-layouts":"set","ast-page-background-enabled":"default","ast-page-background-meta":{"desktop":{"background-color":"var(--ast-global-color-4)","background-image":"","background-repeat":"repeat","background-position":"center center","background-size":"auto","background-attachment":"scroll","background-type":"","background-media":"","overlay-type":"","overlay-color":"","overlay-opacity":"","overlay-gradient":""},"tablet":{"background-color":"","background-image":"","background-repeat":"repeat","background-position":"center center","background-size":"auto","background-attachment":"scroll","background-type":"","background-media":"","overlay-type":"","overlay-color":"","overlay-opacity":"","overlay-gradient":""},"mobile":{"background-color":"","background-image":"","background-repeat":"repeat","background-position":"center center","background-size":"auto","background-attachment":"scroll","background-type":"","background-media":"","overlay-type":"","overlay-color":"","overlay-opacity":"","overlay-gradient":""}},"ast-content-background-meta":{"desktop":{"background-color":"var(--ast-global-color-5)","background-image":"","background-repeat":"repeat","background-position":"center center","background-size":"auto","background-attachment":"scroll","background-type":"","background-media":"","overlay-type":"","overlay-color":"","overlay-opacity":"","overlay-gradient":""},"tablet":{"background-color":"var(--ast-global-color-5)","background-image":"","background-repeat":"repeat","background-position":"center center","background-size":"auto","background-attachment":"scroll","background-type":"","background-media":"","overlay-type":"","overlay-color":"","overlay-opacity":"","overlay-gradient":""},"mobile":{"background-color":"var(--ast-global-color-5)","background-image":"","background-repeat":"repeat","background-position":"center center","background-size":"auto","background-attachment":"scroll","background-type":"","background-media":"","overlay-type":"","overlay-color":"","overlay-opacity":"","overlay-gradient":""}},"ngg_post_thumbnail":0,"footnotes":""},"class_list":["post-623","page","type-page","status-publish","hentry"],"_links":{"self":[{"href":"https:\/\/finragdolls.net\/index.php\/wp-json\/wp\/v2\/pages\/623","targetHints":{"allow":["GET"]}}],"collection":[{"href":"https:\/\/finragdolls.net\/index.php\/wp-json\/wp\/v2\/pages"}],"about":[{"href":"https:\/\/finragdolls.net\/index.php\/wp-json\/wp\/v2\/types\/page"}],"author":[{"embeddable":true,"href":"https:\/\/finragdolls.net\/index.php\/wp-json\/wp\/v2\/users\/2"}],"replies":[{"embeddable":true,"href":"https:\/\/finragdolls.net\/index.php\/wp-json\/wp\/v2\/comments?post=623"}],"version-history":[{"count":354,"href":"https:\/\/finragdolls.net\/index.php\/wp-json\/wp\/v2\/pages\/623\/revisions"}],"predecessor-version":[{"id":3008,"href":"https:\/\/finragdolls.net\/index.php\/wp-json\/wp\/v2\/pages\/623\/revisions\/3008"}],"up":[{"embeddable":true,"href":"https:\/\/finragdolls.net\/index.php\/wp-json\/wp\/v2\/pages\/644"}],"wp:attachment":[{"href":"https:\/\/finragdolls.net\/index.php\/wp-json\/wp\/v2\/media?parent=623"}],"curies":[{"name":"wp","href":"https:\/\/api.w.org\/{rel}","templated":true}]}}