{"id":625,"date":"2023-10-29T17:43:54","date_gmt":"2023-10-29T17:43:54","guid":{"rendered":"https:\/\/finragdolls.net.wp2.kotisivut.com\/wordpress\/?page_id=625"},"modified":"2026-02-26T21:38:22","modified_gmt":"2026-02-26T21:38:22","slug":"siitosurokset","status":"publish","type":"page","link":"https:\/\/finragdolls.net\/index.php\/kasvatus\/siitosurokset\/","title":{"rendered":"Siitosurokset"},"content":{"rendered":"\n<h2 class=\"wp-block-heading\">Siitosurokset<\/h2>\n\n\n\n<p>(Kasvattaja! Ilmoita kolli listalle <strong><a href=\"ttps:\/\/finragdolls.net\/index.php\/kasvatus\/kasvattajainfo-ja-tiedotteet\/lisaa-siitosuros\/\" data-type=\"link\" data-id=\"ttps:\/\/finragdolls.net\/index.php\/kasvatus\/kasvattajainfo-ja-tiedotteet\/lisaa-siitosuros\/\">t\u00e4ll\u00e4 lomakkeella<\/a><\/strong>  ja p\u00e4ivitykset <a href=\"mailto:webmaster@finragdolls.net\">webmaster@finragdolls.net<\/a> )<\/p>\n\n\n\n<div style=\"height:28px\" aria-hidden=\"true\" class=\"wp-block-spacer\"><\/div>\n\n\n\n<div style=\"height:29px\" aria-hidden=\"true\" class=\"wp-block-spacer\"><\/div>\n\n\n\n<div class=\"wp-block-columns has-ast-global-color-6-background-color has-background is-layout-flex wp-container-core-columns-is-layout-28f84493 wp-block-columns-is-layout-flex\">\n<div class=\"wp-block-column is-layout-flow wp-block-column-is-layout-flow\" style=\"flex-basis:400px\">\n<h6 class=\"wp-block-heading\"><strong>Ruskea mitted \u200b <\/strong>(RAG n 04)<br><strong><br><\/strong>FI*Valkokullan Arata -Archie-<\/h6>\n\n\n\n<figure class=\"wp-block-image alignleft size-full is-resized\"><img loading=\"lazy\" decoding=\"async\" width=\"1080\" height=\"1062\" src=\"https:\/\/finragdolls.net\/wp-content\/uploads\/2025\/07\/Valkokullan-Archie.jpg\" alt=\"\" class=\"wp-image-2590\" style=\"width:292px;height:auto\" srcset=\"https:\/\/finragdolls.net\/wp-content\/uploads\/2025\/07\/Valkokullan-Archie.jpg 1080w, https:\/\/finragdolls.net\/wp-content\/uploads\/2025\/07\/Valkokullan-Archie-300x295.jpg 300w, https:\/\/finragdolls.net\/wp-content\/uploads\/2025\/07\/Valkokullan-Archie-1024x1007.jpg 1024w, https:\/\/finragdolls.net\/wp-content\/uploads\/2025\/07\/Valkokullan-Archie-768x755.jpg 768w\" sizes=\"auto, (max-width: 1080px) 100vw, 1080px\" \/><\/figure>\n<\/div>\n\n\n\n<div class=\"wp-block-column is-layout-flow wp-block-column-is-layout-flow\">\n<p><strong>S:<\/strong> 18.10.2021<br><strong>Is\u00e4:<\/strong>&nbsp;IP, SC George Azure Eyes*PL (RAG n 04) <br><strong>Emo:&nbsp;<\/strong>FI*Valkokullan Sofia (RAG g 04) <br><strong>Kasvattaja:<\/strong>&nbsp;Sini Rajahalme<br><strong>Omistaja:&nbsp;<\/strong>Kati Knaapi, Kangasala<br>044 256 9675<br><a href=\"mailto:kati.knaapi@gmail.com\">kati.knaapi@gmail.com<\/a><\/p>\n\n\n\n<p><strong>Terveystiedot:<\/strong><br>\u200bVeriryhm\u00e4<strong>:<\/strong>&nbsp;B&nbsp;<br>Jalostustestit OK (FIV, FeLV, veriryhm\u00e4). Syd\u00e4n-U\u00c4 ok, munuais-U\u00c4 ok, <br><a href=\"https:\/\/kissat.kissaliitto.fi\/perusnaytto_kissa.aspx?id=283352\" data-type=\"link\" data-id=\"https:\/\/kissat.kissaliitto.fi\/perusnaytto_kissa.aspx?id=283352\">Sukutaulu \/ pedigree<\/a><\/p>\n\n\n\n<p><strong>Lis\u00e4tiedot:<\/strong> kantaa sinist\u00e4<\/p>\n<\/div>\n<\/div>\n\n\n\n<div style=\"height:29px\" aria-hidden=\"true\" class=\"wp-block-spacer\"><\/div>\n\n\n\n<div class=\"wp-block-columns has-ast-global-color-6-background-color has-background is-layout-flex wp-container-core-columns-is-layout-28f84493 wp-block-columns-is-layout-flex\">\n<div class=\"wp-block-column is-layout-flow wp-block-column-is-layout-flow\" style=\"flex-basis:400px\">\n<h6 class=\"wp-block-heading\"><strong>Sininen mitted \u200b <\/strong>(RAG n 04)<br><strong><br><\/strong>JCH FI*Dollgarden\u2019s Pyrus -Pedro&#8211;<br><\/h6>\n\n\n\n<figure class=\"wp-block-image alignleft size-full is-resized\"><img loading=\"lazy\" decoding=\"async\" width=\"1920\" height=\"2560\" src=\"https:\/\/finragdolls.net\/wp-content\/uploads\/2026\/02\/pedro-scaled.jpg\" alt=\"\" class=\"wp-image-2925\" style=\"aspect-ratio:0.7500100333105911;width:260px;height:auto\" srcset=\"https:\/\/finragdolls.net\/wp-content\/uploads\/2026\/02\/pedro-scaled.jpg 1920w, https:\/\/finragdolls.net\/wp-content\/uploads\/2026\/02\/pedro-225x300.jpg 225w, https:\/\/finragdolls.net\/wp-content\/uploads\/2026\/02\/pedro-768x1024.jpg 768w, https:\/\/finragdolls.net\/wp-content\/uploads\/2026\/02\/pedro-1152x1536.jpg 1152w, https:\/\/finragdolls.net\/wp-content\/uploads\/2026\/02\/pedro-1536x2048.jpg 1536w\" sizes=\"auto, (max-width: 1920px) 100vw, 1920px\" \/><\/figure>\n<\/div>\n\n\n\n<div class=\"wp-block-column is-layout-flow wp-block-column-is-layout-flow\">\n<p><strong>S:<\/strong> 25.12.2024<br><strong>Is\u00e4:<\/strong>&nbsp;JCH KCH FI*Kontessa Dominatore dell\u2019Aria (RAG a 03)<br><strong>Emo:&nbsp;<\/strong>CH FI*Dollgarden\u2019s Nigella (RAG a 04)<br><strong>Kasvattaja:<\/strong>&nbsp;Maija Stenman<br><strong>Omistaja:&nbsp;<\/strong>Maija Stenman ja Lotta Bahr, Helsinki<br>040 513 4011<br><a href=\"mailto:fin.dollgardens@gmail.com\">fin.dollgardens@gmail.com<\/a><\/p>\n\n\n\n<p>T<strong>erveystiedot:<\/strong><br>\u200bVeriryhm\u00e4<strong>:<\/strong>\u00a0A\u00a0 \u00a0<br>Jalostustestit OK (FIV, FeLV, veriryhm\u00e4). Syd\u00e4n-U\u00c4 , munuais-U\u00c4 tehd\u00e4\u00e4n ennen ensimm\u00e4ist\u00e4 astutusta<br>lostustestit OK (FIV, FeLV, veriryhm\u00e4). Syd\u00e4n-U\u00c4 ok, munuais-U\u00c4 ok, <br>Sukutaulussa ei Patriarca Guccia <br><a href=\"https:\/\/kissat.kissaliitto.fi\/perusnaytto_kissa.aspx?id=345857\">sukutaulu \/ pedigree<\/a><\/p>\n\n\n\n<p><strong>Lis\u00e4tiedot: <\/strong>kantaa suklaata<\/p>\n<\/div>\n<\/div>\n\n\n\n<div style=\"height:29px\" aria-hidden=\"true\" class=\"wp-block-spacer\"><\/div>\n\n\n\n<div class=\"wp-block-columns has-ast-global-color-6-background-color has-background is-layout-flex wp-container-core-columns-is-layout-28f84493 wp-block-columns-is-layout-flex\">\n<div class=\"wp-block-column is-layout-flow wp-block-column-is-layout-flow\" style=\"flex-basis:400px\">\n<h6 class=\"wp-block-heading\"><strong>Ruskea mitted \u200b <\/strong>(RAG n 04)<br><strong><br><\/strong>FI*Rookatin Kulkuri -Laku-<\/h6>\n\n\n\n<figure class=\"wp-block-image alignleft size-full is-resized\"><img loading=\"lazy\" decoding=\"async\" width=\"876\" height=\"837\" src=\"https:\/\/finragdolls.net\/wp-content\/uploads\/2025\/07\/rookatin-LAKU2A-1.jpeg\" alt=\"\" class=\"wp-image-2587\" style=\"width:252px;height:auto\" srcset=\"https:\/\/finragdolls.net\/wp-content\/uploads\/2025\/07\/rookatin-LAKU2A-1.jpeg 876w, https:\/\/finragdolls.net\/wp-content\/uploads\/2025\/07\/rookatin-LAKU2A-1-300x287.jpeg 300w, https:\/\/finragdolls.net\/wp-content\/uploads\/2025\/07\/rookatin-LAKU2A-1-768x734.jpeg 768w\" sizes=\"auto, (max-width: 876px) 100vw, 876px\" \/><\/figure>\n<\/div>\n\n\n\n<div class=\"wp-block-column is-layout-flow wp-block-column-is-layout-flow\">\n<p><strong>S:<\/strong> 28.03.2024<br><strong>Is\u00e4:<\/strong>&nbsp;FI*Dollyblues The Colour of My Love (RAG n 03)<br><strong>Emo:&nbsp;<\/strong>FI*Maplehill&#8217;s Almond Kiss (RAG a)<br><strong>Kasvattaja:<\/strong>&nbsp;Kati Sironen<br><strong>Omistaja:&nbsp;<\/strong>Kati Sironen, Espoo<br>050 584 1576<br><a href=\"mailto:katisironen@rookatinkissala.com\">katisironen@rookatinkissala.com<\/a><\/p>\n\n\n\n<p><strong>Terveystiedot:<\/strong><br>\u200bVeriryhm\u00e4<strong>:<\/strong>&nbsp;A&nbsp; &nbsp;<br>Jalostustestit OK (FIV, FeLV, veriryhm\u00e4). Syd\u00e4n-U\u00c4 ok, munuais-U\u00c4 ok, <br>Sukutaulussa ei Patriarca Guccia<br><a href=\"https:\/\/kissat.kissaliitto.fi\/Pedigree?id=331881\" data-type=\"link\" data-id=\"https:\/\/kissat.kissaliitto.fi\/Pedigree?id=331881\">sukutaulu \/ pedigree<\/a><\/p>\n<\/div>\n<\/div>\n\n\n\n<div style=\"height:29px\" aria-hidden=\"true\" class=\"wp-block-spacer\"><\/div>\n\n\n\n<div class=\"wp-block-columns has-ast-global-color-6-background-color has-background is-layout-flex wp-container-core-columns-is-layout-28f84493 wp-block-columns-is-layout-flex\">\n<div class=\"wp-block-column is-layout-flow wp-block-column-is-layout-flow\" style=\"flex-basis:400px\">\n<h6 class=\"wp-block-heading\"><strong>Punainen colourpoint \u200b<\/strong> (RAG d)<br><br>Pilvituuli Kide -Paroni-<\/h6>\n\n\n\n<figure class=\"wp-block-image alignleft size-full is-resized\"><img loading=\"lazy\" decoding=\"async\" width=\"1500\" height=\"2000\" src=\"https:\/\/finragdolls.net\/wp-content\/uploads\/2026\/02\/Pilvituuli.jpg\" alt=\"\" class=\"wp-image-2928\" style=\"aspect-ratio:0.7500100333105911;width:197px;height:auto\" srcset=\"https:\/\/finragdolls.net\/wp-content\/uploads\/2026\/02\/Pilvituuli.jpg 1500w, https:\/\/finragdolls.net\/wp-content\/uploads\/2026\/02\/Pilvituuli-225x300.jpg 225w, https:\/\/finragdolls.net\/wp-content\/uploads\/2026\/02\/Pilvituuli-768x1024.jpg 768w, https:\/\/finragdolls.net\/wp-content\/uploads\/2026\/02\/Pilvituuli-1152x1536.jpg 1152w\" sizes=\"auto, (max-width: 1500px) 100vw, 1500px\" \/><\/figure>\n<\/div>\n\n\n\n<div class=\"wp-block-column is-layout-flow wp-block-column-is-layout-flow\">\n<p><strong>S:<\/strong> 26.04.2024<br><strong>Is\u00e4:<\/strong>\u00a0FI*Maplehill&#8217;s Creole Blues (RAG n)<br><strong>Emo:\u00a0<\/strong>FI*Maplehill&#8217;s Caramel Princess (RAG f)<\/p>\n\n\n\n<p><strong>Kasvattaja:<\/strong>\u00a0Sirpa Eskelinen<br><strong>Omistaja:\u00a0<\/strong>Sirpa Eskelinen, Joensuu<br>0440 291 262<br>sirpaeskelinen@hotmail.com\u200b<\/p>\n\n\n\n<p><strong>Terveystiedot:<\/strong><br>\u200bVeriryhm\u00e4<strong>:<\/strong>\u00a0AB \u00a0<br>HCM-dna OK, Jalostustestit OK (FIV, FeLV, veriryhm\u00e4)<br><a href=\"https:\/\/kissat.kissaliitto.fi\/Pedigree?id=333389\" data-type=\"link\" data-id=\"https:\/\/kissat.kissaliitto.fi\/Pedigree?id=333389\">sukutaulu \/ pedigree<\/a><br><\/p>\n<\/div>\n<\/div>\n\n\n\n<div style=\"height:29px\" aria-hidden=\"true\" class=\"wp-block-spacer\"><\/div>\n\n\n\n<div class=\"wp-block-columns has-ast-global-color-6-background-color has-background is-layout-flex wp-container-core-columns-is-layout-28f84493 wp-block-columns-is-layout-flex\">\n<div class=\"wp-block-column is-layout-flow wp-block-column-is-layout-flow\" style=\"flex-basis:400px\">\n<h6 class=\"wp-block-heading\" style=\"text-transform:none\"><strong><strong>Punatabby mitted \u200b <\/strong><\/strong>(RAG d 04 21) <br><br>Kullannupun Late -Late-<\/h6>\n\n\n\n<figure class=\"wp-block-image alignleft size-full is-resized\"><img loading=\"lazy\" decoding=\"async\" width=\"1136\" height=\"1401\" src=\"https:\/\/finragdolls.net\/wp-content\/uploads\/2025\/05\/Late.jpg\" alt=\"\" class=\"wp-image-2532\" style=\"width:294px;height:auto\" srcset=\"https:\/\/finragdolls.net\/wp-content\/uploads\/2025\/05\/Late.jpg 1136w, https:\/\/finragdolls.net\/wp-content\/uploads\/2025\/05\/Late-243x300.jpg 243w, https:\/\/finragdolls.net\/wp-content\/uploads\/2025\/05\/Late-830x1024.jpg 830w, https:\/\/finragdolls.net\/wp-content\/uploads\/2025\/05\/Late-768x947.jpg 768w\" sizes=\"auto, (max-width: 1136px) 100vw, 1136px\" \/><\/figure>\n<\/div>\n\n\n\n<div class=\"wp-block-column is-layout-flow wp-block-column-is-layout-flow\">\n<p><strong>S: <\/strong>07.05.2024<br><strong>Is\u00e4:<\/strong>&nbsp;FI*Uniklubin Oivariini (RAG n 04 21)<br><strong>Emo:<\/strong>&nbsp;Kullannupun Misi (RAG f 03 21)<br><strong>Kasvattaja:&nbsp;<\/strong>Mimmi Salo<br><strong>Omistaja:<\/strong>&nbsp;Soile Kalliom\u00e4ki, Helsinki<br><a href=\"mailto:sanna.jaakkola@talvililjan.fi\"><\/a><a href=\"mailto:soile.kalliomaki@gmail.com\">soile.kalliomaki@gmail.com<\/a><br>044 381 390<br><br>\u200b<strong>Terveystiedot:<\/strong><br>Veriryhm\u00e4:&nbsp;A&nbsp;&nbsp;<br>Jalostustestit OK (FIV, FeLV, veriryhm\u00e4). Syd\u00e4n-U\u00c4 ok, munuais-U\u00c4 ok <br>Sukutaulussa ei Patriarca Guccia&nbsp;&nbsp;<br><a href=\"https:\/\/pawpeds.com\/db\/?a=p&amp;id=1401565&amp;g=4&amp;p=rag&amp;date=iso&amp;o=ajgrep\" target=\"_blank\" rel=\"noreferrer noopener\"><\/a><a href=\"https:\/\/www.pawpeds.com\/db\/?a=p&amp;id=1772650&amp;g=4&amp;p=rag&amp;o=elastic\">Sukutaulu\/pedigree<\/a><\/p>\n<\/div>\n<\/div>\n\n\n\n<div class=\"wp-block-columns has-ast-global-color-6-background-color has-background is-layout-flex wp-container-core-columns-is-layout-28f84493 wp-block-columns-is-layout-flex\">\n<div class=\"wp-block-column is-layout-flow wp-block-column-is-layout-flow\" style=\"flex-basis:400px\">\n<h6 class=\"wp-block-heading\" style=\"text-transform:none\"><strong><strong>Sinitabby mitted \u200b <\/strong><\/strong>(RAG a 04 21) <br><br>IC JCH KCH FI*Taimitarhan Ukkospilvi -Touko<\/h6>\n\n\n\n<figure class=\"wp-block-image alignleft size-full is-resized\"><img loading=\"lazy\" decoding=\"async\" width=\"2560\" height=\"1792\" src=\"https:\/\/finragdolls.net\/wp-content\/uploads\/2026\/02\/YQXCAzcat7DA-Taimitarhan_Ukkospilvi-scaled.jpg\" alt=\"\" class=\"wp-image-2897\" style=\"aspect-ratio:1.4287015945330297;width:386px;height:auto\" srcset=\"https:\/\/finragdolls.net\/wp-content\/uploads\/2026\/02\/YQXCAzcat7DA-Taimitarhan_Ukkospilvi-scaled.jpg 2560w, https:\/\/finragdolls.net\/wp-content\/uploads\/2026\/02\/YQXCAzcat7DA-Taimitarhan_Ukkospilvi-300x210.jpg 300w, https:\/\/finragdolls.net\/wp-content\/uploads\/2026\/02\/YQXCAzcat7DA-Taimitarhan_Ukkospilvi-1024x717.jpg 1024w, https:\/\/finragdolls.net\/wp-content\/uploads\/2026\/02\/YQXCAzcat7DA-Taimitarhan_Ukkospilvi-768x538.jpg 768w, https:\/\/finragdolls.net\/wp-content\/uploads\/2026\/02\/YQXCAzcat7DA-Taimitarhan_Ukkospilvi-1536x1075.jpg 1536w, https:\/\/finragdolls.net\/wp-content\/uploads\/2026\/02\/YQXCAzcat7DA-Taimitarhan_Ukkospilvi-2048x1434.jpg 2048w\" sizes=\"auto, (max-width: 2560px) 100vw, 2560px\" \/><\/figure>\n<\/div>\n\n\n\n<div class=\"wp-block-column is-layout-flow wp-block-column-is-layout-flow\">\n<p><strong>S: <\/strong>07.05.2024<br><strong>Is\u00e4:<\/strong>&nbsp;FI*Darkie&#8217;s Ryuusabara no tsubomi (RAG d 04 21 <br><strong>Emo:<\/strong>&nbsp;FI*Ragtail Unelma Thorin tyt\u00e4r (RAG a 04)<br><strong>Kasvattaja:&nbsp;<\/strong>Pinja Pinom\u00e4ki <br><strong>Omistaja:<\/strong>&nbsp;Pinja Pinom\u00e4ki, Turku<br><a href=\"mailto:sanna.jaakkola@talvililjan.fi\"><\/a><a href=\"mailto:soile.kalliomaki@gmail.com\"><\/a><a href=\"mailto:pinja.pinomaki@taimitarhan.com\">pinja.pinomaki@taimitarhan.com<\/a><br><br><br>\u200b<strong>Terveystiedot:<\/strong><br>Veriryhm\u00e4:&nbsp;A&nbsp;&nbsp;<br>Jalostustestit OK (FIV, FeLV, veriryhm\u00e4), syd\u00e4n-U\u00c4 ok, munuais-U\u00c4 ok,HCM-dna OK <br>Sukutaulussa ei Patriarca Guccia&nbsp;&nbsp;<br><a href=\"https:\/\/pawpeds.com\/db\/?a=p&amp;id=1401565&amp;g=4&amp;p=rag&amp;date=iso&amp;o=ajgrep\" target=\"_blank\" rel=\"noreferrer noopener\"><\/a><a href=\"https:\/\/kissat.kissaliitto.fi\/Pedigree?id=318331\" data-type=\"link\" data-id=\"https:\/\/kissat.kissaliitto.fi\/Pedigree?id=318331\">Sukutaulu\/pedigree<\/a><\/p>\n\n\n\n<p><br><\/p>\n\n\n\n<p><\/p>\n<\/div>\n<\/div>\n\n\n\n<div style=\"height:29px\" aria-hidden=\"true\" class=\"wp-block-spacer\"><\/div>\n\n\n\n<div style=\"height:38px\" aria-hidden=\"true\" class=\"wp-block-spacer\"><\/div>\n\n\n\n<p><\/p>\n","protected":false},"excerpt":{"rendered":"<p>Siitosurokset (Kasvattaja! Ilmoita kolli listalle t\u00e4ll\u00e4 lomakkeella ja p\u00e4ivitykset webmaster@finragdolls.net ) Ruskea mitted \u200b (RAG n 04)FI*Valkokullan Arata -Archie- S: 18.10.2021Is\u00e4:&nbsp;IP, SC George Azure Eyes*PL (RAG n 04) Emo:&nbsp;FI*Valkokullan Sofia (RAG g 04) Kasvattaja:&nbsp;Sini RajahalmeOmistaja:&nbsp;Kati Knaapi, Kangasala044 256 9675kati.knaapi@gmail.com Terveystiedot:\u200bVeriryhm\u00e4:&nbsp;B&nbsp;Jalostustestit OK (FIV, FeLV, veriryhm\u00e4). Syd\u00e4n-U\u00c4 ok, munuais-U\u00c4 ok, Sukutaulu \/ pedigree Lis\u00e4tiedot: kantaa sinist\u00e4 Sininen [&hellip;]<\/p>\n","protected":false},"author":2,"featured_media":0,"parent":647,"menu_order":0,"comment_status":"closed","ping_status":"closed","template":"","meta":{"site-sidebar-layout":"default","site-content-layout":"","ast-site-content-layout":"default","site-content-style":"default","site-sidebar-style":"default","ast-global-header-display":"","ast-banner-title-visibility":"","ast-main-header-display":"","ast-hfb-above-header-display":"","ast-hfb-below-header-display":"","ast-hfb-mobile-header-display":"","site-post-title":"","ast-breadcrumbs-content":"","ast-featured-img":"","footer-sml-layout":"","ast-disable-related-posts":"","theme-transparent-header-meta":"","adv-header-id-meta":"","stick-header-meta":"","header-above-stick-meta":"","header-main-stick-meta":"","header-below-stick-meta":"","astra-migrate-meta-layouts":"set","ast-page-background-enabled":"default","ast-page-background-meta":{"desktop":{"background-color":"var(--ast-global-color-4)","background-image":"","background-repeat":"repeat","background-position":"center center","background-size":"auto","background-attachment":"scroll","background-type":"","background-media":"","overlay-type":"","overlay-color":"","overlay-opacity":"","overlay-gradient":""},"tablet":{"background-color":"","background-image":"","background-repeat":"repeat","background-position":"center center","background-size":"auto","background-attachment":"scroll","background-type":"","background-media":"","overlay-type":"","overlay-color":"","overlay-opacity":"","overlay-gradient":""},"mobile":{"background-color":"","background-image":"","background-repeat":"repeat","background-position":"center center","background-size":"auto","background-attachment":"scroll","background-type":"","background-media":"","overlay-type":"","overlay-color":"","overlay-opacity":"","overlay-gradient":""}},"ast-content-background-meta":{"desktop":{"background-color":"var(--ast-global-color-5)","background-image":"","background-repeat":"repeat","background-position":"center center","background-size":"auto","background-attachment":"scroll","background-type":"","background-media":"","overlay-type":"","overlay-color":"","overlay-opacity":"","overlay-gradient":""},"tablet":{"background-color":"var(--ast-global-color-5)","background-image":"","background-repeat":"repeat","background-position":"center center","background-size":"auto","background-attachment":"scroll","background-type":"","background-media":"","overlay-type":"","overlay-color":"","overlay-opacity":"","overlay-gradient":""},"mobile":{"background-color":"var(--ast-global-color-5)","background-image":"","background-repeat":"repeat","background-position":"center center","background-size":"auto","background-attachment":"scroll","background-type":"","background-media":"","overlay-type":"","overlay-color":"","overlay-opacity":"","overlay-gradient":""}},"ngg_post_thumbnail":0,"footnotes":""},"class_list":["post-625","page","type-page","status-publish","hentry"],"_links":{"self":[{"href":"https:\/\/finragdolls.net\/index.php\/wp-json\/wp\/v2\/pages\/625","targetHints":{"allow":["GET"]}}],"collection":[{"href":"https:\/\/finragdolls.net\/index.php\/wp-json\/wp\/v2\/pages"}],"about":[{"href":"https:\/\/finragdolls.net\/index.php\/wp-json\/wp\/v2\/types\/page"}],"author":[{"embeddable":true,"href":"https:\/\/finragdolls.net\/index.php\/wp-json\/wp\/v2\/users\/2"}],"replies":[{"embeddable":true,"href":"https:\/\/finragdolls.net\/index.php\/wp-json\/wp\/v2\/comments?post=625"}],"version-history":[{"count":72,"href":"https:\/\/finragdolls.net\/index.php\/wp-json\/wp\/v2\/pages\/625\/revisions"}],"predecessor-version":[{"id":2942,"href":"https:\/\/finragdolls.net\/index.php\/wp-json\/wp\/v2\/pages\/625\/revisions\/2942"}],"up":[{"embeddable":true,"href":"https:\/\/finragdolls.net\/index.php\/wp-json\/wp\/v2\/pages\/647"}],"wp:attachment":[{"href":"https:\/\/finragdolls.net\/index.php\/wp-json\/wp\/v2\/media?parent=625"}],"curies":[{"name":"wp","href":"https:\/\/api.w.org\/{rel}","templated":true}]}}