{"id":635,"date":"2023-10-29T17:44:21","date_gmt":"2023-10-29T17:44:21","guid":{"rendered":"https:\/\/finragdolls.net.wp2.kotisivut.com\/wordpress\/?page_id=635"},"modified":"2024-09-25T15:38:32","modified_gmt":"2024-09-25T15:38:32","slug":"kasvattajainfo-ja-tiedotteet","status":"publish","type":"page","link":"https:\/\/finragdolls.net\/index.php\/kasvatus\/kasvattajainfo-ja-tiedotteet\/","title":{"rendered":"Kasvattajainfo ja tiedotteet"},"content":{"rendered":"\n<h2 class=\"wp-block-heading\">Kasvattajainfo ja tiedotteet<\/h2>\n\n\n\n<div class=\"inherit-container-width wp-block-group is-layout-constrained wp-container-core-group-is-layout-b6e7b98c wp-block-group-is-layout-constrained\" style=\"padding-right:0;padding-left:0\">\n<div class=\"wp-block-columns is-layout-flex wp-container-core-columns-is-layout-28f84493 wp-block-columns-is-layout-flex\">\n<div class=\"wp-block-column is-layout-flow wp-block-column-is-layout-flow\" style=\"flex-basis:66.66%\">\n<p>Kotisivuillamme julkaistaan tietoja vain yhdistyksemme&nbsp;palvelumaksun maksaneilta&nbsp;kasvattajilta ja siitosuroksen omistajilta, jotka ovat&nbsp;Suomen Kissaliiton alaisten rotukissayhdistysten j\u00e4seni\u00e4 ja joilla on voimassa oleva kasvattajasopimus ja\/tai siitosuroksen omistajan sopimus Kissaliiton kanssa.&nbsp;Ulkomaisilta j\u00e4senilt\u00e4 julkaisemme vain kasvattajatiedot. <br><strong>N\u00e4ill\u00e4 sivuilla ei julkaista kasvatus- tai toimintakiellossa olevien kasvattajien, heid\u00e4n siitosurostensa eik\u00e4 pentujensa tietoja.<\/strong><br><br><strong>Uuden kasvattajan tiedot<\/strong><br>L\u00e4het\u00e4 kasvattajaj\u00e4senanomuslomake.<br><br><strong>Siitosurokset<\/strong><br>L\u00e4het\u00e4 t\u00e4lle listalle tulevat tiedot\/p\u00e4ivitykset ohessa olevalla lomakkeella. <br><br><strong>Kotia etsiv\u00e4t<\/strong>&nbsp;<strong>pennut ja aikuiset<\/strong><br>L\u00e4het\u00e4 n\u00e4ille listoille tulevat tiedot\/p\u00e4ivitykset ohessa olevilla lomakkeilla. <br><br><strong>P\u00e4ivitykset jo listalla oleviin tietoihin<\/strong> (my\u00f6s kuvat)<br>L\u00e4het\u00e4 webmasterille s\u00e4hk\u00f6postilla (<a href=\"mailto:webmaster@finragdolls.net\">webmaster@finragdolls.net<\/a>) tai t\u00e4yt\u00e4 uudelleen ko. lomake.<\/p>\n<\/div>\n\n\n\n<div class=\"wp-block-column is-layout-flow wp-block-column-is-layout-flow\" style=\"flex-basis:33.33%\">\n<h4 class=\"wp-block-heading\">Tiedotteet<\/h4>\n\n\n\n<ul class=\"wp-block-list\">\n<li>Tarkista kasvattaja- ja siitosuros-sivuilla olevat tietosi. Kasvattajasivulta puuttuu kuvia ja osa on vanhoja, joten voit halutessaan l\u00e4hett\u00e4\u00e4 uuden kuvan. Pystykuva tulee esiin paremmin.<\/li>\n\n\n\n<li>Jos haluat v\u00e4ltt\u00e4\u00e4 turhia pentukyselyj\u00e4, kasvattajatietoihisi saa maininnan &#8217;Ei kasvatusta t\u00e4ll\u00e4 hetkell\u00e4&#8217;.<\/li>\n\n\n\n<li>Kun ilmoitat lomakkeella pentuja tai siitosuroksen, voit liitt\u00e4\u00e4 lomakkeeseen my\u00f6s kuvia.<\/li>\n<\/ul>\n\n\n\n<h4 class=\"wp-block-heading\">Lomakkeet <\/h4>\n\n\n\n<h5 class=\"wp-block-heading\" style=\"text-transform:none\"><a href=\"https:\/\/finragdolls.net\/index.php\/kasvatus\/kasvattajainfo-ja-tiedotteet\/1102-2\/\" data-type=\"page\" data-id=\"1102\">Ilmoita pennut listalle<\/a><\/h5>\n\n\n\n<p>3-viikkkoiset pennut p\u00e4\u00e4sev\u00e4t listalle.<br>Yli viiden kuukauden ik\u00e4iset pennut poistetaan listalta, ellei kasvattaja tosiin ilmoita.<\/p>\n\n\n\n<h5 class=\"wp-block-heading\" style=\"text-transform:none\"><a href=\"https:\/\/finragdolls.net\/index.php\/kasvatus\/kasvattajainfo-ja-tiedotteet\/ilmoita-aikuinen-listalle\/\" data-type=\"page\" data-id=\"1325\">Ilmoita aikuinen listalle<\/a><\/h5>\n\n\n\n<p>Kotia etsivien aikuisten listalle p\u00e4\u00e4sev\u00e4t yhdistyksemme kasvattajien kasvatit. Autamme my\u00f6s muita ragdolleja l\u00f6yt\u00e4m\u00e4\u00e4n uuden kodin pient\u00e4 ilmoitusmaksua (10\u20ac) vastaan.<\/p>\n\n\n\n<h5 class=\"wp-block-heading\" style=\"text-transform:none\"><a href=\"https:\/\/finragdolls.net\/index.php\/kasvatus\/kasvattajainfo-ja-tiedotteet\/lisaa-siitosuros\/\" data-type=\"page\" data-id=\"1145\">Ilmoita siitosuros listalle<\/a><\/h5>\n\n\n\n<p>Olet jo j\u00e4sen ja haluat uroksen listalle<\/p>\n\n\n\n<h5 class=\"wp-block-heading\" style=\"text-transform:none\"><a href=\"https:\/\/docs.google.com\/forms\/d\/e\/1FAIpQLSfeBNWmy83uWpeiDnXkrPdvPWy2k8Jc0wIQQUjEBawU2zhXKg\/viewform?usp=pp_url\" data-type=\"link\" data-id=\"https:\/\/docs.google.com\/forms\/d\/e\/1FAIpQLSfeBNWmy83uWpeiDnXkrPdvPWy2k8Jc0wIQQUjEBawU2zhXKg\/viewform?usp=pp_url\">Kasvattajaj\u00e4senanomus<\/a><\/h5>\n\n\n\n<p>Olet jo j\u00e4sen, mutta haluat kasvattajaksi listoillemme.<\/p>\n\n\n\n<h5 class=\"wp-block-heading\" style=\"text-transform:none\"><a href=\"https:\/\/docs.google.com\/forms\/d\/e\/1FAIpQLSfP8rSriG15jMcn9iSUS3MBcDjPHgaS_j1MaGqj7JaY-U7_ZA\/viewform?usp=pp_url\" data-type=\"link\" data-id=\"https:\/\/docs.google.com\/forms\/d\/e\/1FAIpQLSfP8rSriG15jMcn9iSUS3MBcDjPHgaS_j1MaGqj7JaY-U7_ZA\/viewform?usp=pp_url\" target=\"_blank\" rel=\"noreferrer noopener\">Ilmoita pennunostaja j\u00e4seneksi<\/a><\/h5>\n\n\n\n<p>Ilmoita kasvattajan maksamat j\u00e4senet  em. lomakkeella<br>Voit maksaa j\u00e4seneksi pennun ostajan, jolla ei ole voimassa olevaa j\u00e4senyytt\u00e4.<br>11,00\u20ac \/ j\u00e4sen<br>Ohje kasvattajalle: <br>Maksa yhdistyksen tilille 11,00 \u20ac \/ j\u00e4sen.<br>Yhdistyksen tilinro: &nbsp; &nbsp;FI8780001270152409 &nbsp; Viitenumerot: &nbsp; 6868<\/p>\n<\/div>\n<\/div>\n<\/div>\n","protected":false},"excerpt":{"rendered":"<p>Kasvattajainfo ja tiedotteet Kotisivuillamme julkaistaan tietoja vain yhdistyksemme&nbsp;palvelumaksun maksaneilta&nbsp;kasvattajilta ja siitosuroksen omistajilta, jotka ovat&nbsp;Suomen Kissaliiton alaisten rotukissayhdistysten j\u00e4seni\u00e4 ja joilla on voimassa oleva kasvattajasopimus ja\/tai siitosuroksen omistajan sopimus Kissaliiton kanssa.&nbsp;Ulkomaisilta j\u00e4senilt\u00e4 julkaisemme vain kasvattajatiedot. N\u00e4ill\u00e4 sivuilla ei julkaista kasvatus- tai toimintakiellossa olevien kasvattajien, heid\u00e4n siitosurostensa eik\u00e4 pentujensa tietoja. Uuden kasvattajan tiedotL\u00e4het\u00e4 kasvattajaj\u00e4senanomuslomake. SiitosuroksetL\u00e4het\u00e4 t\u00e4lle listalle [&hellip;]<\/p>\n","protected":false},"author":2,"featured_media":0,"parent":647,"menu_order":0,"comment_status":"closed","ping_status":"closed","template":"","meta":{"site-sidebar-layout":"default","site-content-layout":"","ast-site-content-layout":"default","site-content-style":"default","site-sidebar-style":"default","ast-global-header-display":"","ast-banner-title-visibility":"","ast-main-header-display":"","ast-hfb-above-header-display":"","ast-hfb-below-header-display":"","ast-hfb-mobile-header-display":"","site-post-title":"","ast-breadcrumbs-content":"","ast-featured-img":"","footer-sml-layout":"","ast-disable-related-posts":"","theme-transparent-header-meta":"","adv-header-id-meta":"","stick-header-meta":"","header-above-stick-meta":"","header-main-stick-meta":"","header-below-stick-meta":"","astra-migrate-meta-layouts":"set","ast-page-background-enabled":"default","ast-page-background-meta":{"desktop":{"background-color":"var(--ast-global-color-4)","background-image":"","background-repeat":"repeat","background-position":"center center","background-size":"auto","background-attachment":"scroll","background-type":"","background-media":"","overlay-type":"","overlay-color":"","overlay-opacity":"","overlay-gradient":""},"tablet":{"background-color":"","background-image":"","background-repeat":"repeat","background-position":"center center","background-size":"auto","background-attachment":"scroll","background-type":"","background-media":"","overlay-type":"","overlay-color":"","overlay-opacity":"","overlay-gradient":""},"mobile":{"background-color":"","background-image":"","background-repeat":"repeat","background-position":"center center","background-size":"auto","background-attachment":"scroll","background-type":"","background-media":"","overlay-type":"","overlay-color":"","overlay-opacity":"","overlay-gradient":""}},"ast-content-background-meta":{"desktop":{"background-color":"var(--ast-global-color-5)","background-image":"","background-repeat":"repeat","background-position":"center center","background-size":"auto","background-attachment":"scroll","background-type":"","background-media":"","overlay-type":"","overlay-color":"","overlay-opacity":"","overlay-gradient":""},"tablet":{"background-color":"var(--ast-global-color-5)","background-image":"","background-repeat":"repeat","background-position":"center center","background-size":"auto","background-attachment":"scroll","background-type":"","background-media":"","overlay-type":"","overlay-color":"","overlay-opacity":"","overlay-gradient":""},"mobile":{"background-color":"var(--ast-global-color-5)","background-image":"","background-repeat":"repeat","background-position":"center center","background-size":"auto","background-attachment":"scroll","background-type":"","background-media":"","overlay-type":"","overlay-color":"","overlay-opacity":"","overlay-gradient":""}},"ngg_post_thumbnail":0,"footnotes":""},"class_list":["post-635","page","type-page","status-publish","hentry"],"_links":{"self":[{"href":"https:\/\/finragdolls.net\/index.php\/wp-json\/wp\/v2\/pages\/635","targetHints":{"allow":["GET"]}}],"collection":[{"href":"https:\/\/finragdolls.net\/index.php\/wp-json\/wp\/v2\/pages"}],"about":[{"href":"https:\/\/finragdolls.net\/index.php\/wp-json\/wp\/v2\/types\/page"}],"author":[{"embeddable":true,"href":"https:\/\/finragdolls.net\/index.php\/wp-json\/wp\/v2\/users\/2"}],"replies":[{"embeddable":true,"href":"https:\/\/finragdolls.net\/index.php\/wp-json\/wp\/v2\/comments?post=635"}],"version-history":[{"count":33,"href":"https:\/\/finragdolls.net\/index.php\/wp-json\/wp\/v2\/pages\/635\/revisions"}],"predecessor-version":[{"id":1921,"href":"https:\/\/finragdolls.net\/index.php\/wp-json\/wp\/v2\/pages\/635\/revisions\/1921"}],"up":[{"embeddable":true,"href":"https:\/\/finragdolls.net\/index.php\/wp-json\/wp\/v2\/pages\/647"}],"wp:attachment":[{"href":"https:\/\/finragdolls.net\/index.php\/wp-json\/wp\/v2\/media?parent=635"}],"curies":[{"name":"wp","href":"https:\/\/api.w.org\/{rel}","templated":true}]}}