{"id":647,"date":"2023-10-29T17:46:40","date_gmt":"2023-10-29T17:46:40","guid":{"rendered":"https:\/\/finragdolls.net.wp2.kotisivut.com\/wordpress\/?page_id=647"},"modified":"2024-03-27T19:56:36","modified_gmt":"2024-03-27T19:56:36","slug":"kasvatus","status":"publish","type":"page","link":"https:\/\/finragdolls.net\/index.php\/kasvatus\/","title":{"rendered":"Kasvatus"},"content":{"rendered":"\n<h2 class=\"wp-block-heading\">Kasvatus<\/h2>\n\n\n\n<div class=\"wp-block-columns has-ast-global-color-6-background-color has-background is-layout-flex wp-container-core-columns-is-layout-28f84493 wp-block-columns-is-layout-flex\">\n<div class=\"wp-block-column is-layout-flow wp-block-column-is-layout-flow\">\n<div class=\"wp-block-columns is-layout-flex wp-container-core-columns-is-layout-28f84493 wp-block-columns-is-layout-flex\">\n<div class=\"wp-block-column is-layout-flow wp-block-column-is-layout-flow\">\n<div class=\"wp-block-columns is-layout-flex wp-container-core-columns-is-layout-28f84493 wp-block-columns-is-layout-flex\">\n<div class=\"wp-block-column is-layout-flow wp-block-column-is-layout-flow\"><\/div>\n\n\n\n<div class=\"wp-block-column is-layout-flow wp-block-column-is-layout-flow\"><\/div>\n<\/div>\n<\/div>\n<\/div>\n<\/div>\n<\/div>\n\n\n\n<div class=\"inherit-container-width wp-block-group is-layout-constrained wp-container-core-group-is-layout-b6e7b98c wp-block-group-is-layout-constrained\" style=\"padding-right:0;padding-left:0\">\n<div class=\"wp-block-columns is-layout-flex wp-container-core-columns-is-layout-28f84493 wp-block-columns-is-layout-flex\">\n<div class=\"wp-block-column is-layout-flow wp-block-column-is-layout-flow\" style=\"flex-basis:66.66%\">\n<p>Kotisivujemme julkaisemme kasvattaja, siitosuros- ja pentue- tietoja vain kasvattajilta, jotka ovat FIfe-kasvattajia ja t\u00e4ten noudattavat Kissaliiton rekister\u00f6inti- ja kasvatuss\u00e4\u00e4nt\u00f6j\u00e4.<br>Yhdistyksen j\u00e4senten omistamia tai kasvattajiemme aikuisia kasvatteja ilmoitamme aikuisten kotiaetsivien listalla. Muita ragdolleja otamme pient\u00e4 maksua vastaa listalle uutta kotia etsim\u00e4\u00e4n.<\/p>\n\n\n\n<p class=\"has-text-align-center\"><br><img loading=\"lazy\" decoding=\"async\" width=\"300\" height=\"201\" class=\"wp-image-804\" style=\"width: 300px;\" src=\"https:\/\/finragdolls.net.wp2.kotisivut.com\/wordpress\/wp-content\/uploads\/2023\/10\/FI_SATINANTES17.jpg\" alt=\"\" srcset=\"https:\/\/finragdolls.net\/wp-content\/uploads\/2023\/10\/FI_SATINANTES17.jpg 492w, https:\/\/finragdolls.net\/wp-content\/uploads\/2023\/10\/FI_SATINANTES17-300x201.jpg 300w\" sizes=\"auto, (max-width: 300px) 100vw, 300px\" \/><img decoding=\"async\" class=\"wp-image-844\" style=\"width: 303px;\" src=\"https:\/\/finragdolls.net.wp2.kotisivut.com\/wordpress\/wp-content\/uploads\/2023\/11\/Kopio-tiedostosta-20231028_205153.jpg-1.png\" alt=\"\"><br><\/p>\n<\/div>\n\n\n\n<div class=\"wp-block-column is-layout-flow wp-block-column-is-layout-flow\" style=\"flex-basis:20px\"><\/div>\n\n\n\n<div class=\"wp-block-column is-layout-flow wp-block-column-is-layout-flow\" style=\"flex-basis:33.33%\">\n<h4 class=\"wp-block-heading\">Kasvattajalle<\/h4>\n\n\n\n<h5 class=\"wp-block-heading\" style=\"text-transform:none\">Ilmoita pentue t\u00e4st\u00e4<\/h5>\n\n\n\n<p>Lis\u00e4\u00e4 lomakkeelle pentueen tiedot ja l\u00e4het\u00e4 mahdollinen kuva os. pennut@finragdolls.net<\/p>\n\n\n\n<h5 class=\"wp-block-heading\" style=\"text-transform:none\">Maksa pennunostaja j\u00e4seneksi<\/h5>\n\n\n\n<p>T\u00e4yt\u00e4 lomakkeelle pennunostajan tiedot ja maksa 11\u20ac \/ uusi j\u00e4sen viitteell\u00e4 6868.<\/p>\n\n\n\n<h5 class=\"wp-block-heading\" style=\"text-transform:none\">Ilmoita muutokset pentulistalle<\/h5>\n\n\n\n<p>os. pennut@finragdolls.net <\/p>\n\n\n\n<p><strong>Ilmoita aikuiset kotiaetsiv\u00e4t listalle<\/strong><\/p>\n\n\n\n<p>L\u00e4het\u00e4 vapaamuotoinen teksti ja kuvat os.<br>pennut@finragdolls.net<\/p>\n<\/div>\n<\/div>\n<\/div>\n","protected":false},"excerpt":{"rendered":"<p>Kasvatus Kotisivujemme julkaisemme kasvattaja, siitosuros- ja pentue- tietoja vain kasvattajilta, jotka ovat FIfe-kasvattajia ja t\u00e4ten noudattavat Kissaliiton rekister\u00f6inti- ja kasvatuss\u00e4\u00e4nt\u00f6j\u00e4.Yhdistyksen j\u00e4senten omistamia tai kasvattajiemme aikuisia kasvatteja ilmoitamme aikuisten kotiaetsivien listalla. Muita ragdolleja otamme pient\u00e4 maksua vastaa listalle uutta kotia etsim\u00e4\u00e4n. Kasvattajalle Ilmoita pentue t\u00e4st\u00e4 Lis\u00e4\u00e4 lomakkeelle pentueen tiedot ja l\u00e4het\u00e4 mahdollinen kuva os. pennut@finragdolls.net Maksa [&hellip;]<\/p>\n","protected":false},"author":2,"featured_media":0,"parent":0,"menu_order":0,"comment_status":"closed","ping_status":"closed","template":"","meta":{"site-sidebar-layout":"default","site-content-layout":"","ast-site-content-layout":"default","site-content-style":"default","site-sidebar-style":"default","ast-global-header-display":"","ast-banner-title-visibility":"","ast-main-header-display":"","ast-hfb-above-header-display":"","ast-hfb-below-header-display":"","ast-hfb-mobile-header-display":"","site-post-title":"","ast-breadcrumbs-content":"","ast-featured-img":"","footer-sml-layout":"","theme-transparent-header-meta":"","adv-header-id-meta":"","stick-header-meta":"","header-above-stick-meta":"","header-main-stick-meta":"","header-below-stick-meta":"","astra-migrate-meta-layouts":"default","ast-page-background-enabled":"default","ast-page-background-meta":{"desktop":{"background-color":"var(--ast-global-color-4)","background-image":"","background-repeat":"repeat","background-position":"center center","background-size":"auto","background-attachment":"scroll","background-type":"","background-media":"","overlay-type":"","overlay-color":"","overlay-opacity":"","overlay-gradient":""},"tablet":{"background-color":"","background-image":"","background-repeat":"repeat","background-position":"center center","background-size":"auto","background-attachment":"scroll","background-type":"","background-media":"","overlay-type":"","overlay-color":"","overlay-opacity":"","overlay-gradient":""},"mobile":{"background-color":"","background-image":"","background-repeat":"repeat","background-position":"center center","background-size":"auto","background-attachment":"scroll","background-type":"","background-media":"","overlay-type":"","overlay-color":"","overlay-opacity":"","overlay-gradient":""}},"ast-content-background-meta":{"desktop":{"background-color":"var(--ast-global-color-5)","background-image":"","background-repeat":"repeat","background-position":"center center","background-size":"auto","background-attachment":"scroll","background-type":"","background-media":"","overlay-type":"","overlay-color":"","overlay-opacity":"","overlay-gradient":""},"tablet":{"background-color":"var(--ast-global-color-5)","background-image":"","background-repeat":"repeat","background-position":"center center","background-size":"auto","background-attachment":"scroll","background-type":"","background-media":"","overlay-type":"","overlay-color":"","overlay-opacity":"","overlay-gradient":""},"mobile":{"background-color":"var(--ast-global-color-5)","background-image":"","background-repeat":"repeat","background-position":"center center","background-size":"auto","background-attachment":"scroll","background-type":"","background-media":"","overlay-type":"","overlay-color":"","overlay-opacity":"","overlay-gradient":""}},"ngg_post_thumbnail":0,"footnotes":""},"class_list":["post-647","page","type-page","status-publish","hentry"],"_links":{"self":[{"href":"https:\/\/finragdolls.net\/index.php\/wp-json\/wp\/v2\/pages\/647","targetHints":{"allow":["GET"]}}],"collection":[{"href":"https:\/\/finragdolls.net\/index.php\/wp-json\/wp\/v2\/pages"}],"about":[{"href":"https:\/\/finragdolls.net\/index.php\/wp-json\/wp\/v2\/types\/page"}],"author":[{"embeddable":true,"href":"https:\/\/finragdolls.net\/index.php\/wp-json\/wp\/v2\/users\/2"}],"replies":[{"embeddable":true,"href":"https:\/\/finragdolls.net\/index.php\/wp-json\/wp\/v2\/comments?post=647"}],"version-history":[{"count":9,"href":"https:\/\/finragdolls.net\/index.php\/wp-json\/wp\/v2\/pages\/647\/revisions"}],"predecessor-version":[{"id":1583,"href":"https:\/\/finragdolls.net\/index.php\/wp-json\/wp\/v2\/pages\/647\/revisions\/1583"}],"wp:attachment":[{"href":"https:\/\/finragdolls.net\/index.php\/wp-json\/wp\/v2\/media?parent=647"}],"curies":[{"name":"wp","href":"https:\/\/api.w.org\/{rel}","templated":true}]}}