{"id":69,"date":"2023-05-20T11:30:21","date_gmt":"2023-05-20T11:30:21","guid":{"rendered":"https:\/\/finragdolls.net.wp2.kotisivut.com\/wordpress\/?page_id=69"},"modified":"2026-02-15T13:28:26","modified_gmt":"2026-02-15T13:28:26","slug":"vuoden-ragdoll","status":"publish","type":"page","link":"https:\/\/finragdolls.net\/index.php\/yhdistys-ja-jasenyys-2\/vuoden-ragdoll\/","title":{"rendered":"Vuoden ragdoll -kilpailu"},"content":{"rendered":"\n<h2 class=\"wp-block-heading\">Vuoden ragdoll -kilpailu<\/h2>\n\n\n\n<div class=\"inherit-container-width wp-block-group is-layout-constrained wp-container-core-group-is-layout-b6e7b98c wp-block-group-is-layout-constrained\" style=\"padding-right:0;padding-left:0\">\n<div class=\"wp-block-columns is-layout-flex wp-container-core-columns-is-layout-28f84493 wp-block-columns-is-layout-flex\">\n<div class=\"wp-block-column is-layout-flow wp-block-column-is-layout-flow\" style=\"flex-basis:66.66%\">\n\n\n<p><strong>Vuoden Ragdoll 2025 -kilpailun tulokset<\/strong> <strong>on julkaistu<\/strong>.<br>Onnittelemme palkintosijoille ylt\u00e4neit\u00e4 ja kiit\u00e4mme kaikkia osallistuneita.<br><strong>Palkintosijoille sijoittuneille ilmoitetaan my\u00f6s s\u00e4hk\u00f6postitse.<\/strong> Pyyd\u00e4mme sijoittuneilta l\u00e4hett\u00e4m\u00e4\u00e4n mahdollisimman pikaisesti kuvia lehteen (<a href=\"mailto:lehti@finradolls.net\">lehti@finradolls.net<\/a>)<br><br><strong>Palkinnot jaetaan 8.3.2026 SUROKin n\u00e4yttelyss\u00e4 J\u00e4rvenp\u00e4\u00e4ss\u00e4.<\/strong> Jos et p\u00e4\u00e4se noutamaan palkintoasi, ilmoita mahdollinen henkil\u00f6, joka vastaanottaa palkintosi. <\/p>\n\n\n\n\n\n\n\n<p>Lis\u00e4tietoja antavat pisteidenlaskijat, yhteystiedot: <a href=\"mailto:vuodenragdoll@finragdolls.net\">vuodenragdoll@finragdolls.net<\/a><\/p>\n<\/div>\n\n\n\n<div class=\"wp-block-column is-layout-flow wp-block-column-is-layout-flow\"><\/div>\n\n\n\n<div class=\"wp-block-column is-layout-flow wp-block-column-is-layout-flow\" style=\"flex-basis:20px\"><\/div>\n\n\n\n<div class=\"wp-block-column is-layout-flow wp-block-column-is-layout-flow\" style=\"flex-basis:33.33%\">\n<div class=\"wp-block-buttons is-layout-flex wp-block-buttons-is-layout-flex\">\n<div class=\"wp-block-button\"><a class=\"wp-block-button__link wp-element-button\" href=\"https:\/\/finragdolls.net\/index.php\/yhdistys-ja-jasenyys-2\/vuoden-ragdoll\/vuoden-ragdoll-kilpailu\/\">S\u00e4\u00e4nn\u00f6t<\/a><\/div>\n\n\n\n\n\n<div class=\"wp-block-button\"><a class=\"wp-block-button__link wp-element-button\" href=\"https:\/\/finragdolls.net\/index.php\/yhdistys-ja-jasenyys-2\/vuoden-ragdoll\/tulokset\/\">Tulokset<br>2015-2025<\/a><\/div>\n\n\n<\/div>\n<\/div>\n<\/div>\n<\/div>\n\n\n\n<p><\/p>\n","protected":false},"excerpt":{"rendered":"<p>Vuoden ragdoll -kilpailu Vuoden Ragdoll 2025 -kilpailun tulokset on julkaistu.Onnittelemme palkintosijoille ylt\u00e4neit\u00e4 ja kiit\u00e4mme kaikkia osallistuneita.Palkintosijoille sijoittuneille ilmoitetaan my\u00f6s s\u00e4hk\u00f6postitse. Pyyd\u00e4mme sijoittuneilta l\u00e4hett\u00e4m\u00e4\u00e4n mahdollisimman pikaisesti kuvia lehteen (lehti@finradolls.net) Palkinnot jaetaan 8.3.2026 SUROKin n\u00e4yttelyss\u00e4 J\u00e4rvenp\u00e4\u00e4ss\u00e4. Jos et p\u00e4\u00e4se noutamaan palkintoasi, ilmoita mahdollinen henkil\u00f6, joka vastaanottaa palkintosi. Lis\u00e4tietoja antavat pisteidenlaskijat, yhteystiedot: vuodenragdoll@finragdolls.net<\/p>\n","protected":false},"author":2,"featured_media":0,"parent":596,"menu_order":0,"comment_status":"closed","ping_status":"closed","template":"","meta":{"site-sidebar-layout":"default","site-content-layout":"","ast-site-content-layout":"default","site-content-style":"default","site-sidebar-style":"default","ast-global-header-display":"","ast-banner-title-visibility":"","ast-main-header-display":"","ast-hfb-above-header-display":"","ast-hfb-below-header-display":"","ast-hfb-mobile-header-display":"","site-post-title":"","ast-breadcrumbs-content":"","ast-featured-img":"","footer-sml-layout":"","ast-disable-related-posts":"","theme-transparent-header-meta":"","adv-header-id-meta":"","stick-header-meta":"","header-above-stick-meta":"","header-main-stick-meta":"","header-below-stick-meta":"","astra-migrate-meta-layouts":"set","ast-page-background-enabled":"default","ast-page-background-meta":{"desktop":{"background-color":"var(--ast-global-color-4)","background-image":"","background-repeat":"repeat","background-position":"center center","background-size":"auto","background-attachment":"scroll","background-type":"","background-media":"","overlay-type":"","overlay-color":"","overlay-opacity":"","overlay-gradient":""},"tablet":{"background-color":"","background-image":"","background-repeat":"repeat","background-position":"center center","background-size":"auto","background-attachment":"scroll","background-type":"","background-media":"","overlay-type":"","overlay-color":"","overlay-opacity":"","overlay-gradient":""},"mobile":{"background-color":"","background-image":"","background-repeat":"repeat","background-position":"center center","background-size":"auto","background-attachment":"scroll","background-type":"","background-media":"","overlay-type":"","overlay-color":"","overlay-opacity":"","overlay-gradient":""}},"ast-content-background-meta":{"desktop":{"background-color":"var(--ast-global-color-5)","background-image":"","background-repeat":"repeat","background-position":"center center","background-size":"auto","background-attachment":"scroll","background-type":"","background-media":"","overlay-type":"","overlay-color":"","overlay-opacity":"","overlay-gradient":""},"tablet":{"background-color":"var(--ast-global-color-5)","background-image":"","background-repeat":"repeat","background-position":"center center","background-size":"auto","background-attachment":"scroll","background-type":"","background-media":"","overlay-type":"","overlay-color":"","overlay-opacity":"","overlay-gradient":""},"mobile":{"background-color":"var(--ast-global-color-5)","background-image":"","background-repeat":"repeat","background-position":"center center","background-size":"auto","background-attachment":"scroll","background-type":"","background-media":"","overlay-type":"","overlay-color":"","overlay-opacity":"","overlay-gradient":""}},"ngg_post_thumbnail":0,"footnotes":""},"class_list":["post-69","page","type-page","status-publish","hentry"],"_links":{"self":[{"href":"https:\/\/finragdolls.net\/index.php\/wp-json\/wp\/v2\/pages\/69","targetHints":{"allow":["GET"]}}],"collection":[{"href":"https:\/\/finragdolls.net\/index.php\/wp-json\/wp\/v2\/pages"}],"about":[{"href":"https:\/\/finragdolls.net\/index.php\/wp-json\/wp\/v2\/types\/page"}],"author":[{"embeddable":true,"href":"https:\/\/finragdolls.net\/index.php\/wp-json\/wp\/v2\/users\/2"}],"replies":[{"embeddable":true,"href":"https:\/\/finragdolls.net\/index.php\/wp-json\/wp\/v2\/comments?post=69"}],"version-history":[{"count":36,"href":"https:\/\/finragdolls.net\/index.php\/wp-json\/wp\/v2\/pages\/69\/revisions"}],"predecessor-version":[{"id":2916,"href":"https:\/\/finragdolls.net\/index.php\/wp-json\/wp\/v2\/pages\/69\/revisions\/2916"}],"up":[{"embeddable":true,"href":"https:\/\/finragdolls.net\/index.php\/wp-json\/wp\/v2\/pages\/596"}],"wp:attachment":[{"href":"https:\/\/finragdolls.net\/index.php\/wp-json\/wp\/v2\/media?parent=69"}],"curies":[{"name":"wp","href":"https:\/\/api.w.org\/{rel}","templated":true}]}}