{"id":72,"date":"2023-05-20T11:30:34","date_gmt":"2023-05-20T11:30:34","guid":{"rendered":"https:\/\/finragdolls.net.wp2.kotisivut.com\/wordpress\/?page_id=72"},"modified":"2024-11-14T12:35:37","modified_gmt":"2024-11-14T12:35:37","slug":"ragshop","status":"publish","type":"page","link":"https:\/\/finragdolls.net\/index.php\/ragshop\/","title":{"rendered":"Ragshop"},"content":{"rendered":"\n<h2 class=\"wp-block-heading\">Ragshop<\/h2>\n\n\n\n<div class=\"inherit-container-width wp-block-group is-layout-constrained wp-container-core-group-is-layout-b6e7b98c wp-block-group-is-layout-constrained\" style=\"padding-right:0;padding-left:0\">\n<div class=\"wp-block-columns is-layout-flex wp-container-core-columns-is-layout-28f84493 wp-block-columns-is-layout-flex\">\n<div class=\"wp-block-column is-layout-flow wp-block-column-is-layout-flow\" style=\"flex-basis:50%\">\n<p>Tervetuloa Suomen Ragdoll-kissayhdistyksen nettikauppaan!<\/p>\n\n\n\n<p>Kaikki myynnin tuotto menee yhdistyksen kassaan. <br>Kiitos kannatuksesta.<br><\/p>\n\n\n\n<p>Tilaus tehd\u00e4\u00e4n\u00a0<strong><a href=\"https:\/\/docs.google.com\/forms\/d\/e\/1FAIpQLSc8yaJ8qFkptYILK7FGT6mTpXeNc6_4K5s2GQUgpYSfQ1xZ3w\/viewform?usp=pp_url\" target=\"_blank\" rel=\"noreferrer noopener\">Tilauslomakkeella.<\/a>\u00a0\u00a0<\/strong>Tarkistamme varastotilanteen mahdollisimman pian ja l\u00e4het\u00e4mme s\u00e4hk\u00f6postilla vahvistuksen ja laskun.<strong>\u00a0HUOM! Vastauspostimme menee usein roskapostiin. Kurkkaathan sielt\u00e4kin!<\/strong><br>Maksu tapahtuu\u00a0lomakkeella ilmoitetulla\u00a0tavalla. Toimitus kirjeen\u00e4\/postipakettina, mutta on my\u00f6s mahdollisuus hakea tuotteet erikseen sovitusta paikasta esim. n\u00e4yttelyst\u00e4.<\/p>\n\n\n\n<div style=\"height:29px\" aria-hidden=\"true\" class=\"wp-block-spacer\"><\/div>\n\n\n\n<p><strong>Yhteystiedot<\/strong><br><a href=\"mailto:ragshop@finragdolls.net\">ragshop@finragdolls.net<\/a><br>045 178 7828<\/p>\n<\/div>\n\n\n\n<div class=\"wp-block-column is-layout-flow wp-block-column-is-layout-flow\" style=\"flex-basis:20px\"><\/div>\n\n\n\n<div class=\"wp-block-column is-layout-flow wp-block-column-is-layout-flow\" style=\"flex-basis:33.33%\">\n<div class=\"wp-block-buttons is-layout-flex wp-block-buttons-is-layout-flex\">\n<div class=\"wp-block-button\"><a class=\"wp-block-button__link wp-element-button\" href=\"https:\/\/docs.google.com\/forms\/d\/e\/1FAIpQLSc8yaJ8qFkptYILK7FGT6mTpXeNc6_4K5s2GQUgpYSfQ1xZ3w\/viewform\" target=\"_blank\" rel=\"noreferrer noopener\">Tilaa t\u00e4st\u00e4!<\/a><\/div>\n<\/div>\n\n\n\n<div style=\"height:52px\" aria-hidden=\"true\" class=\"wp-block-spacer\"><\/div>\n\n\n\nngg_shortcode_0_placeholder\n<\/div>\n<\/div>\n<\/div>\n\n\n\n<div class=\"inherit-container-width wp-block-group is-layout-constrained wp-container-core-group-is-layout-b6e7b98c wp-block-group-is-layout-constrained\" style=\"padding-right:0;padding-left:0\">\n<div class=\"wp-block-columns is-layout-flex wp-container-core-columns-is-layout-28f84493 wp-block-columns-is-layout-flex\">\n<div class=\"wp-block-column is-layout-flow wp-block-column-is-layout-flow\" style=\"flex-basis:50%\"><\/div>\n\n\n\n<div class=\"wp-block-column is-layout-flow wp-block-column-is-layout-flow\" style=\"flex-basis:20px\"><\/div>\n\n\n\n<div class=\"wp-block-column is-layout-flow wp-block-column-is-layout-flow\" style=\"flex-basis:33.33%\"><\/div>\n<\/div>\n<\/div>\n\n\n\n<p><\/p>\n","protected":false},"excerpt":{"rendered":"<p>Ragshop Tervetuloa Suomen Ragdoll-kissayhdistyksen nettikauppaan! Kaikki myynnin tuotto menee yhdistyksen kassaan. Kiitos kannatuksesta. Tilaus tehd\u00e4\u00e4n\u00a0Tilauslomakkeella.\u00a0\u00a0Tarkistamme varastotilanteen mahdollisimman pian ja l\u00e4het\u00e4mme s\u00e4hk\u00f6postilla vahvistuksen ja laskun.\u00a0HUOM! Vastauspostimme menee usein roskapostiin. Kurkkaathan sielt\u00e4kin!Maksu tapahtuu\u00a0lomakkeella ilmoitetulla\u00a0tavalla. Toimitus kirjeen\u00e4\/postipakettina, mutta on my\u00f6s mahdollisuus hakea tuotteet erikseen sovitusta paikasta esim. n\u00e4yttelyst\u00e4. Yhteystiedotragshop@finragdolls.net045 178 7828<\/p>\n","protected":false},"author":2,"featured_media":0,"parent":0,"menu_order":0,"comment_status":"closed","ping_status":"closed","template":"","meta":{"site-sidebar-layout":"default","site-content-layout":"","ast-site-content-layout":"default","site-content-style":"default","site-sidebar-style":"default","ast-global-header-display":"","ast-banner-title-visibility":"","ast-main-header-display":"","ast-hfb-above-header-display":"","ast-hfb-below-header-display":"","ast-hfb-mobile-header-display":"","site-post-title":"","ast-breadcrumbs-content":"","ast-featured-img":"","footer-sml-layout":"","ast-disable-related-posts":"","theme-transparent-header-meta":"","adv-header-id-meta":"","stick-header-meta":"","header-above-stick-meta":"","header-main-stick-meta":"","header-below-stick-meta":"","astra-migrate-meta-layouts":"set","ast-page-background-enabled":"default","ast-page-background-meta":{"desktop":{"background-color":"var(--ast-global-color-4)","background-image":"","background-repeat":"repeat","background-position":"center center","background-size":"auto","background-attachment":"scroll","background-type":"","background-media":"","overlay-type":"","overlay-color":"","overlay-opacity":"","overlay-gradient":""},"tablet":{"background-color":"","background-image":"","background-repeat":"repeat","background-position":"center center","background-size":"auto","background-attachment":"scroll","background-type":"","background-media":"","overlay-type":"","overlay-color":"","overlay-opacity":"","overlay-gradient":""},"mobile":{"background-color":"","background-image":"","background-repeat":"repeat","background-position":"center center","background-size":"auto","background-attachment":"scroll","background-type":"","background-media":"","overlay-type":"","overlay-color":"","overlay-opacity":"","overlay-gradient":""}},"ast-content-background-meta":{"desktop":{"background-color":"var(--ast-global-color-5)","background-image":"","background-repeat":"repeat","background-position":"center center","background-size":"auto","background-attachment":"scroll","background-type":"","background-media":"","overlay-type":"","overlay-color":"","overlay-opacity":"","overlay-gradient":""},"tablet":{"background-color":"var(--ast-global-color-5)","background-image":"","background-repeat":"repeat","background-position":"center center","background-size":"auto","background-attachment":"scroll","background-type":"","background-media":"","overlay-type":"","overlay-color":"","overlay-opacity":"","overlay-gradient":""},"mobile":{"background-color":"var(--ast-global-color-5)","background-image":"","background-repeat":"repeat","background-position":"center center","background-size":"auto","background-attachment":"scroll","background-type":"","background-media":"","overlay-type":"","overlay-color":"","overlay-opacity":"","overlay-gradient":""}},"ngg_post_thumbnail":0,"footnotes":""},"class_list":["post-72","page","type-page","status-publish","hentry"],"_links":{"self":[{"href":"https:\/\/finragdolls.net\/index.php\/wp-json\/wp\/v2\/pages\/72","targetHints":{"allow":["GET"]}}],"collection":[{"href":"https:\/\/finragdolls.net\/index.php\/wp-json\/wp\/v2\/pages"}],"about":[{"href":"https:\/\/finragdolls.net\/index.php\/wp-json\/wp\/v2\/types\/page"}],"author":[{"embeddable":true,"href":"https:\/\/finragdolls.net\/index.php\/wp-json\/wp\/v2\/users\/2"}],"replies":[{"embeddable":true,"href":"https:\/\/finragdolls.net\/index.php\/wp-json\/wp\/v2\/comments?post=72"}],"version-history":[{"count":35,"href":"https:\/\/finragdolls.net\/index.php\/wp-json\/wp\/v2\/pages\/72\/revisions"}],"predecessor-version":[{"id":2087,"href":"https:\/\/finragdolls.net\/index.php\/wp-json\/wp\/v2\/pages\/72\/revisions\/2087"}],"wp:attachment":[{"href":"https:\/\/finragdolls.net\/index.php\/wp-json\/wp\/v2\/media?parent=72"}],"curies":[{"name":"wp","href":"https:\/\/api.w.org\/{rel}","templated":true}]}}